{"id":6088,"date":"2024-07-02T17:30:32","date_gmt":"2024-07-02T15:30:32","guid":{"rendered":"https:\/\/sklep-test.techpcit.pl\/?post_type=product&#038;p=6088"},"modified":"2025-12-13T16:46:54","modified_gmt":"2025-12-13T15:46:54","slug":"koszula-kaplanska-klasyczna-niebieska-kratka-krotki-rekaw","status":"publish","type":"product","link":"https:\/\/koszulekaplanskie.com.pl\/?product=koszula-kaplanska-klasyczna-niebieska-kratka-krotki-rekaw","title":{"rendered":"Koszula kap\u0142a\u0144ska KLASYCZNA, r\u0119kaw kr\u00f3tki. Tkanina 60% bawe\u0142ny, kolor niebieska krateczka."},"content":{"rendered":"<p>Koszula kap\u0142a\u0144ska\u00a0 model KLASYCZNY z ko\u0142nierzykiem pod koloratk\u0119 z\u00a0kr\u00f3tkim r\u0119kawem. Tkanina 60% bawe\u0142ny, kolor niebieska krateczka.<\/p>\n<p><strong>Koloratka w zestawie gratis!<\/strong><\/p>\n<p>&nbsp;<\/p>\n<p><strong>Zawarto\u015b\u0107 paczki:<\/strong><br \/>\n&#8211; Koszula<br \/>\n&#8211; Koloratka<\/p>\n<p>&nbsp;<\/p>\n<p><strong>Charakterystyka<\/strong>:<br \/>\nModel KLASYCZNY jest przeznaczony dla os\u00f3b lubi\u0105cych swobod\u0119 ruchu. Koszula kolor niebieski (kratka) z kr\u00f3tkim r\u0119kawem, ko\u0142nierzy pod koloratk\u0119, guziki kryte plis\u0105 . <strong>Pozna\u0144ska firma KARO Regina Polak producent<\/strong> koszul kap\u0142a\u0144skich poleca koszule dla ksi\u0119dza uszyte z tkanin o zawarto\u015bci 100%, 70% oraz 60% bawe\u0142ny. Koszule szyjemy z tkanin pozyskiwanych tylko od sprawdzonych dostawc\u00f3w. Tkaniny te ciesz\u0105 si\u0119 du\u017cym uznaniem w\u015br\u00f3d klient\u00f3w z uwagi na ich jako\u015b\u0107, \u0142atwo\u015b\u0107 w praniu oraz bezproblemowym prasowaniu.<\/p>\n<p>&nbsp;<\/p>\n<p><strong>U\u017cytkowanie oraz prasowanie:<br \/>\n<\/strong>Koszul\u0119 nale\u017cy pra\u0107 w og\u00f3lnie dost\u0119pnych \u015brodkach pior\u0105cych, przeznaczonych dla kolorowych tkanin, w temperaturze oko\u0142o 40 stopni, mo\u017cna pra\u0107 r\u0119cznie lub w automacie. Przed rozwieszeniem do suszenia zaleca si\u0119 rozprostowanie koszuli poprzez energiczne strzepni\u0119cie a nast\u0119pnie koszule nale\u017cy rozwiesi\u0107 najlepiej na wieszaku w przewiewnym miejscu. Tak wysuszona koszula nie sprawi k\u0142opotu podczas prasownia.<\/p>\n","protected":false},"excerpt":{"rendered":"<p>Koszula kap\u0142a\u0144ska KLASYCZNA z koloratk\u0105. Kr\u00f3tki r\u0119kaw, ko\u0142nierzyk pod koloratk\u0119, guziki kryte plis\u0105.<\/p>\n","protected":false},"featured_media":14052,"comment_status":"open","ping_status":"closed","template":"","meta":[],"product_brand":[],"product_cat":[40,42,39],"product_tag":[],"class_list":{"0":"post-6088","1":"product","2":"type-product","3":"status-publish","4":"has-post-thumbnail","6":"product_cat-koszule-kaplanskie-classic","7":"product_cat-produkt-spersonalizowany","8":"product_cat-krotki-rekaw","10":"first","11":"instock","12":"featured","13":"shipping-taxable","14":"purchasable","15":"product-type-variable","16":"add-to-wishlist-after_add_to_cart"},"yoast_head":"<!-- This site is optimized with the Yoast SEO plugin v27.4 - https:\/\/yoast.com\/product\/yoast-seo-wordpress\/ -->\n<title>Koszula kap\u0142a\u0144ska KLASYCZNA, r\u0119kaw kr\u00f3tki. Tkanina 60% bawe\u0142ny, kolor niebieska krateczka. - Odzie\u017c dla ksi\u0119\u017cy i duchownych<\/title>\n<meta name=\"description\" content=\"Koszula kap\u0142a\u0144ska dla duchownych, kolor niebieski kratka, kr\u00f3j klasyczny, kr\u00f3tki r\u0119kaw, koloratka w zestawie. 100 %, 70% i 60% baw\u0142ena.\" \/>\n<meta name=\"robots\" content=\"index, follow, max-snippet:-1, max-image-preview:large, max-video-preview:-1\" \/>\n<link rel=\"canonical\" href=\"https:\/\/koszulekaplanskie.com.pl\/?product=koszula-kaplanska-klasyczna-niebieska-kratka-krotki-rekaw\" \/>\n<meta property=\"og:locale\" content=\"pl_PL\" \/>\n<meta property=\"og:type\" content=\"article\" \/>\n<meta property=\"og:title\" content=\"Koszula kap\u0142a\u0144ska KLASYCZNA, r\u0119kaw kr\u00f3tki. Tkanina 60% bawe\u0142ny, kolor niebieska krateczka. - Odzie\u017c dla ksi\u0119\u017cy i duchownych\" \/>\n<meta property=\"og:description\" content=\"Koszula kap\u0142a\u0144ska dla duchownych, kolor niebieski kratka, kr\u00f3j klasyczny, kr\u00f3tki r\u0119kaw, koloratka w zestawie. 100 %, 70% i 60% baw\u0142ena.\" \/>\n<meta property=\"og:url\" content=\"https:\/\/koszulekaplanskie.com.pl\/?product=koszula-kaplanska-klasyczna-niebieska-kratka-krotki-rekaw\" \/>\n<meta property=\"og:site_name\" content=\"Odzie\u017c dla ksi\u0119\u017cy i duchownych\" \/>\n<meta property=\"article:modified_time\" content=\"2025-12-13T15:46:54+00:00\" \/>\n<meta property=\"og:image\" content=\"https:\/\/koszulekaplanskie.com.pl\/wp-content\/uploads\/2024\/07\/IMG_6352-kopia-\u2014-kopia-906x1024.png\" \/>\n\t<meta property=\"og:image:width\" content=\"906\" \/>\n\t<meta property=\"og:image:height\" content=\"1024\" \/>\n\t<meta property=\"og:image:type\" content=\"image\/png\" \/>\n<meta name=\"twitter:card\" content=\"summary_large_image\" \/>\n<meta name=\"twitter:label1\" content=\"Szacowany czas czytania\" \/>\n\t<meta name=\"twitter:data1\" content=\"2 minuty\" \/>\n<script type=\"application\/ld+json\" class=\"yoast-schema-graph\">{\"@context\":\"https:\\\/\\\/schema.org\",\"@graph\":[{\"@type\":\"WebPage\",\"@id\":\"https:\\\/\\\/koszulekaplanskie.com.pl\\\/?product=koszula-kaplanska-klasyczna-niebieska-kratka-krotki-rekaw\",\"url\":\"https:\\\/\\\/koszulekaplanskie.com.pl\\\/?product=koszula-kaplanska-klasyczna-niebieska-kratka-krotki-rekaw\",\"name\":\"Koszula kap\u0142a\u0144ska KLASYCZNA, r\u0119kaw kr\u00f3tki. Tkanina 60% bawe\u0142ny, kolor niebieska krateczka. - Odzie\u017c dla ksi\u0119\u017cy i duchownych\",\"isPartOf\":{\"@id\":\"https:\\\/\\\/koszulekaplanskie.com.pl\\\/#website\"},\"primaryImageOfPage\":{\"@id\":\"https:\\\/\\\/koszulekaplanskie.com.pl\\\/?product=koszula-kaplanska-klasyczna-niebieska-kratka-krotki-rekaw#primaryimage\"},\"image\":{\"@id\":\"https:\\\/\\\/koszulekaplanskie.com.pl\\\/?product=koszula-kaplanska-klasyczna-niebieska-kratka-krotki-rekaw#primaryimage\"},\"thumbnailUrl\":\"https:\\\/\\\/koszulekaplanskie.com.pl\\\/wp-content\\\/uploads\\\/2024\\\/07\\\/IMG_6352-kopia-\u2014-kopia.png\",\"datePublished\":\"2024-07-02T15:30:32+00:00\",\"dateModified\":\"2025-12-13T15:46:54+00:00\",\"description\":\"Koszula kap\u0142a\u0144ska dla duchownych, kolor niebieski kratka, kr\u00f3j klasyczny, kr\u00f3tki r\u0119kaw, koloratka w zestawie. 100 %, 70% i 60% baw\u0142ena.\",\"breadcrumb\":{\"@id\":\"https:\\\/\\\/koszulekaplanskie.com.pl\\\/?product=koszula-kaplanska-klasyczna-niebieska-kratka-krotki-rekaw#breadcrumb\"},\"inLanguage\":\"pl-PL\",\"potentialAction\":[{\"@type\":\"ReadAction\",\"target\":[\"https:\\\/\\\/koszulekaplanskie.com.pl\\\/?product=koszula-kaplanska-klasyczna-niebieska-kratka-krotki-rekaw\"]}]},{\"@type\":\"ImageObject\",\"inLanguage\":\"pl-PL\",\"@id\":\"https:\\\/\\\/koszulekaplanskie.com.pl\\\/?product=koszula-kaplanska-klasyczna-niebieska-kratka-krotki-rekaw#primaryimage\",\"url\":\"https:\\\/\\\/koszulekaplanskie.com.pl\\\/wp-content\\\/uploads\\\/2024\\\/07\\\/IMG_6352-kopia-\u2014-kopia.png\",\"contentUrl\":\"https:\\\/\\\/koszulekaplanskie.com.pl\\\/wp-content\\\/uploads\\\/2024\\\/07\\\/IMG_6352-kopia-\u2014-kopia.png\",\"width\":1080,\"height\":1220},{\"@type\":\"BreadcrumbList\",\"@id\":\"https:\\\/\\\/koszulekaplanskie.com.pl\\\/?product=koszula-kaplanska-klasyczna-niebieska-kratka-krotki-rekaw#breadcrumb\",\"itemListElement\":[{\"@type\":\"ListItem\",\"position\":1,\"name\":\"Strona g\u0142\u00f3wna\",\"item\":\"https:\\\/\\\/koszulekaplanskie.com.pl\\\/\"},{\"@type\":\"ListItem\",\"position\":2,\"name\":\"Sklep\",\"item\":\"https:\\\/\\\/koszulekaplanskie.com.pl\\\/?page_id=383\"},{\"@type\":\"ListItem\",\"position\":3,\"name\":\"Koszula kap\u0142a\u0144ska KLASYCZNA, r\u0119kaw kr\u00f3tki. Tkanina 60% bawe\u0142ny, kolor niebieska krateczka.\"}]},{\"@type\":\"WebSite\",\"@id\":\"https:\\\/\\\/koszulekaplanskie.com.pl\\\/#website\",\"url\":\"https:\\\/\\\/koszulekaplanskie.com.pl\\\/\",\"name\":\"Koszule Kap\u0142a\u0144skie - KARO Regina Polak\",\"description\":\"Firma KARO prowadzi sprzeda\u017c i szycie koszul kap\u0142a\u0144skich dla ksi\u0119\u017cy\",\"publisher\":{\"@id\":\"https:\\\/\\\/koszulekaplanskie.com.pl\\\/#organization\"},\"alternateName\":\"Koszule Kap\u0142a\u0144skie dla ksi\u0119\u017cy i os\u00f3b duchownych\",\"potentialAction\":[{\"@type\":\"SearchAction\",\"target\":{\"@type\":\"EntryPoint\",\"urlTemplate\":\"https:\\\/\\\/koszulekaplanskie.com.pl\\\/?s={search_term_string}\"},\"query-input\":{\"@type\":\"PropertyValueSpecification\",\"valueRequired\":true,\"valueName\":\"search_term_string\"}}],\"inLanguage\":\"pl-PL\"},{\"@type\":\"Organization\",\"@id\":\"https:\\\/\\\/koszulekaplanskie.com.pl\\\/#organization\",\"name\":\"Koszule Kap\u0142a\u0144skie - KARO Regina Polak\",\"url\":\"https:\\\/\\\/koszulekaplanskie.com.pl\\\/\",\"logo\":{\"@type\":\"ImageObject\",\"inLanguage\":\"pl-PL\",\"@id\":\"https:\\\/\\\/koszulekaplanskie.com.pl\\\/#\\\/schema\\\/logo\\\/image\\\/\",\"url\":\"https:\\\/\\\/koszulekaplanskie.com.pl\\\/wp-content\\\/uploads\\\/2024\\\/07\\\/karo-logo-3.png\",\"contentUrl\":\"https:\\\/\\\/koszulekaplanskie.com.pl\\\/wp-content\\\/uploads\\\/2024\\\/07\\\/karo-logo-3.png\",\"width\":180,\"height\":98,\"caption\":\"Koszule Kap\u0142a\u0144skie - KARO Regina Polak\"},\"image\":{\"@id\":\"https:\\\/\\\/koszulekaplanskie.com.pl\\\/#\\\/schema\\\/logo\\\/image\\\/\"}}]}<\/script>\n<!-- \/ Yoast SEO plugin. -->","yoast_head_json":{"title":"Koszula kap\u0142a\u0144ska KLASYCZNA, r\u0119kaw kr\u00f3tki. Tkanina 60% bawe\u0142ny, kolor niebieska krateczka. - Odzie\u017c dla ksi\u0119\u017cy i duchownych","description":"Koszula kap\u0142a\u0144ska dla duchownych, kolor niebieski kratka, kr\u00f3j klasyczny, kr\u00f3tki r\u0119kaw, koloratka w zestawie. 100 %, 70% i 60% baw\u0142ena.","robots":{"index":"index","follow":"follow","max-snippet":"max-snippet:-1","max-image-preview":"max-image-preview:large","max-video-preview":"max-video-preview:-1"},"canonical":"https:\/\/koszulekaplanskie.com.pl\/?product=koszula-kaplanska-klasyczna-niebieska-kratka-krotki-rekaw","og_locale":"pl_PL","og_type":"article","og_title":"Koszula kap\u0142a\u0144ska KLASYCZNA, r\u0119kaw kr\u00f3tki. Tkanina 60% bawe\u0142ny, kolor niebieska krateczka. - Odzie\u017c dla ksi\u0119\u017cy i duchownych","og_description":"Koszula kap\u0142a\u0144ska dla duchownych, kolor niebieski kratka, kr\u00f3j klasyczny, kr\u00f3tki r\u0119kaw, koloratka w zestawie. 100 %, 70% i 60% baw\u0142ena.","og_url":"https:\/\/koszulekaplanskie.com.pl\/?product=koszula-kaplanska-klasyczna-niebieska-kratka-krotki-rekaw","og_site_name":"Odzie\u017c dla ksi\u0119\u017cy i duchownych","article_modified_time":"2025-12-13T15:46:54+00:00","og_image":[{"width":906,"height":1024,"url":"https:\/\/koszulekaplanskie.com.pl\/wp-content\/uploads\/2024\/07\/IMG_6352-kopia-\u2014-kopia-906x1024.png","type":"image\/png"}],"twitter_card":"summary_large_image","twitter_misc":{"Szacowany czas czytania":"2 minuty"},"schema":{"@context":"https:\/\/schema.org","@graph":[{"@type":"WebPage","@id":"https:\/\/koszulekaplanskie.com.pl\/?product=koszula-kaplanska-klasyczna-niebieska-kratka-krotki-rekaw","url":"https:\/\/koszulekaplanskie.com.pl\/?product=koszula-kaplanska-klasyczna-niebieska-kratka-krotki-rekaw","name":"Koszula kap\u0142a\u0144ska KLASYCZNA, r\u0119kaw kr\u00f3tki. Tkanina 60% bawe\u0142ny, kolor niebieska krateczka. - Odzie\u017c dla ksi\u0119\u017cy i duchownych","isPartOf":{"@id":"https:\/\/koszulekaplanskie.com.pl\/#website"},"primaryImageOfPage":{"@id":"https:\/\/koszulekaplanskie.com.pl\/?product=koszula-kaplanska-klasyczna-niebieska-kratka-krotki-rekaw#primaryimage"},"image":{"@id":"https:\/\/koszulekaplanskie.com.pl\/?product=koszula-kaplanska-klasyczna-niebieska-kratka-krotki-rekaw#primaryimage"},"thumbnailUrl":"https:\/\/koszulekaplanskie.com.pl\/wp-content\/uploads\/2024\/07\/IMG_6352-kopia-\u2014-kopia.png","datePublished":"2024-07-02T15:30:32+00:00","dateModified":"2025-12-13T15:46:54+00:00","description":"Koszula kap\u0142a\u0144ska dla duchownych, kolor niebieski kratka, kr\u00f3j klasyczny, kr\u00f3tki r\u0119kaw, koloratka w zestawie. 100 %, 70% i 60% baw\u0142ena.","breadcrumb":{"@id":"https:\/\/koszulekaplanskie.com.pl\/?product=koszula-kaplanska-klasyczna-niebieska-kratka-krotki-rekaw#breadcrumb"},"inLanguage":"pl-PL","potentialAction":[{"@type":"ReadAction","target":["https:\/\/koszulekaplanskie.com.pl\/?product=koszula-kaplanska-klasyczna-niebieska-kratka-krotki-rekaw"]}]},{"@type":"ImageObject","inLanguage":"pl-PL","@id":"https:\/\/koszulekaplanskie.com.pl\/?product=koszula-kaplanska-klasyczna-niebieska-kratka-krotki-rekaw#primaryimage","url":"https:\/\/koszulekaplanskie.com.pl\/wp-content\/uploads\/2024\/07\/IMG_6352-kopia-\u2014-kopia.png","contentUrl":"https:\/\/koszulekaplanskie.com.pl\/wp-content\/uploads\/2024\/07\/IMG_6352-kopia-\u2014-kopia.png","width":1080,"height":1220},{"@type":"BreadcrumbList","@id":"https:\/\/koszulekaplanskie.com.pl\/?product=koszula-kaplanska-klasyczna-niebieska-kratka-krotki-rekaw#breadcrumb","itemListElement":[{"@type":"ListItem","position":1,"name":"Strona g\u0142\u00f3wna","item":"https:\/\/koszulekaplanskie.com.pl\/"},{"@type":"ListItem","position":2,"name":"Sklep","item":"https:\/\/koszulekaplanskie.com.pl\/?page_id=383"},{"@type":"ListItem","position":3,"name":"Koszula kap\u0142a\u0144ska KLASYCZNA, r\u0119kaw kr\u00f3tki. Tkanina 60% bawe\u0142ny, kolor niebieska krateczka."}]},{"@type":"WebSite","@id":"https:\/\/koszulekaplanskie.com.pl\/#website","url":"https:\/\/koszulekaplanskie.com.pl\/","name":"Koszule Kap\u0142a\u0144skie - KARO Regina Polak","description":"Firma KARO prowadzi sprzeda\u017c i szycie koszul kap\u0142a\u0144skich dla ksi\u0119\u017cy","publisher":{"@id":"https:\/\/koszulekaplanskie.com.pl\/#organization"},"alternateName":"Koszule Kap\u0142a\u0144skie dla ksi\u0119\u017cy i os\u00f3b duchownych","potentialAction":[{"@type":"SearchAction","target":{"@type":"EntryPoint","urlTemplate":"https:\/\/koszulekaplanskie.com.pl\/?s={search_term_string}"},"query-input":{"@type":"PropertyValueSpecification","valueRequired":true,"valueName":"search_term_string"}}],"inLanguage":"pl-PL"},{"@type":"Organization","@id":"https:\/\/koszulekaplanskie.com.pl\/#organization","name":"Koszule Kap\u0142a\u0144skie - KARO Regina Polak","url":"https:\/\/koszulekaplanskie.com.pl\/","logo":{"@type":"ImageObject","inLanguage":"pl-PL","@id":"https:\/\/koszulekaplanskie.com.pl\/#\/schema\/logo\/image\/","url":"https:\/\/koszulekaplanskie.com.pl\/wp-content\/uploads\/2024\/07\/karo-logo-3.png","contentUrl":"https:\/\/koszulekaplanskie.com.pl\/wp-content\/uploads\/2024\/07\/karo-logo-3.png","width":180,"height":98,"caption":"Koszule Kap\u0142a\u0144skie - KARO Regina Polak"},"image":{"@id":"https:\/\/koszulekaplanskie.com.pl\/#\/schema\/logo\/image\/"}}]}},"_links":{"self":[{"href":"https:\/\/koszulekaplanskie.com.pl\/index.php?rest_route=\/wp\/v2\/product\/6088","targetHints":{"allow":["GET"]}}],"collection":[{"href":"https:\/\/koszulekaplanskie.com.pl\/index.php?rest_route=\/wp\/v2\/product"}],"about":[{"href":"https:\/\/koszulekaplanskie.com.pl\/index.php?rest_route=\/wp\/v2\/types\/product"}],"replies":[{"embeddable":true,"href":"https:\/\/koszulekaplanskie.com.pl\/index.php?rest_route=%2Fwp%2Fv2%2Fcomments&post=6088"}],"wp:featuredmedia":[{"embeddable":true,"href":"https:\/\/koszulekaplanskie.com.pl\/index.php?rest_route=\/wp\/v2\/media\/14052"}],"wp:attachment":[{"href":"https:\/\/koszulekaplanskie.com.pl\/index.php?rest_route=%2Fwp%2Fv2%2Fmedia&parent=6088"}],"wp:term":[{"taxonomy":"product_brand","embeddable":true,"href":"https:\/\/koszulekaplanskie.com.pl\/index.php?rest_route=%2Fwp%2Fv2%2Fproduct_brand&post=6088"},{"taxonomy":"product_cat","embeddable":true,"href":"https:\/\/koszulekaplanskie.com.pl\/index.php?rest_route=%2Fwp%2Fv2%2Fproduct_cat&post=6088"},{"taxonomy":"product_tag","embeddable":true,"href":"https:\/\/koszulekaplanskie.com.pl\/index.php?rest_route=%2Fwp%2Fv2%2Fproduct_tag&post=6088"}],"curies":[{"name":"wp","href":"https:\/\/api.w.org\/{rel}","templated":true}]}}