{"id":4421,"date":"2024-06-30T21:44:58","date_gmt":"2024-06-30T19:44:58","guid":{"rendered":"https:\/\/sklep-test.techpcit.pl\/?post_type=product&#038;p=4421"},"modified":"2026-02-05T20:42:03","modified_gmt":"2026-02-05T19:42:03","slug":"koszula-kaplanska-klasyczna-kolor-bialy-rekaw-krotki","status":"publish","type":"product","link":"https:\/\/koszulekaplanskie.com.pl\/?product=koszula-kaplanska-klasyczna-kolor-bialy-rekaw-krotki","title":{"rendered":"Koszula kap\u0142a\u0144ska KLASYCZNA, r\u0119kaw kr\u00f3tki. Tkanina 70% bawe\u0142ny (OXFORD), tkanina w kolorze bia\u0142ym"},"content":{"rendered":"<p>Koszula kap\u0142a\u0144ska z kr\u00f3tkim r\u0119kawem uszyta z tkaniny OXFORD 70%baw\/40%pol. kolor bia\u0142y.<\/p>\n<p><strong>Koloratka\u00a0 gratis!<\/strong><\/p>\n<p>&nbsp;<\/p>\n<p><strong>Zawarto\u015b\u0107 paczki:<\/strong><br \/>\n&#8211; Koszula<br \/>\n&#8211; Koloratka<\/p>\n<p>&nbsp;<\/p>\n<p><strong>Charakterystyka<\/strong>:<br \/>\nModel KLASYCZNY jest przeznaczony dla os\u00f3b lubi\u0105cych swobod\u0119 ruchu. Koszula kolor bia\u0142y z kr\u00f3tkim r\u0119kawem, ko\u0142nierzyk pod koloratk\u0119, guziki kryte plis\u0105 . <strong>Pozna\u0144ska firma KARO Regina Polak producent<\/strong> koszul kap\u0142a\u0144skich poleca koszule dla ksi\u0119dza uszyte z tkanin o zawarto\u015bci 100%, 70% oraz 60% bawe\u0142ny. Koszule szyjemy z tkanin pozyskiwanych tylko od sprawdzonych dostawc\u00f3w. Tkaniny te ciesz\u0105 si\u0119 du\u017cym uznaniem w\u015br\u00f3d klient\u00f3w z uwagi na ich jako\u015b\u0107, \u0142atwo\u015b\u0107 w praniu oraz bezproblemowym prasowaniu.<\/p>\n<p>&nbsp;<\/p>\n<p><strong>U\u017cytkowanie oraz prasowanie:<br \/>\n<\/strong>Koszul\u0119 nale\u017cy pra\u0107 w og\u00f3lnie dost\u0119pnych \u015brodkach pior\u0105cych, przeznaczonych dla bia\u0142ych tkanin, w temperaturze oko\u0142o 40 stopni, mo\u017cna pra\u0107 r\u0119cznie lub w automacie. Przed rozwieszeniem do suszenia zaleca si\u0119 rozprostowanie koszuli poprzez energiczne strzepni\u0119cie a nast\u0119pnie koszule nale\u017cy rozwiesi\u0107 najlepiej na wieszaku w przewiewnym miejscu. Tak wysuszona koszula nie sprawi k\u0142opotu podczas prasownia.<\/p>\n","protected":false},"excerpt":{"rendered":"<p>Koszula wykonana z tkaniny OXFORD to produkt, kt\u00f3ry charakteryzuje si\u0119 przewiewno\u015bci\u0105 i komfortem noszenia zar\u00f3wno latem jak i w ch\u0142odniejsze dni.<\/p>\n<p><strong>Koloratka\u00a0 gratis!<\/strong><\/p>\n","protected":false},"featured_media":1782,"comment_status":"open","ping_status":"closed","template":"","meta":[],"product_brand":[],"product_cat":[40,42,39],"product_tag":[],"class_list":{"0":"post-4421","1":"product","2":"type-product","3":"status-publish","4":"has-post-thumbnail","6":"product_cat-koszule-kaplanskie-classic","7":"product_cat-produkt-spersonalizowany","8":"product_cat-krotki-rekaw","10":"first","11":"instock","12":"featured","13":"shipping-taxable","14":"purchasable","15":"product-type-variable","16":"add-to-wishlist-after_add_to_cart"},"yoast_head":"<!-- This site is optimized with the Yoast SEO plugin v27.4 - https:\/\/yoast.com\/product\/yoast-seo-wordpress\/ -->\n<title>Koszula kap\u0142a\u0144ska KLASYCZNA, r\u0119kaw kr\u00f3tki. Tkanina 70% bawe\u0142ny (OXFORD), tkanina w kolorze bia\u0142ym - Odzie\u017c dla ksi\u0119\u017cy i duchownych<\/title>\n<meta name=\"robots\" content=\"index, follow, max-snippet:-1, max-image-preview:large, max-video-preview:-1\" \/>\n<link rel=\"canonical\" href=\"https:\/\/koszulekaplanskie.com.pl\/?product=koszula-kaplanska-klasyczna-kolor-bialy-rekaw-krotki\" \/>\n<meta property=\"og:locale\" content=\"pl_PL\" \/>\n<meta property=\"og:type\" content=\"article\" \/>\n<meta property=\"og:title\" content=\"Koszula kap\u0142a\u0144ska KLASYCZNA, r\u0119kaw kr\u00f3tki. Tkanina 70% bawe\u0142ny (OXFORD), tkanina w kolorze bia\u0142ym - Odzie\u017c dla ksi\u0119\u017cy i duchownych\" \/>\n<meta property=\"og:description\" content=\"Koszula wykonana z tkaniny OXFORD to produkt, kt\u00f3ry charakteryzuje si\u0119 przewiewno\u015bci\u0105 i komfortem noszenia zar\u00f3wno latem jak i w ch\u0142odniejsze dni.  Koloratka\u00a0 gratis!\" \/>\n<meta property=\"og:url\" content=\"https:\/\/koszulekaplanskie.com.pl\/?product=koszula-kaplanska-klasyczna-kolor-bialy-rekaw-krotki\" \/>\n<meta property=\"og:site_name\" content=\"Odzie\u017c dla ksi\u0119\u017cy i duchownych\" \/>\n<meta property=\"article:modified_time\" content=\"2026-02-05T19:42:03+00:00\" \/>\n<meta property=\"og:image\" content=\"https:\/\/koszulekaplanskie.com.pl\/wp-content\/uploads\/2024\/06\/578e8dee4c9d62d0e30eaad8625bac5a.png\" \/>\n\t<meta property=\"og:image:width\" content=\"1000\" \/>\n\t<meta property=\"og:image:height\" content=\"1143\" \/>\n\t<meta property=\"og:image:type\" content=\"image\/png\" \/>\n<meta name=\"twitter:card\" content=\"summary_large_image\" \/>\n<meta name=\"twitter:label1\" content=\"Szacowany czas czytania\" \/>\n\t<meta name=\"twitter:data1\" content=\"2 minuty\" \/>\n<script type=\"application\/ld+json\" class=\"yoast-schema-graph\">{\"@context\":\"https:\\\/\\\/schema.org\",\"@graph\":[{\"@type\":\"WebPage\",\"@id\":\"https:\\\/\\\/koszulekaplanskie.com.pl\\\/?product=koszula-kaplanska-klasyczna-kolor-bialy-rekaw-krotki\",\"url\":\"https:\\\/\\\/koszulekaplanskie.com.pl\\\/?product=koszula-kaplanska-klasyczna-kolor-bialy-rekaw-krotki\",\"name\":\"Koszula kap\u0142a\u0144ska KLASYCZNA, r\u0119kaw kr\u00f3tki. Tkanina 70% bawe\u0142ny (OXFORD), tkanina w kolorze bia\u0142ym - Odzie\u017c dla ksi\u0119\u017cy i duchownych\",\"isPartOf\":{\"@id\":\"https:\\\/\\\/koszulekaplanskie.com.pl\\\/#website\"},\"primaryImageOfPage\":{\"@id\":\"https:\\\/\\\/koszulekaplanskie.com.pl\\\/?product=koszula-kaplanska-klasyczna-kolor-bialy-rekaw-krotki#primaryimage\"},\"image\":{\"@id\":\"https:\\\/\\\/koszulekaplanskie.com.pl\\\/?product=koszula-kaplanska-klasyczna-kolor-bialy-rekaw-krotki#primaryimage\"},\"thumbnailUrl\":\"https:\\\/\\\/koszulekaplanskie.com.pl\\\/wp-content\\\/uploads\\\/2024\\\/06\\\/578e8dee4c9d62d0e30eaad8625bac5a.png\",\"datePublished\":\"2024-06-30T19:44:58+00:00\",\"dateModified\":\"2026-02-05T19:42:03+00:00\",\"breadcrumb\":{\"@id\":\"https:\\\/\\\/koszulekaplanskie.com.pl\\\/?product=koszula-kaplanska-klasyczna-kolor-bialy-rekaw-krotki#breadcrumb\"},\"inLanguage\":\"pl-PL\",\"potentialAction\":[{\"@type\":\"ReadAction\",\"target\":[\"https:\\\/\\\/koszulekaplanskie.com.pl\\\/?product=koszula-kaplanska-klasyczna-kolor-bialy-rekaw-krotki\"]}]},{\"@type\":\"ImageObject\",\"inLanguage\":\"pl-PL\",\"@id\":\"https:\\\/\\\/koszulekaplanskie.com.pl\\\/?product=koszula-kaplanska-klasyczna-kolor-bialy-rekaw-krotki#primaryimage\",\"url\":\"https:\\\/\\\/koszulekaplanskie.com.pl\\\/wp-content\\\/uploads\\\/2024\\\/06\\\/578e8dee4c9d62d0e30eaad8625bac5a.png\",\"contentUrl\":\"https:\\\/\\\/koszulekaplanskie.com.pl\\\/wp-content\\\/uploads\\\/2024\\\/06\\\/578e8dee4c9d62d0e30eaad8625bac5a.png\",\"width\":1000,\"height\":1143},{\"@type\":\"BreadcrumbList\",\"@id\":\"https:\\\/\\\/koszulekaplanskie.com.pl\\\/?product=koszula-kaplanska-klasyczna-kolor-bialy-rekaw-krotki#breadcrumb\",\"itemListElement\":[{\"@type\":\"ListItem\",\"position\":1,\"name\":\"Strona g\u0142\u00f3wna\",\"item\":\"https:\\\/\\\/koszulekaplanskie.com.pl\\\/\"},{\"@type\":\"ListItem\",\"position\":2,\"name\":\"Sklep\",\"item\":\"https:\\\/\\\/koszulekaplanskie.com.pl\\\/?page_id=383\"},{\"@type\":\"ListItem\",\"position\":3,\"name\":\"Koszula kap\u0142a\u0144ska KLASYCZNA, r\u0119kaw kr\u00f3tki. Tkanina 70% bawe\u0142ny (OXFORD), tkanina w kolorze bia\u0142ym\"}]},{\"@type\":\"WebSite\",\"@id\":\"https:\\\/\\\/koszulekaplanskie.com.pl\\\/#website\",\"url\":\"https:\\\/\\\/koszulekaplanskie.com.pl\\\/\",\"name\":\"Koszule Kap\u0142a\u0144skie - KARO Regina Polak\",\"description\":\"Firma KARO prowadzi sprzeda\u017c i szycie koszul kap\u0142a\u0144skich dla ksi\u0119\u017cy\",\"publisher\":{\"@id\":\"https:\\\/\\\/koszulekaplanskie.com.pl\\\/#organization\"},\"alternateName\":\"Koszule Kap\u0142a\u0144skie dla ksi\u0119\u017cy i os\u00f3b duchownych\",\"potentialAction\":[{\"@type\":\"SearchAction\",\"target\":{\"@type\":\"EntryPoint\",\"urlTemplate\":\"https:\\\/\\\/koszulekaplanskie.com.pl\\\/?s={search_term_string}\"},\"query-input\":{\"@type\":\"PropertyValueSpecification\",\"valueRequired\":true,\"valueName\":\"search_term_string\"}}],\"inLanguage\":\"pl-PL\"},{\"@type\":\"Organization\",\"@id\":\"https:\\\/\\\/koszulekaplanskie.com.pl\\\/#organization\",\"name\":\"Koszule Kap\u0142a\u0144skie - KARO Regina Polak\",\"url\":\"https:\\\/\\\/koszulekaplanskie.com.pl\\\/\",\"logo\":{\"@type\":\"ImageObject\",\"inLanguage\":\"pl-PL\",\"@id\":\"https:\\\/\\\/koszulekaplanskie.com.pl\\\/#\\\/schema\\\/logo\\\/image\\\/\",\"url\":\"https:\\\/\\\/koszulekaplanskie.com.pl\\\/wp-content\\\/uploads\\\/2024\\\/07\\\/karo-logo-3.png\",\"contentUrl\":\"https:\\\/\\\/koszulekaplanskie.com.pl\\\/wp-content\\\/uploads\\\/2024\\\/07\\\/karo-logo-3.png\",\"width\":180,\"height\":98,\"caption\":\"Koszule Kap\u0142a\u0144skie - KARO Regina Polak\"},\"image\":{\"@id\":\"https:\\\/\\\/koszulekaplanskie.com.pl\\\/#\\\/schema\\\/logo\\\/image\\\/\"}}]}<\/script>\n<!-- \/ Yoast SEO plugin. -->","yoast_head_json":{"title":"Koszula kap\u0142a\u0144ska KLASYCZNA, r\u0119kaw kr\u00f3tki. Tkanina 70% bawe\u0142ny (OXFORD), tkanina w kolorze bia\u0142ym - Odzie\u017c dla ksi\u0119\u017cy i duchownych","robots":{"index":"index","follow":"follow","max-snippet":"max-snippet:-1","max-image-preview":"max-image-preview:large","max-video-preview":"max-video-preview:-1"},"canonical":"https:\/\/koszulekaplanskie.com.pl\/?product=koszula-kaplanska-klasyczna-kolor-bialy-rekaw-krotki","og_locale":"pl_PL","og_type":"article","og_title":"Koszula kap\u0142a\u0144ska KLASYCZNA, r\u0119kaw kr\u00f3tki. Tkanina 70% bawe\u0142ny (OXFORD), tkanina w kolorze bia\u0142ym - Odzie\u017c dla ksi\u0119\u017cy i duchownych","og_description":"Koszula wykonana z tkaniny OXFORD to produkt, kt\u00f3ry charakteryzuje si\u0119 przewiewno\u015bci\u0105 i komfortem noszenia zar\u00f3wno latem jak i w ch\u0142odniejsze dni.  Koloratka\u00a0 gratis!","og_url":"https:\/\/koszulekaplanskie.com.pl\/?product=koszula-kaplanska-klasyczna-kolor-bialy-rekaw-krotki","og_site_name":"Odzie\u017c dla ksi\u0119\u017cy i duchownych","article_modified_time":"2026-02-05T19:42:03+00:00","og_image":[{"width":1000,"height":1143,"url":"https:\/\/koszulekaplanskie.com.pl\/wp-content\/uploads\/2024\/06\/578e8dee4c9d62d0e30eaad8625bac5a.png","type":"image\/png"}],"twitter_card":"summary_large_image","twitter_misc":{"Szacowany czas czytania":"2 minuty"},"schema":{"@context":"https:\/\/schema.org","@graph":[{"@type":"WebPage","@id":"https:\/\/koszulekaplanskie.com.pl\/?product=koszula-kaplanska-klasyczna-kolor-bialy-rekaw-krotki","url":"https:\/\/koszulekaplanskie.com.pl\/?product=koszula-kaplanska-klasyczna-kolor-bialy-rekaw-krotki","name":"Koszula kap\u0142a\u0144ska KLASYCZNA, r\u0119kaw kr\u00f3tki. Tkanina 70% bawe\u0142ny (OXFORD), tkanina w kolorze bia\u0142ym - Odzie\u017c dla ksi\u0119\u017cy i duchownych","isPartOf":{"@id":"https:\/\/koszulekaplanskie.com.pl\/#website"},"primaryImageOfPage":{"@id":"https:\/\/koszulekaplanskie.com.pl\/?product=koszula-kaplanska-klasyczna-kolor-bialy-rekaw-krotki#primaryimage"},"image":{"@id":"https:\/\/koszulekaplanskie.com.pl\/?product=koszula-kaplanska-klasyczna-kolor-bialy-rekaw-krotki#primaryimage"},"thumbnailUrl":"https:\/\/koszulekaplanskie.com.pl\/wp-content\/uploads\/2024\/06\/578e8dee4c9d62d0e30eaad8625bac5a.png","datePublished":"2024-06-30T19:44:58+00:00","dateModified":"2026-02-05T19:42:03+00:00","breadcrumb":{"@id":"https:\/\/koszulekaplanskie.com.pl\/?product=koszula-kaplanska-klasyczna-kolor-bialy-rekaw-krotki#breadcrumb"},"inLanguage":"pl-PL","potentialAction":[{"@type":"ReadAction","target":["https:\/\/koszulekaplanskie.com.pl\/?product=koszula-kaplanska-klasyczna-kolor-bialy-rekaw-krotki"]}]},{"@type":"ImageObject","inLanguage":"pl-PL","@id":"https:\/\/koszulekaplanskie.com.pl\/?product=koszula-kaplanska-klasyczna-kolor-bialy-rekaw-krotki#primaryimage","url":"https:\/\/koszulekaplanskie.com.pl\/wp-content\/uploads\/2024\/06\/578e8dee4c9d62d0e30eaad8625bac5a.png","contentUrl":"https:\/\/koszulekaplanskie.com.pl\/wp-content\/uploads\/2024\/06\/578e8dee4c9d62d0e30eaad8625bac5a.png","width":1000,"height":1143},{"@type":"BreadcrumbList","@id":"https:\/\/koszulekaplanskie.com.pl\/?product=koszula-kaplanska-klasyczna-kolor-bialy-rekaw-krotki#breadcrumb","itemListElement":[{"@type":"ListItem","position":1,"name":"Strona g\u0142\u00f3wna","item":"https:\/\/koszulekaplanskie.com.pl\/"},{"@type":"ListItem","position":2,"name":"Sklep","item":"https:\/\/koszulekaplanskie.com.pl\/?page_id=383"},{"@type":"ListItem","position":3,"name":"Koszula kap\u0142a\u0144ska KLASYCZNA, r\u0119kaw kr\u00f3tki. Tkanina 70% bawe\u0142ny (OXFORD), tkanina w kolorze bia\u0142ym"}]},{"@type":"WebSite","@id":"https:\/\/koszulekaplanskie.com.pl\/#website","url":"https:\/\/koszulekaplanskie.com.pl\/","name":"Koszule Kap\u0142a\u0144skie - KARO Regina Polak","description":"Firma KARO prowadzi sprzeda\u017c i szycie koszul kap\u0142a\u0144skich dla ksi\u0119\u017cy","publisher":{"@id":"https:\/\/koszulekaplanskie.com.pl\/#organization"},"alternateName":"Koszule Kap\u0142a\u0144skie dla ksi\u0119\u017cy i os\u00f3b duchownych","potentialAction":[{"@type":"SearchAction","target":{"@type":"EntryPoint","urlTemplate":"https:\/\/koszulekaplanskie.com.pl\/?s={search_term_string}"},"query-input":{"@type":"PropertyValueSpecification","valueRequired":true,"valueName":"search_term_string"}}],"inLanguage":"pl-PL"},{"@type":"Organization","@id":"https:\/\/koszulekaplanskie.com.pl\/#organization","name":"Koszule Kap\u0142a\u0144skie - KARO Regina Polak","url":"https:\/\/koszulekaplanskie.com.pl\/","logo":{"@type":"ImageObject","inLanguage":"pl-PL","@id":"https:\/\/koszulekaplanskie.com.pl\/#\/schema\/logo\/image\/","url":"https:\/\/koszulekaplanskie.com.pl\/wp-content\/uploads\/2024\/07\/karo-logo-3.png","contentUrl":"https:\/\/koszulekaplanskie.com.pl\/wp-content\/uploads\/2024\/07\/karo-logo-3.png","width":180,"height":98,"caption":"Koszule Kap\u0142a\u0144skie - KARO Regina Polak"},"image":{"@id":"https:\/\/koszulekaplanskie.com.pl\/#\/schema\/logo\/image\/"}}]}},"_links":{"self":[{"href":"https:\/\/koszulekaplanskie.com.pl\/index.php?rest_route=\/wp\/v2\/product\/4421","targetHints":{"allow":["GET"]}}],"collection":[{"href":"https:\/\/koszulekaplanskie.com.pl\/index.php?rest_route=\/wp\/v2\/product"}],"about":[{"href":"https:\/\/koszulekaplanskie.com.pl\/index.php?rest_route=\/wp\/v2\/types\/product"}],"replies":[{"embeddable":true,"href":"https:\/\/koszulekaplanskie.com.pl\/index.php?rest_route=%2Fwp%2Fv2%2Fcomments&post=4421"}],"wp:featuredmedia":[{"embeddable":true,"href":"https:\/\/koszulekaplanskie.com.pl\/index.php?rest_route=\/wp\/v2\/media\/1782"}],"wp:attachment":[{"href":"https:\/\/koszulekaplanskie.com.pl\/index.php?rest_route=%2Fwp%2Fv2%2Fmedia&parent=4421"}],"wp:term":[{"taxonomy":"product_brand","embeddable":true,"href":"https:\/\/koszulekaplanskie.com.pl\/index.php?rest_route=%2Fwp%2Fv2%2Fproduct_brand&post=4421"},{"taxonomy":"product_cat","embeddable":true,"href":"https:\/\/koszulekaplanskie.com.pl\/index.php?rest_route=%2Fwp%2Fv2%2Fproduct_cat&post=4421"},{"taxonomy":"product_tag","embeddable":true,"href":"https:\/\/koszulekaplanskie.com.pl\/index.php?rest_route=%2Fwp%2Fv2%2Fproduct_tag&post=4421"}],"curies":[{"name":"wp","href":"https:\/\/api.w.org\/{rel}","templated":true}]}}