{"id":13028,"date":"2024-07-24T14:12:29","date_gmt":"2024-07-24T12:12:29","guid":{"rendered":"https:\/\/koszulekaplanskie.com.pl\/?post_type=product&#038;p=13028"},"modified":"2026-02-16T09:48:12","modified_gmt":"2026-02-16T08:48:12","slug":"pudelko-opakowanie-na-prezent","status":"publish","type":"product","link":"https:\/\/koszulekaplanskie.com.pl\/?product=pudelko-opakowanie-na-prezent","title":{"rendered":"Pude\u0142ko z okienkiem do koszul ."},"content":{"rendered":"<div class=\"flex flex-grow flex-col max-w-full\">\n<div class=\"min-h-[20px] text-message flex w-full flex-col items-end gap-2 whitespace-pre-wrap break-words [.text-message+&amp;]:mt-5 overflow-x-auto\" dir=\"auto\" data-message-author-role=\"assistant\" data-message-id=\"315e751a-1066-4875-a3c6-49b1c9a940bc\">\n<div class=\"flex w-full flex-col gap-1 empty:hidden first:pt-[3px]\">\n<div class=\"markdown prose w-full break-words dark:prose-invert light\">\n<p><strong>Pude\u0142ko na Prezent do Koszuli<\/strong><\/p>\n<p>Przedstawiamy eleganckie pude\u0142ko na prezent do koszuli \u2013 idealny spos\u00f3b, aby doda\u0107 wyj\u0105tkowego\u00a0 wygl\u0105du Twojemu upominkowi!<\/p>\n<p>Nasze pude\u0142ko zosta\u0142o zaprojektowane z my\u015bl\u0105 o estetyce i funkcjonalno\u015bci. Dzi\u0119ki klasycznemu designowi i wysokiej jako\u015bci materia\u0142om, pude\u0142ko bardzo \u0142adnie si\u0119 prezentuje z koszul\u0105.<\/p>\n<p>To nie tylko praktyczne opakowanie, ale r\u00f3wnie\u017c doskona\u0142y pomys\u0142 na prezent, kt\u00f3ry z pewno\u015bci\u0105 zrobi wra\u017cenie na obdarowanej osobie. Pude\u0142ko jest wytrzyma\u0142e, a jednocze\u015bnie lekkie, co u\u0142atwia jego transport i przechowywanie. Wybierz nasze pude\u0142ko na prezent do koszuli, aby ka\u017cdy prezent nabra\u0142 wyj\u0105tkowego charakteru. Idealne na ka\u017cd\u0105 okazj\u0119 \u2013 urodziny, \u015bwi\u0119ta, rocznice, czy inne wa\u017cne momenty w \u017cyciu.<\/p>\n<p>&nbsp;<\/p>\n<p><em><strong>Spraw, aby Tw\u00f3j prezent by\u0142 jeszcze bardziej niezapomniany z naszym eleganckim pude\u0142kiem!<\/strong><\/em><\/p>\n<\/div>\n<\/div>\n<\/div>\n<\/div>\n<div class=\"mt-1 flex gap-3 empty:hidden -ml-2\">\n<div class=\"items-center justify-start rounded-xl p-1 flex\">\n<div class=\"flex items-center\"><\/div>\n<\/div>\n<\/div>\n","protected":false},"excerpt":{"rendered":"<p><strong>Eleganckie pude\u0142ko<\/strong> <strong>na prezent<\/strong> do koszuli to doskona\u0142y pomys\u0142 na wyj\u0105tkowy upominek. \u015awietnie komponuje si\u0119 z koszulami, podkre\u015blaj\u0105c ich styl i klas\u0119. Idealne na ka\u017cd\u0105 okazj\u0119 \u2013 urodziny, \u015bwi\u0119ta, rocznice.<\/p>\n<p>Wybierz nasze pude\u0142ko, aby Tw\u00f3j prezent zawsze robi\u0142 wra\u017cenie!<\/p>\n","protected":false},"featured_media":1134,"comment_status":"open","ping_status":"closed","template":"","meta":[],"product_brand":[],"product_cat":[40,32,38,37,36,39],"product_tag":[],"class_list":{"0":"post-13028","1":"product","2":"type-product","3":"status-publish","4":"has-post-thumbnail","6":"product_cat-koszule-kaplanskie-classic","7":"product_cat-koszule-kaplanskie-slim","8":"product_cat-na-guziki","9":"product_cat-na-spinke","10":"product_cat-rekaw-dlugi","11":"product_cat-krotki-rekaw","13":"first","14":"instock","15":"featured","16":"shipping-taxable","17":"purchasable","18":"product-type-variable","19":"has-default-attributes","20":"add-to-wishlist-after_add_to_cart"},"yoast_head":"<!-- This site is optimized with the Yoast SEO plugin v27.4 - https:\/\/yoast.com\/product\/yoast-seo-wordpress\/ -->\n<title>Pude\u0142ko z okienkiem do koszul . - Odzie\u017c dla ksi\u0119\u017cy i duchownych<\/title>\n<meta name=\"description\" content=\"Elegancki pude\u0142ko z okienkiem na prezent do koszuli.\" \/>\n<meta name=\"robots\" content=\"index, follow, max-snippet:-1, max-image-preview:large, max-video-preview:-1\" \/>\n<link rel=\"canonical\" href=\"https:\/\/koszulekaplanskie.com.pl\/?product=pudelko-opakowanie-na-prezent\" \/>\n<meta property=\"og:locale\" content=\"pl_PL\" \/>\n<meta property=\"og:type\" content=\"article\" \/>\n<meta property=\"og:title\" content=\"Pude\u0142ko z okienkiem do koszul . - Odzie\u017c dla ksi\u0119\u017cy i duchownych\" \/>\n<meta property=\"og:description\" content=\"Elegancki pude\u0142ko z okienkiem na prezent do koszuli.\" \/>\n<meta property=\"og:url\" content=\"https:\/\/koszulekaplanskie.com.pl\/?product=pudelko-opakowanie-na-prezent\" \/>\n<meta property=\"og:site_name\" content=\"Odzie\u017c dla ksi\u0119\u017cy i duchownych\" \/>\n<meta property=\"article:modified_time\" content=\"2026-02-16T08:48:12+00:00\" \/>\n<meta property=\"og:image\" content=\"https:\/\/koszulekaplanskie.com.pl\/wp-content\/uploads\/2024\/06\/fdaf01c5d5aa55100558beb36fda038c.png\" \/>\n\t<meta property=\"og:image:width\" content=\"1000\" \/>\n\t<meta property=\"og:image:height\" content=\"1241\" \/>\n\t<meta property=\"og:image:type\" content=\"image\/png\" \/>\n<meta name=\"twitter:card\" content=\"summary_large_image\" \/>\n<meta name=\"twitter:label1\" content=\"Szacowany czas czytania\" \/>\n\t<meta name=\"twitter:data1\" content=\"1 minuta\" \/>\n<script type=\"application\/ld+json\" class=\"yoast-schema-graph\">{\"@context\":\"https:\\\/\\\/schema.org\",\"@graph\":[{\"@type\":\"WebPage\",\"@id\":\"https:\\\/\\\/koszulekaplanskie.com.pl\\\/?product=pudelko-opakowanie-na-prezent\",\"url\":\"https:\\\/\\\/koszulekaplanskie.com.pl\\\/?product=pudelko-opakowanie-na-prezent\",\"name\":\"Pude\u0142ko z okienkiem do koszul . - Odzie\u017c dla ksi\u0119\u017cy i duchownych\",\"isPartOf\":{\"@id\":\"https:\\\/\\\/koszulekaplanskie.com.pl\\\/#website\"},\"primaryImageOfPage\":{\"@id\":\"https:\\\/\\\/koszulekaplanskie.com.pl\\\/?product=pudelko-opakowanie-na-prezent#primaryimage\"},\"image\":{\"@id\":\"https:\\\/\\\/koszulekaplanskie.com.pl\\\/?product=pudelko-opakowanie-na-prezent#primaryimage\"},\"thumbnailUrl\":\"https:\\\/\\\/koszulekaplanskie.com.pl\\\/wp-content\\\/uploads\\\/2024\\\/06\\\/fdaf01c5d5aa55100558beb36fda038c.png\",\"datePublished\":\"2024-07-24T12:12:29+00:00\",\"dateModified\":\"2026-02-16T08:48:12+00:00\",\"description\":\"Elegancki pude\u0142ko z okienkiem na prezent do koszuli.\",\"breadcrumb\":{\"@id\":\"https:\\\/\\\/koszulekaplanskie.com.pl\\\/?product=pudelko-opakowanie-na-prezent#breadcrumb\"},\"inLanguage\":\"pl-PL\",\"potentialAction\":[{\"@type\":\"ReadAction\",\"target\":[\"https:\\\/\\\/koszulekaplanskie.com.pl\\\/?product=pudelko-opakowanie-na-prezent\"]}]},{\"@type\":\"ImageObject\",\"inLanguage\":\"pl-PL\",\"@id\":\"https:\\\/\\\/koszulekaplanskie.com.pl\\\/?product=pudelko-opakowanie-na-prezent#primaryimage\",\"url\":\"https:\\\/\\\/koszulekaplanskie.com.pl\\\/wp-content\\\/uploads\\\/2024\\\/06\\\/fdaf01c5d5aa55100558beb36fda038c.png\",\"contentUrl\":\"https:\\\/\\\/koszulekaplanskie.com.pl\\\/wp-content\\\/uploads\\\/2024\\\/06\\\/fdaf01c5d5aa55100558beb36fda038c.png\",\"width\":1000,\"height\":1241},{\"@type\":\"BreadcrumbList\",\"@id\":\"https:\\\/\\\/koszulekaplanskie.com.pl\\\/?product=pudelko-opakowanie-na-prezent#breadcrumb\",\"itemListElement\":[{\"@type\":\"ListItem\",\"position\":1,\"name\":\"Strona g\u0142\u00f3wna\",\"item\":\"https:\\\/\\\/koszulekaplanskie.com.pl\\\/\"},{\"@type\":\"ListItem\",\"position\":2,\"name\":\"Sklep\",\"item\":\"https:\\\/\\\/koszulekaplanskie.com.pl\\\/?page_id=383\"},{\"@type\":\"ListItem\",\"position\":3,\"name\":\"Pude\u0142ko z okienkiem do koszul .\"}]},{\"@type\":\"WebSite\",\"@id\":\"https:\\\/\\\/koszulekaplanskie.com.pl\\\/#website\",\"url\":\"https:\\\/\\\/koszulekaplanskie.com.pl\\\/\",\"name\":\"Koszule Kap\u0142a\u0144skie - KARO Regina Polak\",\"description\":\"Firma KARO prowadzi sprzeda\u017c i szycie koszul kap\u0142a\u0144skich dla ksi\u0119\u017cy\",\"publisher\":{\"@id\":\"https:\\\/\\\/koszulekaplanskie.com.pl\\\/#organization\"},\"alternateName\":\"Koszule Kap\u0142a\u0144skie dla ksi\u0119\u017cy i os\u00f3b duchownych\",\"potentialAction\":[{\"@type\":\"SearchAction\",\"target\":{\"@type\":\"EntryPoint\",\"urlTemplate\":\"https:\\\/\\\/koszulekaplanskie.com.pl\\\/?s={search_term_string}\"},\"query-input\":{\"@type\":\"PropertyValueSpecification\",\"valueRequired\":true,\"valueName\":\"search_term_string\"}}],\"inLanguage\":\"pl-PL\"},{\"@type\":\"Organization\",\"@id\":\"https:\\\/\\\/koszulekaplanskie.com.pl\\\/#organization\",\"name\":\"Koszule Kap\u0142a\u0144skie - KARO Regina Polak\",\"url\":\"https:\\\/\\\/koszulekaplanskie.com.pl\\\/\",\"logo\":{\"@type\":\"ImageObject\",\"inLanguage\":\"pl-PL\",\"@id\":\"https:\\\/\\\/koszulekaplanskie.com.pl\\\/#\\\/schema\\\/logo\\\/image\\\/\",\"url\":\"https:\\\/\\\/koszulekaplanskie.com.pl\\\/wp-content\\\/uploads\\\/2024\\\/07\\\/karo-logo-3.png\",\"contentUrl\":\"https:\\\/\\\/koszulekaplanskie.com.pl\\\/wp-content\\\/uploads\\\/2024\\\/07\\\/karo-logo-3.png\",\"width\":180,\"height\":98,\"caption\":\"Koszule Kap\u0142a\u0144skie - KARO Regina Polak\"},\"image\":{\"@id\":\"https:\\\/\\\/koszulekaplanskie.com.pl\\\/#\\\/schema\\\/logo\\\/image\\\/\"}}]}<\/script>\n<!-- \/ Yoast SEO plugin. -->","yoast_head_json":{"title":"Pude\u0142ko z okienkiem do koszul . - Odzie\u017c dla ksi\u0119\u017cy i duchownych","description":"Elegancki pude\u0142ko z okienkiem na prezent do koszuli.","robots":{"index":"index","follow":"follow","max-snippet":"max-snippet:-1","max-image-preview":"max-image-preview:large","max-video-preview":"max-video-preview:-1"},"canonical":"https:\/\/koszulekaplanskie.com.pl\/?product=pudelko-opakowanie-na-prezent","og_locale":"pl_PL","og_type":"article","og_title":"Pude\u0142ko z okienkiem do koszul . - Odzie\u017c dla ksi\u0119\u017cy i duchownych","og_description":"Elegancki pude\u0142ko z okienkiem na prezent do koszuli.","og_url":"https:\/\/koszulekaplanskie.com.pl\/?product=pudelko-opakowanie-na-prezent","og_site_name":"Odzie\u017c dla ksi\u0119\u017cy i duchownych","article_modified_time":"2026-02-16T08:48:12+00:00","og_image":[{"width":1000,"height":1241,"url":"https:\/\/koszulekaplanskie.com.pl\/wp-content\/uploads\/2024\/06\/fdaf01c5d5aa55100558beb36fda038c.png","type":"image\/png"}],"twitter_card":"summary_large_image","twitter_misc":{"Szacowany czas czytania":"1 minuta"},"schema":{"@context":"https:\/\/schema.org","@graph":[{"@type":"WebPage","@id":"https:\/\/koszulekaplanskie.com.pl\/?product=pudelko-opakowanie-na-prezent","url":"https:\/\/koszulekaplanskie.com.pl\/?product=pudelko-opakowanie-na-prezent","name":"Pude\u0142ko z okienkiem do koszul . - Odzie\u017c dla ksi\u0119\u017cy i duchownych","isPartOf":{"@id":"https:\/\/koszulekaplanskie.com.pl\/#website"},"primaryImageOfPage":{"@id":"https:\/\/koszulekaplanskie.com.pl\/?product=pudelko-opakowanie-na-prezent#primaryimage"},"image":{"@id":"https:\/\/koszulekaplanskie.com.pl\/?product=pudelko-opakowanie-na-prezent#primaryimage"},"thumbnailUrl":"https:\/\/koszulekaplanskie.com.pl\/wp-content\/uploads\/2024\/06\/fdaf01c5d5aa55100558beb36fda038c.png","datePublished":"2024-07-24T12:12:29+00:00","dateModified":"2026-02-16T08:48:12+00:00","description":"Elegancki pude\u0142ko z okienkiem na prezent do koszuli.","breadcrumb":{"@id":"https:\/\/koszulekaplanskie.com.pl\/?product=pudelko-opakowanie-na-prezent#breadcrumb"},"inLanguage":"pl-PL","potentialAction":[{"@type":"ReadAction","target":["https:\/\/koszulekaplanskie.com.pl\/?product=pudelko-opakowanie-na-prezent"]}]},{"@type":"ImageObject","inLanguage":"pl-PL","@id":"https:\/\/koszulekaplanskie.com.pl\/?product=pudelko-opakowanie-na-prezent#primaryimage","url":"https:\/\/koszulekaplanskie.com.pl\/wp-content\/uploads\/2024\/06\/fdaf01c5d5aa55100558beb36fda038c.png","contentUrl":"https:\/\/koszulekaplanskie.com.pl\/wp-content\/uploads\/2024\/06\/fdaf01c5d5aa55100558beb36fda038c.png","width":1000,"height":1241},{"@type":"BreadcrumbList","@id":"https:\/\/koszulekaplanskie.com.pl\/?product=pudelko-opakowanie-na-prezent#breadcrumb","itemListElement":[{"@type":"ListItem","position":1,"name":"Strona g\u0142\u00f3wna","item":"https:\/\/koszulekaplanskie.com.pl\/"},{"@type":"ListItem","position":2,"name":"Sklep","item":"https:\/\/koszulekaplanskie.com.pl\/?page_id=383"},{"@type":"ListItem","position":3,"name":"Pude\u0142ko z okienkiem do koszul ."}]},{"@type":"WebSite","@id":"https:\/\/koszulekaplanskie.com.pl\/#website","url":"https:\/\/koszulekaplanskie.com.pl\/","name":"Koszule Kap\u0142a\u0144skie - KARO Regina Polak","description":"Firma KARO prowadzi sprzeda\u017c i szycie koszul kap\u0142a\u0144skich dla ksi\u0119\u017cy","publisher":{"@id":"https:\/\/koszulekaplanskie.com.pl\/#organization"},"alternateName":"Koszule Kap\u0142a\u0144skie dla ksi\u0119\u017cy i os\u00f3b duchownych","potentialAction":[{"@type":"SearchAction","target":{"@type":"EntryPoint","urlTemplate":"https:\/\/koszulekaplanskie.com.pl\/?s={search_term_string}"},"query-input":{"@type":"PropertyValueSpecification","valueRequired":true,"valueName":"search_term_string"}}],"inLanguage":"pl-PL"},{"@type":"Organization","@id":"https:\/\/koszulekaplanskie.com.pl\/#organization","name":"Koszule Kap\u0142a\u0144skie - KARO Regina Polak","url":"https:\/\/koszulekaplanskie.com.pl\/","logo":{"@type":"ImageObject","inLanguage":"pl-PL","@id":"https:\/\/koszulekaplanskie.com.pl\/#\/schema\/logo\/image\/","url":"https:\/\/koszulekaplanskie.com.pl\/wp-content\/uploads\/2024\/07\/karo-logo-3.png","contentUrl":"https:\/\/koszulekaplanskie.com.pl\/wp-content\/uploads\/2024\/07\/karo-logo-3.png","width":180,"height":98,"caption":"Koszule Kap\u0142a\u0144skie - KARO Regina Polak"},"image":{"@id":"https:\/\/koszulekaplanskie.com.pl\/#\/schema\/logo\/image\/"}}]}},"_links":{"self":[{"href":"https:\/\/koszulekaplanskie.com.pl\/index.php?rest_route=\/wp\/v2\/product\/13028","targetHints":{"allow":["GET"]}}],"collection":[{"href":"https:\/\/koszulekaplanskie.com.pl\/index.php?rest_route=\/wp\/v2\/product"}],"about":[{"href":"https:\/\/koszulekaplanskie.com.pl\/index.php?rest_route=\/wp\/v2\/types\/product"}],"replies":[{"embeddable":true,"href":"https:\/\/koszulekaplanskie.com.pl\/index.php?rest_route=%2Fwp%2Fv2%2Fcomments&post=13028"}],"wp:featuredmedia":[{"embeddable":true,"href":"https:\/\/koszulekaplanskie.com.pl\/index.php?rest_route=\/wp\/v2\/media\/1134"}],"wp:attachment":[{"href":"https:\/\/koszulekaplanskie.com.pl\/index.php?rest_route=%2Fwp%2Fv2%2Fmedia&parent=13028"}],"wp:term":[{"taxonomy":"product_brand","embeddable":true,"href":"https:\/\/koszulekaplanskie.com.pl\/index.php?rest_route=%2Fwp%2Fv2%2Fproduct_brand&post=13028"},{"taxonomy":"product_cat","embeddable":true,"href":"https:\/\/koszulekaplanskie.com.pl\/index.php?rest_route=%2Fwp%2Fv2%2Fproduct_cat&post=13028"},{"taxonomy":"product_tag","embeddable":true,"href":"https:\/\/koszulekaplanskie.com.pl\/index.php?rest_route=%2Fwp%2Fv2%2Fproduct_tag&post=13028"}],"curies":[{"name":"wp","href":"https:\/\/api.w.org\/{rel}","templated":true}]}}