{"id":7054,"date":"2024-07-03T12:03:12","date_gmt":"2024-07-03T10:03:12","guid":{"rendered":"https:\/\/sklep-test.techpcit.pl\/?page_id=7054"},"modified":"2024-08-08T09:28:56","modified_gmt":"2024-08-08T07:28:56","slug":"tabele-rozmiarowe","status":"publish","type":"page","link":"https:\/\/koszulekaplanskie.com.pl\/?page_id=7054","title":{"rendered":"Tabele rozmiarowe"},"content":{"rendered":"\t\t<div data-elementor-type=\"wp-page\" data-elementor-id=\"7054\" class=\"elementor elementor-7054\">\n\t\t\t\t<div class=\"elementor-element elementor-element-a1ff23c e-flex e-con-boxed e-con e-parent\" data-id=\"a1ff23c\" data-element_type=\"container\" data-e-type=\"container\">\n\t\t\t\t\t<div class=\"e-con-inner\">\n\t\t\t\t<div class=\"elementor-element elementor-element-c442231 elementor-widget elementor-widget-text-editor\" data-id=\"c442231\" data-element_type=\"widget\" data-e-type=\"widget\" data-widget_type=\"text-editor.default\">\n\t\t\t\t<div class=\"elementor-widget-container\">\n\t\t\t\t\t\t\t\t\t<p>Do ka\u017cdej tabeli nale\u017cy uwzgl\u0119dni\u0107 tolerancj\u0119 +\/- 2 cm do wskazanego wymiaru.<\/p>\t\t\t\t\t\t\t\t<\/div>\n\t\t\t\t<\/div>\n\t\t\t\t\t<\/div>\n\t\t\t\t<\/div>\n\t\t<div class=\"elementor-element elementor-element-d62a45a e-flex e-con-boxed e-con e-parent\" data-id=\"d62a45a\" data-element_type=\"container\" data-e-type=\"container\">\n\t\t\t\t\t<div class=\"e-con-inner\">\n\t\t\t\t<div class=\"elementor-element elementor-element-e380a8f elementor-widget elementor-widget-image\" data-id=\"e380a8f\" data-element_type=\"widget\" data-e-type=\"widget\" data-widget_type=\"image.default\">\n\t\t\t\t<div class=\"elementor-widget-container\">\n\t\t\t\t\t\t\t\t\t\t\t\t\t\t\t<img fetchpriority=\"high\" decoding=\"async\" width=\"825\" height=\"521\" src=\"https:\/\/koszulekaplanskie.com.pl\/wp-content\/uploads\/2024\/06\/tabela-koszul-kaplanskich-model-klasyczna-producent-KARO-Regina-Polak.jpg\" class=\"attachment-large size-large wp-image-1135\" alt=\"\" srcset=\"https:\/\/koszulekaplanskie.com.pl\/wp-content\/uploads\/2024\/06\/tabela-koszul-kaplanskich-model-klasyczna-producent-KARO-Regina-Polak.jpg 825w, https:\/\/koszulekaplanskie.com.pl\/wp-content\/uploads\/2024\/06\/tabela-koszul-kaplanskich-model-klasyczna-producent-KARO-Regina-Polak-300x189.jpg 300w, https:\/\/koszulekaplanskie.com.pl\/wp-content\/uploads\/2024\/06\/tabela-koszul-kaplanskich-model-klasyczna-producent-KARO-Regina-Polak-768x485.jpg 768w, https:\/\/koszulekaplanskie.com.pl\/wp-content\/uploads\/2024\/06\/tabela-koszul-kaplanskich-model-klasyczna-producent-KARO-Regina-Polak-600x379.jpg 600w\" sizes=\"(max-width: 825px) 100vw, 825px\" \/>\t\t\t\t\t\t\t\t\t\t\t\t\t\t\t<\/div>\n\t\t\t\t<\/div>\n\t\t\t\t\t<\/div>\n\t\t\t\t<\/div>\n\t\t<div class=\"elementor-element elementor-element-b1b604a e-flex e-con-boxed e-con e-parent\" data-id=\"b1b604a\" data-element_type=\"container\" data-e-type=\"container\">\n\t\t\t\t\t<div class=\"e-con-inner\">\n\t\t\t\t<div class=\"elementor-element elementor-element-6d123a2 elementor-widget elementor-widget-image\" data-id=\"6d123a2\" data-element_type=\"widget\" data-e-type=\"widget\" data-widget_type=\"image.default\">\n\t\t\t\t<div class=\"elementor-widget-container\">\n\t\t\t\t\t\t\t\t\t\t\t\t\t\t\t<img decoding=\"async\" width=\"825\" height=\"521\" src=\"https:\/\/koszulekaplanskie.com.pl\/wp-content\/uploads\/2024\/06\/tabela-slim.jpg\" class=\"attachment-large size-large wp-image-3925\" alt=\"\" srcset=\"https:\/\/koszulekaplanskie.com.pl\/wp-content\/uploads\/2024\/06\/tabela-slim.jpg 825w, https:\/\/koszulekaplanskie.com.pl\/wp-content\/uploads\/2024\/06\/tabela-slim-300x189.jpg 300w, https:\/\/koszulekaplanskie.com.pl\/wp-content\/uploads\/2024\/06\/tabela-slim-768x485.jpg 768w, https:\/\/koszulekaplanskie.com.pl\/wp-content\/uploads\/2024\/06\/tabela-slim-600x379.jpg 600w\" sizes=\"(max-width: 825px) 100vw, 825px\" \/>\t\t\t\t\t\t\t\t\t\t\t\t\t\t\t<\/div>\n\t\t\t\t<\/div>\n\t\t\t\t\t<\/div>\n\t\t\t\t<\/div>\n\t\t\t\t<\/div>\n\t\t","protected":false},"excerpt":{"rendered":"<p>Do ka\u017cdej tabeli nale\u017cy uwzgl\u0119dni\u0107 tolerancj\u0119 +\/- 2 cm do wskazanego wymiaru.<\/p>\n","protected":false},"author":1,"featured_media":0,"parent":0,"menu_order":0,"comment_status":"closed","ping_status":"closed","template":"","meta":{"footnotes":""},"class_list":["post-7054","page","type-page","status-publish","hentry"],"yoast_head":"<!-- This site is optimized with the Yoast SEO plugin v27.4 - https:\/\/yoast.com\/product\/yoast-seo-wordpress\/ -->\n<title>Tabele rozmiarowe - Odzie\u017c dla ksi\u0119\u017cy i duchownych<\/title>\n<meta name=\"description\" content=\"Tabele rozmiarowe dla koszul SLIM I CLASSIC. Dopasuj swoj\u0105 koszul\u0119 kap\u0142a\u0144sk\u0105 do ulubionego stylu. Dopasuj rozmiar i gotowe.\" \/>\n<meta name=\"robots\" content=\"index, follow, max-snippet:-1, max-image-preview:large, max-video-preview:-1\" \/>\n<link rel=\"canonical\" href=\"https:\/\/koszulekaplanskie.com.pl\/?page_id=7054\" \/>\n<meta property=\"og:locale\" content=\"pl_PL\" \/>\n<meta property=\"og:type\" content=\"article\" \/>\n<meta property=\"og:title\" content=\"Tabele rozmiarowe - Odzie\u017c dla ksi\u0119\u017cy i duchownych\" \/>\n<meta property=\"og:description\" content=\"Tabele rozmiarowe dla koszul SLIM I CLASSIC. Dopasuj swoj\u0105 koszul\u0119 kap\u0142a\u0144sk\u0105 do ulubionego stylu. Dopasuj rozmiar i gotowe.\" \/>\n<meta property=\"og:url\" content=\"https:\/\/koszulekaplanskie.com.pl\/?page_id=7054\" \/>\n<meta property=\"og:site_name\" content=\"Odzie\u017c dla ksi\u0119\u017cy i duchownych\" \/>\n<meta property=\"article:modified_time\" content=\"2024-08-08T07:28:56+00:00\" \/>\n<meta property=\"og:image\" content=\"https:\/\/koszulekaplanskie.com.pl\/wp-content\/uploads\/2024\/06\/tabela-koszul-kaplanskich-model-klasyczna-producent-KARO-Regina-Polak.jpg\" \/>\n<meta name=\"twitter:card\" content=\"summary_large_image\" \/>\n<meta name=\"twitter:label1\" content=\"Szacowany czas czytania\" \/>\n\t<meta name=\"twitter:data1\" content=\"1 minuta\" \/>\n<script type=\"application\/ld+json\" class=\"yoast-schema-graph\">{\"@context\":\"https:\\\/\\\/schema.org\",\"@graph\":[{\"@type\":\"WebPage\",\"@id\":\"https:\\\/\\\/koszulekaplanskie.com.pl\\\/?page_id=7054\",\"url\":\"https:\\\/\\\/koszulekaplanskie.com.pl\\\/?page_id=7054\",\"name\":\"Tabele rozmiarowe - Odzie\u017c dla ksi\u0119\u017cy i duchownych\",\"isPartOf\":{\"@id\":\"https:\\\/\\\/koszulekaplanskie.com.pl\\\/#website\"},\"primaryImageOfPage\":{\"@id\":\"https:\\\/\\\/koszulekaplanskie.com.pl\\\/?page_id=7054#primaryimage\"},\"image\":{\"@id\":\"https:\\\/\\\/koszulekaplanskie.com.pl\\\/?page_id=7054#primaryimage\"},\"thumbnailUrl\":\"https:\\\/\\\/koszulekaplanskie.com.pl\\\/wp-content\\\/uploads\\\/2024\\\/06\\\/tabela-koszul-kaplanskich-model-klasyczna-producent-KARO-Regina-Polak.jpg\",\"datePublished\":\"2024-07-03T10:03:12+00:00\",\"dateModified\":\"2024-08-08T07:28:56+00:00\",\"description\":\"Tabele rozmiarowe dla koszul SLIM I CLASSIC. Dopasuj swoj\u0105 koszul\u0119 kap\u0142a\u0144sk\u0105 do ulubionego stylu. Dopasuj rozmiar i gotowe.\",\"breadcrumb\":{\"@id\":\"https:\\\/\\\/koszulekaplanskie.com.pl\\\/?page_id=7054#breadcrumb\"},\"inLanguage\":\"pl-PL\",\"potentialAction\":[{\"@type\":\"ReadAction\",\"target\":[\"https:\\\/\\\/koszulekaplanskie.com.pl\\\/?page_id=7054\"]}]},{\"@type\":\"ImageObject\",\"inLanguage\":\"pl-PL\",\"@id\":\"https:\\\/\\\/koszulekaplanskie.com.pl\\\/?page_id=7054#primaryimage\",\"url\":\"https:\\\/\\\/koszulekaplanskie.com.pl\\\/wp-content\\\/uploads\\\/2024\\\/06\\\/tabela-koszul-kaplanskich-model-klasyczna-producent-KARO-Regina-Polak.jpg\",\"contentUrl\":\"https:\\\/\\\/koszulekaplanskie.com.pl\\\/wp-content\\\/uploads\\\/2024\\\/06\\\/tabela-koszul-kaplanskich-model-klasyczna-producent-KARO-Regina-Polak.jpg\",\"width\":825,\"height\":521},{\"@type\":\"BreadcrumbList\",\"@id\":\"https:\\\/\\\/koszulekaplanskie.com.pl\\\/?page_id=7054#breadcrumb\",\"itemListElement\":[{\"@type\":\"ListItem\",\"position\":1,\"name\":\"Strona g\u0142\u00f3wna\",\"item\":\"https:\\\/\\\/koszulekaplanskie.com.pl\\\/\"},{\"@type\":\"ListItem\",\"position\":2,\"name\":\"Tabele rozmiarowe\"}]},{\"@type\":\"WebSite\",\"@id\":\"https:\\\/\\\/koszulekaplanskie.com.pl\\\/#website\",\"url\":\"https:\\\/\\\/koszulekaplanskie.com.pl\\\/\",\"name\":\"Koszule Kap\u0142a\u0144skie - KARO Regina Polak\",\"description\":\"Firma KARO prowadzi sprzeda\u017c i szycie koszul kap\u0142a\u0144skich dla ksi\u0119\u017cy\",\"publisher\":{\"@id\":\"https:\\\/\\\/koszulekaplanskie.com.pl\\\/#organization\"},\"alternateName\":\"Koszule Kap\u0142a\u0144skie dla ksi\u0119\u017cy i os\u00f3b duchownych\",\"potentialAction\":[{\"@type\":\"SearchAction\",\"target\":{\"@type\":\"EntryPoint\",\"urlTemplate\":\"https:\\\/\\\/koszulekaplanskie.com.pl\\\/?s={search_term_string}\"},\"query-input\":{\"@type\":\"PropertyValueSpecification\",\"valueRequired\":true,\"valueName\":\"search_term_string\"}}],\"inLanguage\":\"pl-PL\"},{\"@type\":\"Organization\",\"@id\":\"https:\\\/\\\/koszulekaplanskie.com.pl\\\/#organization\",\"name\":\"Koszule Kap\u0142a\u0144skie - KARO Regina Polak\",\"url\":\"https:\\\/\\\/koszulekaplanskie.com.pl\\\/\",\"logo\":{\"@type\":\"ImageObject\",\"inLanguage\":\"pl-PL\",\"@id\":\"https:\\\/\\\/koszulekaplanskie.com.pl\\\/#\\\/schema\\\/logo\\\/image\\\/\",\"url\":\"https:\\\/\\\/koszulekaplanskie.com.pl\\\/wp-content\\\/uploads\\\/2024\\\/07\\\/karo-logo-3.png\",\"contentUrl\":\"https:\\\/\\\/koszulekaplanskie.com.pl\\\/wp-content\\\/uploads\\\/2024\\\/07\\\/karo-logo-3.png\",\"width\":180,\"height\":98,\"caption\":\"Koszule Kap\u0142a\u0144skie - KARO Regina Polak\"},\"image\":{\"@id\":\"https:\\\/\\\/koszulekaplanskie.com.pl\\\/#\\\/schema\\\/logo\\\/image\\\/\"}}]}<\/script>\n<!-- \/ Yoast SEO plugin. -->","yoast_head_json":{"title":"Tabele rozmiarowe - Odzie\u017c dla ksi\u0119\u017cy i duchownych","description":"Tabele rozmiarowe dla koszul SLIM I CLASSIC. Dopasuj swoj\u0105 koszul\u0119 kap\u0142a\u0144sk\u0105 do ulubionego stylu. Dopasuj rozmiar i gotowe.","robots":{"index":"index","follow":"follow","max-snippet":"max-snippet:-1","max-image-preview":"max-image-preview:large","max-video-preview":"max-video-preview:-1"},"canonical":"https:\/\/koszulekaplanskie.com.pl\/?page_id=7054","og_locale":"pl_PL","og_type":"article","og_title":"Tabele rozmiarowe - Odzie\u017c dla ksi\u0119\u017cy i duchownych","og_description":"Tabele rozmiarowe dla koszul SLIM I CLASSIC. Dopasuj swoj\u0105 koszul\u0119 kap\u0142a\u0144sk\u0105 do ulubionego stylu. Dopasuj rozmiar i gotowe.","og_url":"https:\/\/koszulekaplanskie.com.pl\/?page_id=7054","og_site_name":"Odzie\u017c dla ksi\u0119\u017cy i duchownych","article_modified_time":"2024-08-08T07:28:56+00:00","og_image":[{"url":"https:\/\/koszulekaplanskie.com.pl\/wp-content\/uploads\/2024\/06\/tabela-koszul-kaplanskich-model-klasyczna-producent-KARO-Regina-Polak.jpg","type":"","width":"","height":""}],"twitter_card":"summary_large_image","twitter_misc":{"Szacowany czas czytania":"1 minuta"},"schema":{"@context":"https:\/\/schema.org","@graph":[{"@type":"WebPage","@id":"https:\/\/koszulekaplanskie.com.pl\/?page_id=7054","url":"https:\/\/koszulekaplanskie.com.pl\/?page_id=7054","name":"Tabele rozmiarowe - Odzie\u017c dla ksi\u0119\u017cy i duchownych","isPartOf":{"@id":"https:\/\/koszulekaplanskie.com.pl\/#website"},"primaryImageOfPage":{"@id":"https:\/\/koszulekaplanskie.com.pl\/?page_id=7054#primaryimage"},"image":{"@id":"https:\/\/koszulekaplanskie.com.pl\/?page_id=7054#primaryimage"},"thumbnailUrl":"https:\/\/koszulekaplanskie.com.pl\/wp-content\/uploads\/2024\/06\/tabela-koszul-kaplanskich-model-klasyczna-producent-KARO-Regina-Polak.jpg","datePublished":"2024-07-03T10:03:12+00:00","dateModified":"2024-08-08T07:28:56+00:00","description":"Tabele rozmiarowe dla koszul SLIM I CLASSIC. Dopasuj swoj\u0105 koszul\u0119 kap\u0142a\u0144sk\u0105 do ulubionego stylu. Dopasuj rozmiar i gotowe.","breadcrumb":{"@id":"https:\/\/koszulekaplanskie.com.pl\/?page_id=7054#breadcrumb"},"inLanguage":"pl-PL","potentialAction":[{"@type":"ReadAction","target":["https:\/\/koszulekaplanskie.com.pl\/?page_id=7054"]}]},{"@type":"ImageObject","inLanguage":"pl-PL","@id":"https:\/\/koszulekaplanskie.com.pl\/?page_id=7054#primaryimage","url":"https:\/\/koszulekaplanskie.com.pl\/wp-content\/uploads\/2024\/06\/tabela-koszul-kaplanskich-model-klasyczna-producent-KARO-Regina-Polak.jpg","contentUrl":"https:\/\/koszulekaplanskie.com.pl\/wp-content\/uploads\/2024\/06\/tabela-koszul-kaplanskich-model-klasyczna-producent-KARO-Regina-Polak.jpg","width":825,"height":521},{"@type":"BreadcrumbList","@id":"https:\/\/koszulekaplanskie.com.pl\/?page_id=7054#breadcrumb","itemListElement":[{"@type":"ListItem","position":1,"name":"Strona g\u0142\u00f3wna","item":"https:\/\/koszulekaplanskie.com.pl\/"},{"@type":"ListItem","position":2,"name":"Tabele rozmiarowe"}]},{"@type":"WebSite","@id":"https:\/\/koszulekaplanskie.com.pl\/#website","url":"https:\/\/koszulekaplanskie.com.pl\/","name":"Koszule Kap\u0142a\u0144skie - KARO Regina Polak","description":"Firma KARO prowadzi sprzeda\u017c i szycie koszul kap\u0142a\u0144skich dla ksi\u0119\u017cy","publisher":{"@id":"https:\/\/koszulekaplanskie.com.pl\/#organization"},"alternateName":"Koszule Kap\u0142a\u0144skie dla ksi\u0119\u017cy i os\u00f3b duchownych","potentialAction":[{"@type":"SearchAction","target":{"@type":"EntryPoint","urlTemplate":"https:\/\/koszulekaplanskie.com.pl\/?s={search_term_string}"},"query-input":{"@type":"PropertyValueSpecification","valueRequired":true,"valueName":"search_term_string"}}],"inLanguage":"pl-PL"},{"@type":"Organization","@id":"https:\/\/koszulekaplanskie.com.pl\/#organization","name":"Koszule Kap\u0142a\u0144skie - KARO Regina Polak","url":"https:\/\/koszulekaplanskie.com.pl\/","logo":{"@type":"ImageObject","inLanguage":"pl-PL","@id":"https:\/\/koszulekaplanskie.com.pl\/#\/schema\/logo\/image\/","url":"https:\/\/koszulekaplanskie.com.pl\/wp-content\/uploads\/2024\/07\/karo-logo-3.png","contentUrl":"https:\/\/koszulekaplanskie.com.pl\/wp-content\/uploads\/2024\/07\/karo-logo-3.png","width":180,"height":98,"caption":"Koszule Kap\u0142a\u0144skie - KARO Regina Polak"},"image":{"@id":"https:\/\/koszulekaplanskie.com.pl\/#\/schema\/logo\/image\/"}}]}},"_links":{"self":[{"href":"https:\/\/koszulekaplanskie.com.pl\/index.php?rest_route=\/wp\/v2\/pages\/7054","targetHints":{"allow":["GET"]}}],"collection":[{"href":"https:\/\/koszulekaplanskie.com.pl\/index.php?rest_route=\/wp\/v2\/pages"}],"about":[{"href":"https:\/\/koszulekaplanskie.com.pl\/index.php?rest_route=\/wp\/v2\/types\/page"}],"author":[{"embeddable":true,"href":"https:\/\/koszulekaplanskie.com.pl\/index.php?rest_route=\/wp\/v2\/users\/1"}],"replies":[{"embeddable":true,"href":"https:\/\/koszulekaplanskie.com.pl\/index.php?rest_route=%2Fwp%2Fv2%2Fcomments&post=7054"}],"version-history":[{"count":7,"href":"https:\/\/koszulekaplanskie.com.pl\/index.php?rest_route=\/wp\/v2\/pages\/7054\/revisions"}],"predecessor-version":[{"id":14031,"href":"https:\/\/koszulekaplanskie.com.pl\/index.php?rest_route=\/wp\/v2\/pages\/7054\/revisions\/14031"}],"wp:attachment":[{"href":"https:\/\/koszulekaplanskie.com.pl\/index.php?rest_route=%2Fwp%2Fv2%2Fmedia&parent=7054"}],"curies":[{"name":"wp","href":"https:\/\/api.w.org\/{rel}","templated":true}]}}