{"id":384,"date":"2019-04-18T11:07:31","date_gmt":"2019-04-18T11:07:31","guid":{"rendered":"https:\/\/envothemes.com\/envo-ecommerce\/cart\/"},"modified":"2024-05-25T12:28:34","modified_gmt":"2024-05-25T10:28:34","slug":"cart-2","status":"publish","type":"page","link":"https:\/\/koszulekaplanskie.com.pl\/?page_id=384","title":{"rendered":"Koszyk"},"content":{"rendered":"<div class=\"woocommerce\"><div class=\"woocommerce-notices-wrapper\"><\/div><div class=\"wc-empty-cart-message\">\n\t<div class=\"cart-empty woocommerce-info\" role=\"status\">\n\t\tTw\u00f3j koszyk aktualnie jest pusty.\t<\/div>\n<\/div>\t<p class=\"return-to-shop\">\n\t\t<a class=\"button wc-backward\" href=\"https:\/\/koszulekaplanskie.com.pl\/?page_id=383\">\n\t\t\tWr\u00f3\u0107 do sklepu\t\t<\/a>\n\t<\/p>\n<\/div>\n","protected":false},"excerpt":{"rendered":"","protected":false},"author":1,"featured_media":0,"parent":0,"menu_order":0,"comment_status":"closed","ping_status":"closed","template":"","meta":{"footnotes":""},"class_list":["post-384","page","type-page","status-publish","hentry"],"yoast_head":"<!-- This site is optimized with the Yoast SEO plugin v27.4 - https:\/\/yoast.com\/product\/yoast-seo-wordpress\/ -->\n<title>Koszyk - Odzie\u017c dla ksi\u0119\u017cy i duchownych<\/title>\n<meta name=\"robots\" content=\"index, follow, max-snippet:-1, max-image-preview:large, max-video-preview:-1\" \/>\n<link rel=\"canonical\" href=\"https:\/\/koszulekaplanskie.com.pl\/?page_id=384\" \/>\n<meta property=\"og:locale\" content=\"pl_PL\" \/>\n<meta property=\"og:type\" content=\"article\" \/>\n<meta property=\"og:title\" content=\"Koszyk - Odzie\u017c dla ksi\u0119\u017cy i duchownych\" \/>\n<meta property=\"og:url\" content=\"https:\/\/koszulekaplanskie.com.pl\/?page_id=384\" \/>\n<meta property=\"og:site_name\" content=\"Odzie\u017c dla ksi\u0119\u017cy i duchownych\" \/>\n<meta property=\"article:modified_time\" content=\"2024-05-25T10:28:34+00:00\" \/>\n<meta property=\"og:image\" content=\"https:\/\/koszulekaplanskie.com.pl\/wp-content\/uploads\/2024\/07\/karo-logo-2.png\" \/>\n\t<meta property=\"og:image:width\" content=\"260\" \/>\n\t<meta property=\"og:image:height\" content=\"141\" \/>\n\t<meta property=\"og:image:type\" content=\"image\/png\" \/>\n<meta name=\"twitter:card\" content=\"summary_large_image\" \/>\n<script type=\"application\/ld+json\" class=\"yoast-schema-graph\">{\"@context\":\"https:\\\/\\\/schema.org\",\"@graph\":[{\"@type\":\"WebPage\",\"@id\":\"https:\\\/\\\/koszulekaplanskie.com.pl\\\/?page_id=384\",\"url\":\"https:\\\/\\\/koszulekaplanskie.com.pl\\\/?page_id=384\",\"name\":\"Koszyk - Odzie\u017c dla ksi\u0119\u017cy i duchownych\",\"isPartOf\":{\"@id\":\"https:\\\/\\\/koszulekaplanskie.com.pl\\\/#website\"},\"datePublished\":\"2019-04-18T11:07:31+00:00\",\"dateModified\":\"2024-05-25T10:28:34+00:00\",\"breadcrumb\":{\"@id\":\"https:\\\/\\\/koszulekaplanskie.com.pl\\\/?page_id=384#breadcrumb\"},\"inLanguage\":\"pl-PL\",\"potentialAction\":[{\"@type\":\"ReadAction\",\"target\":[\"https:\\\/\\\/koszulekaplanskie.com.pl\\\/?page_id=384\"]}]},{\"@type\":\"BreadcrumbList\",\"@id\":\"https:\\\/\\\/koszulekaplanskie.com.pl\\\/?page_id=384#breadcrumb\",\"itemListElement\":[{\"@type\":\"ListItem\",\"position\":1,\"name\":\"Strona g\u0142\u00f3wna\",\"item\":\"https:\\\/\\\/koszulekaplanskie.com.pl\\\/\"},{\"@type\":\"ListItem\",\"position\":2,\"name\":\"Koszyk\"}]},{\"@type\":\"WebSite\",\"@id\":\"https:\\\/\\\/koszulekaplanskie.com.pl\\\/#website\",\"url\":\"https:\\\/\\\/koszulekaplanskie.com.pl\\\/\",\"name\":\"Koszule Kap\u0142a\u0144skie - KARO Regina Polak\",\"description\":\"Firma KARO prowadzi sprzeda\u017c i szycie koszul kap\u0142a\u0144skich dla ksi\u0119\u017cy\",\"publisher\":{\"@id\":\"https:\\\/\\\/koszulekaplanskie.com.pl\\\/#organization\"},\"alternateName\":\"Koszule Kap\u0142a\u0144skie dla ksi\u0119\u017cy i os\u00f3b duchownych\",\"potentialAction\":[{\"@type\":\"SearchAction\",\"target\":{\"@type\":\"EntryPoint\",\"urlTemplate\":\"https:\\\/\\\/koszulekaplanskie.com.pl\\\/?s={search_term_string}\"},\"query-input\":{\"@type\":\"PropertyValueSpecification\",\"valueRequired\":true,\"valueName\":\"search_term_string\"}}],\"inLanguage\":\"pl-PL\"},{\"@type\":\"Organization\",\"@id\":\"https:\\\/\\\/koszulekaplanskie.com.pl\\\/#organization\",\"name\":\"Koszule Kap\u0142a\u0144skie - KARO Regina Polak\",\"url\":\"https:\\\/\\\/koszulekaplanskie.com.pl\\\/\",\"logo\":{\"@type\":\"ImageObject\",\"inLanguage\":\"pl-PL\",\"@id\":\"https:\\\/\\\/koszulekaplanskie.com.pl\\\/#\\\/schema\\\/logo\\\/image\\\/\",\"url\":\"https:\\\/\\\/koszulekaplanskie.com.pl\\\/wp-content\\\/uploads\\\/2024\\\/07\\\/karo-logo-3.png\",\"contentUrl\":\"https:\\\/\\\/koszulekaplanskie.com.pl\\\/wp-content\\\/uploads\\\/2024\\\/07\\\/karo-logo-3.png\",\"width\":180,\"height\":98,\"caption\":\"Koszule Kap\u0142a\u0144skie - KARO Regina Polak\"},\"image\":{\"@id\":\"https:\\\/\\\/koszulekaplanskie.com.pl\\\/#\\\/schema\\\/logo\\\/image\\\/\"}}]}<\/script>\n<!-- \/ Yoast SEO plugin. -->","yoast_head_json":{"title":"Koszyk - Odzie\u017c dla ksi\u0119\u017cy i duchownych","robots":{"index":"index","follow":"follow","max-snippet":"max-snippet:-1","max-image-preview":"max-image-preview:large","max-video-preview":"max-video-preview:-1"},"canonical":"https:\/\/koszulekaplanskie.com.pl\/?page_id=384","og_locale":"pl_PL","og_type":"article","og_title":"Koszyk - Odzie\u017c dla ksi\u0119\u017cy i duchownych","og_url":"https:\/\/koszulekaplanskie.com.pl\/?page_id=384","og_site_name":"Odzie\u017c dla ksi\u0119\u017cy i duchownych","article_modified_time":"2024-05-25T10:28:34+00:00","og_image":[{"width":260,"height":141,"url":"https:\/\/koszulekaplanskie.com.pl\/wp-content\/uploads\/2024\/07\/karo-logo-2.png","type":"image\/png"}],"twitter_card":"summary_large_image","schema":{"@context":"https:\/\/schema.org","@graph":[{"@type":"WebPage","@id":"https:\/\/koszulekaplanskie.com.pl\/?page_id=384","url":"https:\/\/koszulekaplanskie.com.pl\/?page_id=384","name":"Koszyk - Odzie\u017c dla ksi\u0119\u017cy i duchownych","isPartOf":{"@id":"https:\/\/koszulekaplanskie.com.pl\/#website"},"datePublished":"2019-04-18T11:07:31+00:00","dateModified":"2024-05-25T10:28:34+00:00","breadcrumb":{"@id":"https:\/\/koszulekaplanskie.com.pl\/?page_id=384#breadcrumb"},"inLanguage":"pl-PL","potentialAction":[{"@type":"ReadAction","target":["https:\/\/koszulekaplanskie.com.pl\/?page_id=384"]}]},{"@type":"BreadcrumbList","@id":"https:\/\/koszulekaplanskie.com.pl\/?page_id=384#breadcrumb","itemListElement":[{"@type":"ListItem","position":1,"name":"Strona g\u0142\u00f3wna","item":"https:\/\/koszulekaplanskie.com.pl\/"},{"@type":"ListItem","position":2,"name":"Koszyk"}]},{"@type":"WebSite","@id":"https:\/\/koszulekaplanskie.com.pl\/#website","url":"https:\/\/koszulekaplanskie.com.pl\/","name":"Koszule Kap\u0142a\u0144skie - KARO Regina Polak","description":"Firma KARO prowadzi sprzeda\u017c i szycie koszul kap\u0142a\u0144skich dla ksi\u0119\u017cy","publisher":{"@id":"https:\/\/koszulekaplanskie.com.pl\/#organization"},"alternateName":"Koszule Kap\u0142a\u0144skie dla ksi\u0119\u017cy i os\u00f3b duchownych","potentialAction":[{"@type":"SearchAction","target":{"@type":"EntryPoint","urlTemplate":"https:\/\/koszulekaplanskie.com.pl\/?s={search_term_string}"},"query-input":{"@type":"PropertyValueSpecification","valueRequired":true,"valueName":"search_term_string"}}],"inLanguage":"pl-PL"},{"@type":"Organization","@id":"https:\/\/koszulekaplanskie.com.pl\/#organization","name":"Koszule Kap\u0142a\u0144skie - KARO Regina Polak","url":"https:\/\/koszulekaplanskie.com.pl\/","logo":{"@type":"ImageObject","inLanguage":"pl-PL","@id":"https:\/\/koszulekaplanskie.com.pl\/#\/schema\/logo\/image\/","url":"https:\/\/koszulekaplanskie.com.pl\/wp-content\/uploads\/2024\/07\/karo-logo-3.png","contentUrl":"https:\/\/koszulekaplanskie.com.pl\/wp-content\/uploads\/2024\/07\/karo-logo-3.png","width":180,"height":98,"caption":"Koszule Kap\u0142a\u0144skie - KARO Regina Polak"},"image":{"@id":"https:\/\/koszulekaplanskie.com.pl\/#\/schema\/logo\/image\/"}}]}},"_links":{"self":[{"href":"https:\/\/koszulekaplanskie.com.pl\/index.php?rest_route=\/wp\/v2\/pages\/384","targetHints":{"allow":["GET"]}}],"collection":[{"href":"https:\/\/koszulekaplanskie.com.pl\/index.php?rest_route=\/wp\/v2\/pages"}],"about":[{"href":"https:\/\/koszulekaplanskie.com.pl\/index.php?rest_route=\/wp\/v2\/types\/page"}],"author":[{"embeddable":true,"href":"https:\/\/koszulekaplanskie.com.pl\/index.php?rest_route=\/wp\/v2\/users\/1"}],"replies":[{"embeddable":true,"href":"https:\/\/koszulekaplanskie.com.pl\/index.php?rest_route=%2Fwp%2Fv2%2Fcomments&post=384"}],"version-history":[{"count":1,"href":"https:\/\/koszulekaplanskie.com.pl\/index.php?rest_route=\/wp\/v2\/pages\/384\/revisions"}],"predecessor-version":[{"id":663,"href":"https:\/\/koszulekaplanskie.com.pl\/index.php?rest_route=\/wp\/v2\/pages\/384\/revisions\/663"}],"wp:attachment":[{"href":"https:\/\/koszulekaplanskie.com.pl\/index.php?rest_route=%2Fwp%2Fv2%2Fmedia&parent=384"}],"curies":[{"name":"wp","href":"https:\/\/api.w.org\/{rel}","templated":true}]}}