{"id":2711,"date":"2024-06-29T21:59:24","date_gmt":"2024-06-29T19:59:24","guid":{"rendered":"https:\/\/sklep-test.techpcit.pl\/?page_id=2711"},"modified":"2025-12-13T16:36:05","modified_gmt":"2025-12-13T15:36:05","slug":"zwroty-i-reklamacje","status":"publish","type":"page","link":"https:\/\/koszulekaplanskie.com.pl\/?page_id=2711","title":{"rendered":"Zwroty i reklamacje"},"content":{"rendered":"\t\t<div data-elementor-type=\"wp-page\" data-elementor-id=\"2711\" class=\"elementor elementor-2711\">\n\t\t\t\t<div class=\"elementor-element elementor-element-02c4812 e-flex e-con-boxed e-con e-parent\" data-id=\"02c4812\" data-element_type=\"container\" data-e-type=\"container\">\n\t\t\t\t\t<div class=\"e-con-inner\">\n\t\t\t\t<div class=\"elementor-element elementor-element-aaf2e95 elementor-widget elementor-widget-text-editor\" data-id=\"aaf2e95\" data-element_type=\"widget\" data-e-type=\"widget\" data-widget_type=\"text-editor.default\">\n\t\t\t\t<div class=\"elementor-widget-container\">\n\t\t\t\t\t\t\t\t\t<p><strong>Odst\u0105pienie od umowy<\/strong><\/p>\n<ul>\n<li>Je\u015bli jeste\u015b konsumentem &#8211; co do zasady przys\u0142uguje Ci&nbsp;prawo do odst\u0105pienia od zawartej na odleg\u0142o\u015b\u0107 umowy je\u017celi towar jest &#8222;dost\u0119pny od r\u0119ki&#8221; i nie jest &#8222;towarem produkowanym na zam\u00f3wienie lub produktem spersonalizowanym&#8221;. Towar produkowany na zam\u00f3wienie lub produkt spersonalizowany to taki, kt\u00f3ry produkowany jest na indywidualne zam\u00f3wienie i nie jest dost\u0119pny od r\u0119ki a jego czas wysy\u0142ki jest d\u0142u\u017cszy ni\u017c 5 dni roboczych z wy\u0142\u0105czeniem urlopu w firmie.<\/li>\n<li>Towar dost\u0119pny od r\u0119ki jest oznaczony jako kategoria &#8222;dost\u0119pny od r\u0119ki&#8221;, towar produkowany na zam\u00f3wienie wed\u0142ug tabel dostpnych na stronie jest oznaczony jako &#8222;na zam\u00f3wienie indywidualne \/ produkt spersonalizowany&#8221;.<\/li>\n<li>Od umowy mo\u017cesz odst\u0105pi\u0107, sk\u0142adaj\u0105c nam&nbsp;o\u015bwiadczenie o odst\u0105pieniu od umowy&nbsp;np. poprzez wiadomo\u015b\u0107 e-mail przes\u0142an\u0105 na adres:&nbsp;<a href=\"mailto:kontakt@koszulekaplanskie.com.pl\">kontakt@koszulekaplanskie.com.pl<\/a>&nbsp;je\u017celi spe\u0142niasz warunki zwrot\u00f3w okre\u015blonych w regulaminie &#8222;zwroty i reklamacje&#8221;.<\/li>\n<li>Zwracan\u0105 rzecz zwr\u00f3\u0107 do nas niezw\u0142ocznie na adres: ul. Brzozowa 39, 61-429 Pozna\u0144&nbsp;, jednak nie p\u00f3\u017aniej ni\u017c w terminie 14 dni od dnia, w kt\u00f3rym odst\u0105pi\u0142e\u015b od umowy.<\/li>\n<li>Od umowy mo\u017cesz odst\u0105pi\u0107 w terminie&nbsp;14 dni.<\/li>\n<\/ul>\n<p>Bieg czternastodniowego terminu na odst\u0105pienie od umowy rozpoczyna si\u0119:<\/p>\n<ul>\n<li>Dla umowy, w kt\u00f3rej wydajemy rzecz, b\u0119d\u0105c zobowi\u0105zanymi do przeniesienia jej w\u0142asno\u015bci &#8211;&nbsp;od obj\u0119cia rzeczy w posiadanie przez Ciebie&nbsp;lub wskazan\u0105 przez Ciebie osob\u0119 trzeci\u0105 inn\u0105 ni\u017c przewo\u017anik,<\/li>\n<li>Dla tre\u015bci cyfrowych &#8211; od dnia zawarcia umowy.<\/li>\n<li>Do zachowania terminu wystarczy wys\u0142anie o\u015bwiadczenia przed jego up\u0142ywem.<\/li>\n<li>Dokonane przez Ciebie p\u0142atno\u015bci, w tym koszty dostarczenia rzeczy na zasadach wskazanych w regulaminie zwr\u00f3cimy Ci niezw\u0142ocznie, jednak nie p\u00f3\u017aniej ni\u017c w terminie 14 dni od dnia otrzymania od Ciebie o\u015bwiadczenia o odst\u0105pieniu od umowy.<\/li>\n<li>Mo\u017cemy wstrzyma\u0107 si\u0119 ze zwrotem otrzymanej od Ciebie p\u0142atno\u015bci do chwili otrzymania rzeczy z powrotem lub dostarczenia przez Ciebie dowodu jej odes\u0142ania, w zale\u017cno\u015bci od tego, kt\u00f3re zdarzenie nast\u0105pi wcze\u015bniej.<\/li>\n<li>Pami\u0119taj, \u017ce prawo odst\u0105pienia od umowy zawartej na odleg\u0142o\u015b\u0107 nie przys\u0142uguje konsumentowi m.in. w odniesieniu do umowy:<\/li>\n<li>w kt\u00f3rej przedmiotem \u015bwiadczenia jest&nbsp;rzecz nieprefabrykowana, wyprodukowana wed\u0142ug specyfikacji konsumenta&nbsp;lub&nbsp;s\u0142u\u017c\u0105ca zaspokojeniu jego zindywidualizowanych potrzeb,<\/li>\n<li>w kt\u00f3rej przedmiotem \u015bwiadczenia jest&nbsp;rzecz ulegaj\u0105ca szybkiemu zepsuciu&nbsp;lub maj\u0105ca kr\u00f3tki termin przydatno\u015bci do u\u017cycia,<\/li>\n<li>w kt\u00f3rej przedmiotem \u015bwiadczenia jest rzecz dostarczana w zapiecz\u0119towanym opakowaniu, kt\u00f3rej&nbsp;po otwarciu opakowania nie mo\u017cna zwr\u00f3ci\u0107 ze wzgl\u0119du na ochron\u0119 zdrowia lub ze wzgl\u0119d\u00f3w higienicznych, je\u017celi opakowanie zosta\u0142o otwarte po dostarczeniu,<\/li>\n<li>w kt\u00f3rej przedmiotem \u015bwiadczenia s\u0105&nbsp;nagrania d\u017awi\u0119kowe lub wizualne albo programy komputerowe dostarczane w zapiecz\u0119towanym opakowaniu, je\u017celi opakowanie zosta\u0142o otwarte po dostarczeniu<\/li>\n<li>dostarczanie tre\u015bci cyfrowych, kt\u00f3re nie s\u0105 zapisane na no\u015bniku materialnym, je\u017celi spe\u0142nianie \u015bwiadczenia rozpocz\u0119\u0142o si\u0119 za wyra\u017an\u0105 zgod\u0105 konsumenta przed up\u0142ywem terminu do odst\u0105pienia od umowy i po poinformowaniu go przez przedsi\u0119biorc\u0119 o utracie prawa odst\u0105pienia od umowy.<\/li>\n<li>Szczeg\u00f3\u0142owe informacje na temat odst\u0105pienia od umowy znajdziesz w naszym Regulaminie sprzeda\u017cy.<\/li>\n<\/ul>\n<p><strong>Reklamacje<\/strong><\/p>\n<ul>\n<li>Je\u015bli jeste\u015b Konsumentem, w przypadku gdy zakupiony u nas towar oka\u017ce si\u0119 wadliwy, masz prawo reklamowa\u0107 go w oparciu o r\u0119kojmi\u0119. Reklamacj\u0119 najlepiej z\u0142o\u017cy\u0107 na adres e-mail:&nbsp;<a href=\"mailto:kontakt@koszulekaplanskie.com.pl\">kontakt@koszulekaplanskie.com.pl<\/a>lub drog\u0105 pocztow\u0105 na adres ul. Brzozowa 39, 61-429 Pozna\u0144 .<\/li>\n<li>Reklamowany towar nale\u017cy wys\u0142a\u0107 na adres: ul. Brzozowa 39, 61-429 Pozna\u0144<\/li>\n<li>Reklamowa\u0107 mo\u017cesz ka\u017cdy produkt, r\u00f3wnie\u017c indywidualne zam\u00f3wienie lub spersonalizowane zam\u00f3wienie.<\/li>\n<\/ul>\n<p>W zwi\u0105zku z wad\u0105 mo\u017cesz \u017c\u0105da\u0107:<\/p>\n<ul>\n<li>wymiany rzeczy na woln\u0105 od wad,<\/li>\n<li>usuni\u0119cia wady,<\/li>\n<\/ul>\n<p>lub z\u0142o\u017cy\u0107 o\u015bwiadczenie o:<\/p>\n<ul>\n<li>obni\u017ceniu ceny,<\/li>\n<li>odst\u0105pieniu od umowy \u2013 w przypadku wady istotnej.<\/li>\n<li>Odpowiadamy wzgl\u0119dem Ciebie za wady stwierdzone przed up\u0142ywem dw\u00f3ch lat od dnia wydania rzeczy.<\/li>\n<li>Co do zasady reklamacj\u0119 mo\u017cesz&nbsp;zg\u0142osi\u0107 w ci\u0105gu roku od zauwa\u017cenia wady, ale czas na z\u0142o\u017cenie reklamacji nie mo\u017ce si\u0119 zako\u0144czy\u0107 przed up\u0142ywem okresu odpowiedzialno\u015bci sprzedawcy.<\/li>\n<li>Rozpatrzenie Twojej reklamacji (ustosunkowanie si\u0119 do niej) nast\u0105pi w ci\u0105gu 14 dni od daty otrzymania przez nas Twojego zg\u0142oszenia reklamacyjnego.<\/li>\n<li>Wi\u0119cej informacji na temat reklamacji znajdziesz w naszym Regulaminie sprzeda\u017cy.<\/li>\n<\/ul>\t\t\t\t\t\t\t\t<\/div>\n\t\t\t\t<\/div>\n\t\t\t\t\t<\/div>\n\t\t\t\t<\/div>\n\t\t\t\t<\/div>\n\t\t","protected":false},"excerpt":{"rendered":"<p>Odst\u0105pienie od umowy Je\u015bli jeste\u015b konsumentem &#8211; co do zasady przys\u0142uguje Ci&nbsp;prawo do odst\u0105pienia od zawartej na odleg\u0142o\u015b\u0107 umowy je\u017celi towar jest &#8222;dost\u0119pny od r\u0119ki&#8221; i nie jest &#8222;towarem produkowanym na zam\u00f3wienie lub produktem spersonalizowanym&#8221;. Towar produkowany na zam\u00f3wienie lub produkt spersonalizowany to taki, kt\u00f3ry produkowany jest na indywidualne zam\u00f3wienie i nie jest dost\u0119pny od&hellip;<\/p>\n","protected":false},"author":1,"featured_media":0,"parent":0,"menu_order":0,"comment_status":"closed","ping_status":"closed","template":"","meta":{"footnotes":""},"class_list":["post-2711","page","type-page","status-publish","hentry"],"yoast_head":"<!-- This site is optimized with the Yoast SEO plugin v27.4 - https:\/\/yoast.com\/product\/yoast-seo-wordpress\/ -->\n<title>Zwroty i reklamacje - Odzie\u017c dla ksi\u0119\u017cy i duchownych<\/title>\n<meta name=\"robots\" content=\"index, follow, max-snippet:-1, max-image-preview:large, max-video-preview:-1\" \/>\n<link rel=\"canonical\" href=\"https:\/\/koszulekaplanskie.com.pl\/?page_id=2711\" \/>\n<meta property=\"og:locale\" content=\"pl_PL\" \/>\n<meta property=\"og:type\" content=\"article\" \/>\n<meta property=\"og:title\" content=\"Zwroty i reklamacje - Odzie\u017c dla ksi\u0119\u017cy i duchownych\" \/>\n<meta property=\"og:description\" content=\"Odst\u0105pienie od umowy Je\u015bli jeste\u015b konsumentem &#8211; co do zasady przys\u0142uguje Ci&nbsp;prawo do odst\u0105pienia od zawartej na odleg\u0142o\u015b\u0107 umowy je\u017celi towar jest &#8222;dost\u0119pny od r\u0119ki&#8221; i nie jest &#8222;towarem produkowanym na zam\u00f3wienie lub produktem spersonalizowanym&#8221;. Towar produkowany na zam\u00f3wienie lub produkt spersonalizowany to taki, kt\u00f3ry produkowany jest na indywidualne zam\u00f3wienie i nie jest dost\u0119pny od&hellip;\" \/>\n<meta property=\"og:url\" content=\"https:\/\/koszulekaplanskie.com.pl\/?page_id=2711\" \/>\n<meta property=\"og:site_name\" content=\"Odzie\u017c dla ksi\u0119\u017cy i duchownych\" \/>\n<meta property=\"article:modified_time\" content=\"2025-12-13T15:36:05+00:00\" \/>\n<meta property=\"og:image\" content=\"https:\/\/koszulekaplanskie.com.pl\/wp-content\/uploads\/2024\/07\/karo-logo-2.png\" \/>\n\t<meta property=\"og:image:width\" content=\"260\" \/>\n\t<meta property=\"og:image:height\" content=\"141\" \/>\n\t<meta property=\"og:image:type\" content=\"image\/png\" \/>\n<meta name=\"twitter:card\" content=\"summary_large_image\" \/>\n<meta name=\"twitter:label1\" content=\"Szacowany czas czytania\" \/>\n\t<meta name=\"twitter:data1\" content=\"4 minuty\" \/>\n<script type=\"application\/ld+json\" class=\"yoast-schema-graph\">{\"@context\":\"https:\\\/\\\/schema.org\",\"@graph\":[{\"@type\":\"WebPage\",\"@id\":\"https:\\\/\\\/koszulekaplanskie.com.pl\\\/?page_id=2711\",\"url\":\"https:\\\/\\\/koszulekaplanskie.com.pl\\\/?page_id=2711\",\"name\":\"Zwroty i reklamacje - Odzie\u017c dla ksi\u0119\u017cy i duchownych\",\"isPartOf\":{\"@id\":\"https:\\\/\\\/koszulekaplanskie.com.pl\\\/#website\"},\"datePublished\":\"2024-06-29T19:59:24+00:00\",\"dateModified\":\"2025-12-13T15:36:05+00:00\",\"breadcrumb\":{\"@id\":\"https:\\\/\\\/koszulekaplanskie.com.pl\\\/?page_id=2711#breadcrumb\"},\"inLanguage\":\"pl-PL\",\"potentialAction\":[{\"@type\":\"ReadAction\",\"target\":[\"https:\\\/\\\/koszulekaplanskie.com.pl\\\/?page_id=2711\"]}]},{\"@type\":\"BreadcrumbList\",\"@id\":\"https:\\\/\\\/koszulekaplanskie.com.pl\\\/?page_id=2711#breadcrumb\",\"itemListElement\":[{\"@type\":\"ListItem\",\"position\":1,\"name\":\"Strona g\u0142\u00f3wna\",\"item\":\"https:\\\/\\\/koszulekaplanskie.com.pl\\\/\"},{\"@type\":\"ListItem\",\"position\":2,\"name\":\"Zwroty i reklamacje\"}]},{\"@type\":\"WebSite\",\"@id\":\"https:\\\/\\\/koszulekaplanskie.com.pl\\\/#website\",\"url\":\"https:\\\/\\\/koszulekaplanskie.com.pl\\\/\",\"name\":\"Koszule Kap\u0142a\u0144skie - KARO Regina Polak\",\"description\":\"Firma KARO prowadzi sprzeda\u017c i szycie koszul kap\u0142a\u0144skich dla ksi\u0119\u017cy\",\"publisher\":{\"@id\":\"https:\\\/\\\/koszulekaplanskie.com.pl\\\/#organization\"},\"alternateName\":\"Koszule Kap\u0142a\u0144skie dla ksi\u0119\u017cy i os\u00f3b duchownych\",\"potentialAction\":[{\"@type\":\"SearchAction\",\"target\":{\"@type\":\"EntryPoint\",\"urlTemplate\":\"https:\\\/\\\/koszulekaplanskie.com.pl\\\/?s={search_term_string}\"},\"query-input\":{\"@type\":\"PropertyValueSpecification\",\"valueRequired\":true,\"valueName\":\"search_term_string\"}}],\"inLanguage\":\"pl-PL\"},{\"@type\":\"Organization\",\"@id\":\"https:\\\/\\\/koszulekaplanskie.com.pl\\\/#organization\",\"name\":\"Koszule Kap\u0142a\u0144skie - KARO Regina Polak\",\"url\":\"https:\\\/\\\/koszulekaplanskie.com.pl\\\/\",\"logo\":{\"@type\":\"ImageObject\",\"inLanguage\":\"pl-PL\",\"@id\":\"https:\\\/\\\/koszulekaplanskie.com.pl\\\/#\\\/schema\\\/logo\\\/image\\\/\",\"url\":\"https:\\\/\\\/koszulekaplanskie.com.pl\\\/wp-content\\\/uploads\\\/2024\\\/07\\\/karo-logo-3.png\",\"contentUrl\":\"https:\\\/\\\/koszulekaplanskie.com.pl\\\/wp-content\\\/uploads\\\/2024\\\/07\\\/karo-logo-3.png\",\"width\":180,\"height\":98,\"caption\":\"Koszule Kap\u0142a\u0144skie - KARO Regina Polak\"},\"image\":{\"@id\":\"https:\\\/\\\/koszulekaplanskie.com.pl\\\/#\\\/schema\\\/logo\\\/image\\\/\"}}]}<\/script>\n<!-- \/ Yoast SEO plugin. -->","yoast_head_json":{"title":"Zwroty i reklamacje - Odzie\u017c dla ksi\u0119\u017cy i duchownych","robots":{"index":"index","follow":"follow","max-snippet":"max-snippet:-1","max-image-preview":"max-image-preview:large","max-video-preview":"max-video-preview:-1"},"canonical":"https:\/\/koszulekaplanskie.com.pl\/?page_id=2711","og_locale":"pl_PL","og_type":"article","og_title":"Zwroty i reklamacje - Odzie\u017c dla ksi\u0119\u017cy i duchownych","og_description":"Odst\u0105pienie od umowy Je\u015bli jeste\u015b konsumentem &#8211; co do zasady przys\u0142uguje Ci&nbsp;prawo do odst\u0105pienia od zawartej na odleg\u0142o\u015b\u0107 umowy je\u017celi towar jest &#8222;dost\u0119pny od r\u0119ki&#8221; i nie jest &#8222;towarem produkowanym na zam\u00f3wienie lub produktem spersonalizowanym&#8221;. Towar produkowany na zam\u00f3wienie lub produkt spersonalizowany to taki, kt\u00f3ry produkowany jest na indywidualne zam\u00f3wienie i nie jest dost\u0119pny od&hellip;","og_url":"https:\/\/koszulekaplanskie.com.pl\/?page_id=2711","og_site_name":"Odzie\u017c dla ksi\u0119\u017cy i duchownych","article_modified_time":"2025-12-13T15:36:05+00:00","og_image":[{"width":260,"height":141,"url":"https:\/\/koszulekaplanskie.com.pl\/wp-content\/uploads\/2024\/07\/karo-logo-2.png","type":"image\/png"}],"twitter_card":"summary_large_image","twitter_misc":{"Szacowany czas czytania":"4 minuty"},"schema":{"@context":"https:\/\/schema.org","@graph":[{"@type":"WebPage","@id":"https:\/\/koszulekaplanskie.com.pl\/?page_id=2711","url":"https:\/\/koszulekaplanskie.com.pl\/?page_id=2711","name":"Zwroty i reklamacje - Odzie\u017c dla ksi\u0119\u017cy i duchownych","isPartOf":{"@id":"https:\/\/koszulekaplanskie.com.pl\/#website"},"datePublished":"2024-06-29T19:59:24+00:00","dateModified":"2025-12-13T15:36:05+00:00","breadcrumb":{"@id":"https:\/\/koszulekaplanskie.com.pl\/?page_id=2711#breadcrumb"},"inLanguage":"pl-PL","potentialAction":[{"@type":"ReadAction","target":["https:\/\/koszulekaplanskie.com.pl\/?page_id=2711"]}]},{"@type":"BreadcrumbList","@id":"https:\/\/koszulekaplanskie.com.pl\/?page_id=2711#breadcrumb","itemListElement":[{"@type":"ListItem","position":1,"name":"Strona g\u0142\u00f3wna","item":"https:\/\/koszulekaplanskie.com.pl\/"},{"@type":"ListItem","position":2,"name":"Zwroty i reklamacje"}]},{"@type":"WebSite","@id":"https:\/\/koszulekaplanskie.com.pl\/#website","url":"https:\/\/koszulekaplanskie.com.pl\/","name":"Koszule Kap\u0142a\u0144skie - KARO Regina Polak","description":"Firma KARO prowadzi sprzeda\u017c i szycie koszul kap\u0142a\u0144skich dla ksi\u0119\u017cy","publisher":{"@id":"https:\/\/koszulekaplanskie.com.pl\/#organization"},"alternateName":"Koszule Kap\u0142a\u0144skie dla ksi\u0119\u017cy i os\u00f3b duchownych","potentialAction":[{"@type":"SearchAction","target":{"@type":"EntryPoint","urlTemplate":"https:\/\/koszulekaplanskie.com.pl\/?s={search_term_string}"},"query-input":{"@type":"PropertyValueSpecification","valueRequired":true,"valueName":"search_term_string"}}],"inLanguage":"pl-PL"},{"@type":"Organization","@id":"https:\/\/koszulekaplanskie.com.pl\/#organization","name":"Koszule Kap\u0142a\u0144skie - KARO Regina Polak","url":"https:\/\/koszulekaplanskie.com.pl\/","logo":{"@type":"ImageObject","inLanguage":"pl-PL","@id":"https:\/\/koszulekaplanskie.com.pl\/#\/schema\/logo\/image\/","url":"https:\/\/koszulekaplanskie.com.pl\/wp-content\/uploads\/2024\/07\/karo-logo-3.png","contentUrl":"https:\/\/koszulekaplanskie.com.pl\/wp-content\/uploads\/2024\/07\/karo-logo-3.png","width":180,"height":98,"caption":"Koszule Kap\u0142a\u0144skie - KARO Regina Polak"},"image":{"@id":"https:\/\/koszulekaplanskie.com.pl\/#\/schema\/logo\/image\/"}}]}},"_links":{"self":[{"href":"https:\/\/koszulekaplanskie.com.pl\/index.php?rest_route=\/wp\/v2\/pages\/2711","targetHints":{"allow":["GET"]}}],"collection":[{"href":"https:\/\/koszulekaplanskie.com.pl\/index.php?rest_route=\/wp\/v2\/pages"}],"about":[{"href":"https:\/\/koszulekaplanskie.com.pl\/index.php?rest_route=\/wp\/v2\/types\/page"}],"author":[{"embeddable":true,"href":"https:\/\/koszulekaplanskie.com.pl\/index.php?rest_route=\/wp\/v2\/users\/1"}],"replies":[{"embeddable":true,"href":"https:\/\/koszulekaplanskie.com.pl\/index.php?rest_route=%2Fwp%2Fv2%2Fcomments&post=2711"}],"version-history":[{"count":16,"href":"https:\/\/koszulekaplanskie.com.pl\/index.php?rest_route=\/wp\/v2\/pages\/2711\/revisions"}],"predecessor-version":[{"id":18968,"href":"https:\/\/koszulekaplanskie.com.pl\/index.php?rest_route=\/wp\/v2\/pages\/2711\/revisions\/18968"}],"wp:attachment":[{"href":"https:\/\/koszulekaplanskie.com.pl\/index.php?rest_route=%2Fwp%2Fv2%2Fmedia&parent=2711"}],"curies":[{"name":"wp","href":"https:\/\/api.w.org\/{rel}","templated":true}]}}