{"id":2701,"date":"2024-06-29T21:57:13","date_gmt":"2024-06-29T19:57:13","guid":{"rendered":"https:\/\/sklep-test.techpcit.pl\/?page_id=2701"},"modified":"2024-08-19T21:43:45","modified_gmt":"2024-08-19T19:43:45","slug":"polityka-prywatnosci-karo","status":"publish","type":"page","link":"https:\/\/koszulekaplanskie.com.pl\/?page_id=2701","title":{"rendered":"Polityka prywatno\u015bci"},"content":{"rendered":"\t\t<div data-elementor-type=\"wp-page\" data-elementor-id=\"2701\" class=\"elementor elementor-2701\">\n\t\t\t\t<div class=\"elementor-element elementor-element-3dde924 e-flex e-con-boxed e-con e-parent\" data-id=\"3dde924\" data-element_type=\"container\" data-e-type=\"container\">\n\t\t\t\t\t<div class=\"e-con-inner\">\n\t\t\t\t<div class=\"elementor-element elementor-element-91a554d elementor-widget elementor-widget-text-editor\" data-id=\"91a554d\" data-element_type=\"widget\" data-e-type=\"widget\" data-widget_type=\"text-editor.default\">\n\t\t\t\t<div class=\"elementor-widget-container\">\n\t\t\t\t\t\t\t\t\t<p><b>OPERATOR SERWISU<\/b><\/p>\n<p>Operatorem serwisu KoszuleKaplanskie.com.pl jest KARO Regina Polak<br>Brzozowa 39, 61-429 Pozna\u0144, Polska<br><span style=\"color: var( --e-global-color-text ); font-family: var( --e-global-typography-text-font-family ), Sans-serif; font-weight: var( --e-global-typography-text-font-weight ); text-align: var(--text-align);\">NIP&nbsp;783-125-87-56<\/span><span style=\"color: var( --e-global-color-text ); font-family: var( --e-global-typography-text-font-family ), Sans-serif; font-weight: var( --e-global-typography-text-font-weight ); text-align: var(--text-align);\">&nbsp;<\/span><\/p>\n<p>Dbamy o Twoj\u0105 prywatno\u015b\u0107 i chcemy, aby\u015b w czasie korzystania z naszych us\u0142ug czu\u0142 si\u0119 komfortowo. Dlatego przedstawiamy informacje o zasadach przetwarzania przez nas Twoich danych osobowych oraz plikach cookies (czyli tak zwanych ciasteczkach), kt\u00f3re s\u0105 wykorzystywane przez stron\u0119 KARO Regina Polak. Informacje te zosta\u0142y przygotowane z uwzgl\u0119dnieniem przepis\u00f3w RODO.<\/p>\n<p><\/p>\n<p><strong>ADMINISTRATOR DANYCH OSOBOWYCH (&#8222;Administrator&#8221;)<\/strong><\/p>\n<ul>\n<li>REGINA POLAK, przedsi\u0119biorca prowadz\u0105cy dzia\u0142alno\u015b\u0107 gospodarcz\u0105 pod nazw\u0105 KARO REGINA POLAK, wpisany do CEIDG, NIP 7831258756, nr REGON 302257366, ul. Brzozowa 39, 61-429 Pozna\u0144.<\/li>\n<\/ul>\n<p><strong>DANE OSOBOWE ORAZ PRYWATNO\u015a\u0106<\/strong><\/p>\n<ul>\n<li>Je\u015bli zamierzasz za\u0142o\u017cy\u0107 Konto i skorzysta\u0107 z naszych us\u0142ug, zostaniesz poproszony o podanie nam Twoich danych osobowych.<\/li>\n<li>Twoje dane s\u0105 niezb\u0119dne do prawid\u0142owego funkcjonowaniem Sklepu i \u015bwiadczeniem us\u0142ug w nim oferowanych (\u201eUs\u0142ugi\u201d).<\/li>\n<\/ul>\n<p><strong>CEL PRZETWARZANIA DANYCH:<\/strong><\/p>\n<p>W zale\u017cno\u015bci od tego, na co si\u0119 zdecydujesz, mo\u017ce to by\u0107:<\/p>\n<ul>\n<li>\u015awiadczenie us\u0142ug oferowanych w Sklepie internetowy&nbsp;<\/li>\n<li>Realizacja Twoich zam\u00f3wie\u0144 z\u0142o\u017conych w sklepie internetowym<\/li>\n<li>Marketing bezpo\u015bredni \u2013 je\u017celi wyrazisz na to zgod\u0119<\/li>\n<li>Kontakt w celu realizacja zam\u00f3wienia \u2013 je\u017celi b\u0119dzie taka potrzeba<\/li>\n<\/ul>\n<p><strong>PODSTAWA PRAWNA PRZETWARZANIA:<\/strong><\/p>\n<ul>\n<li>Umowa sprzeda\u017cy zawartej przez Internet lub dzia\u0142ania podejmowane na Twoje \u017c\u0105danie, zmierzaj\u0105ce do jej zawarcia (art. 6 ust. 1 lit. b RODO).<\/li>\n<li>Ci\u0105\u017c\u0105cy na nas obowi\u0105zek prawny, np. zwi\u0105zany z rozliczeniami rachunkowymi (art. 6 ust. 1 lit. c RODO).<\/li>\n<li>Twoja zgoda wyra\u017cona i zaakceptowana w Sklepie Internetowym (art. 6 ust. 1 lit. a RODO)<\/li>\n<li>Umowa o \u015bwiadczenie us\u0142ug i\/lub dzia\u0142ania podejmowane na Twoje \u017c\u0105danie, zmierzaj\u0105ce do jej zawarcia umowy poprzez sklep (art. 6 ust. 1 lit. b RODO)<\/li>\n<li>Nasz prawnie uzasadniony interes, polegaj\u0105cy na przetwarzaniu danych w celu ustalenia, dochodzenia lub obrony ewentualnych roszcze\u0144 (art. 6 ust. 1 lit. f RODO)<\/li>\n<li>Nasz prawnie uzasadniony interes, polegaj\u0105cy na prowadzeniu marketingu bezpo\u015bredniego (art. 6 ust. 1 lit. f RODO)<\/li>\n<li>Nasz prawnie uzasadniony interes polegaj\u0105cy na przetwarzaniu danych w celach analitycznych i statystycznych&nbsp;(art. 6 ust. 1 lit. f RODO)<\/li>\n<li>Nasz prawnie uzasadniony interes polegaj\u0105cy na&nbsp;badaniu satysfakcji klient\u00f3w poprzez zakupy Internetowe (art. 6 ust. 1 lit. f RODO)<\/li>\n<\/ul>\n<p><strong>PODANIE DANYCH OSOBOWYCH:<\/strong><\/p>\n<ul>\n<li>Podanie danych jest dobrowolne, ale w niekt\u00f3rych przypadkach mo\u017ce by\u0107 konieczne do zawarcia umowy.<\/li>\n<\/ul>\n<p><strong>SKUTEK NIEPODANIA DANYCH:<\/strong><\/p>\n<p>W zale\u017cno\u015bci od celu, w jakim dane s\u0105 podawane:<\/p>\n<ul>\n<li>brak mo\u017cliwo\u015bci zarejestrowania si\u0119 w Sklepie<\/li>\n<li>brak mo\u017cliwo\u015bci korzystania z cz\u0119\u015bci us\u0142ug Sklepu<\/li>\n<li>brak mo\u017cliwo\u015bci korzystania ze zni\u017cek w Sklepie<\/li>\n<li>brak mo\u017cliwo\u015bci dokonania zakup\u00f3w w Sklepie lub pewne ograniczenia<\/li>\n<\/ul>\n<p><b>MO\u017bLIWO\u015a\u0106 COFNI\u0118CIA ZGODY:<\/b><\/p>\n<ul>\n<li>w ka\u017cdej chwili mo\u017cesz zrezygnowa\u0107 z przetwarzania Twoich danych<\/li>\n<li>w celu rezygnacji nale\u017cy skontaktowa\u0107 si\u0119 drog\u0105 mailow\u0105 <b>kontakt@koszulekaplanskie.com.pl<\/b>&nbsp;<\/li>\n<li>przetwarzanie danych do momentu cofni\u0119cia przez Ciebie zgody pozostaje zgodne z prawem.<\/li>\n<\/ul>\n<p><strong>OKRES PRZETWARZANIA:<\/strong><\/p>\n<p>Twoje dane b\u0119dziemy przetwarza\u0107 tylko przez okres, w kt\u00f3rym b\u0119dziemy mie\u0107 ku temu podstaw\u0119 prawn\u0105, a wi\u0119c do momentu, w kt\u00f3rym:<\/p>\n<ul>\n<li>przestanie ci\u0105\u017cy\u0107 na nas obowi\u0105zek prawny wynikaj\u0105cy z przepis\u00f3w, zobowi\u0105zuj\u0105cy nas do przetwarzania Twoich danych osobowych.<\/li>\n<li>ustanie mo\u017cliwo\u015b\u0107 ustalania, dochodzenia lub obrony ewentualnych roszcze\u0144 zwi\u0105zanych z umow\u0105 zawart\u0105 przez Sklep Internetowy.<\/li>\n<li>cofniesz zgod\u0119 na przetwarzanie danych, je\u015bli to ona by\u0142a jego podstaw\u0105<\/li>\n<li>zostanie przyj\u0119ty Tw\u00f3j sprzeciw wobec przetwarzania Twoich danych osobowych &#8211; w przypadku gdy podstaw\u0105 przetwarzania Twoich danych by\u0142 uzasadniony interes administratora serwisu lub gdy dane by\u0142y przetwarzane w celu marketingu bezpo\u015bredniego<\/li>\n<li>w zale\u017cno\u015bci od tego, co ma zastosowanie w danym przypadku i co nast\u0105pi najp\u00f3\u017aniej.<\/li>\n<\/ul>\n<p><strong>BEZPIECZE\u0143STWO DANYCH:<\/strong><\/p>\n<ul>\n<li>Przetwarzaj\u0105c Twoje dane osobowe stosujemy \u015brodki organizacyjne i techniczne zgodne z w\u0142a\u015bciwymi przepisami prawa, w tym stosujemy szyfrowanie po\u0142\u0105czenia za pomoc\u0105 certyfikatu SSL.<\/li>\n<li>Wszelkie dane s\u0105 gromadzone w spos\u00f3b bezpieczny, przetwarzamy tylko tyle ile musimy.<\/li>\n<\/ul>\n<p><strong>TWOJE UPRAWNIENIA:<\/strong><\/p>\n<p>Przys\u0142uguje Ci prawo \u017c\u0105dania do:<\/p>\n<ul>\n<li>dost\u0119pu do Twoich danych osobowych,<\/li>\n<li>ich sprostowania i\/lub zmiany,<\/li>\n<li>usuni\u0119cia,<\/li>\n<li>ograniczenia przetwarzania,<\/li>\n<li>\u017c\u0105dania przeniesienia danych do innego administratora,<\/li>\n<\/ul>\n<p>A tak\u017ce:<\/p>\n<p>wniesienia w dowolnym momencie sprzeciwu wobec przetwarzania Twoich danych:<\/p>\n<ul>\n<li>z przyczyn zwi\u0105zanych z Twoj\u0105 sytuacj\u0105 \u2013 wobec przetwarzania dotycz\u0105cych Ciebie danych osobowych, opartego na art. 6 ust. 1 lit. f RODO (tj. na prawnie uzasadnionych interesach realizowanych przez administratora serwisu),<\/li>\n<li>je\u017celi dane osobowe s\u0105 przetwarzane na potrzeby marketingu bezpo\u015bredniego, w zakresie, w jakim przetwarzanie jest zwi\u0105zane z takim marketingiem bezpo\u015brednim.<\/li>\n<li>skontaktuj si\u0119 z nami, je\u015bli chcesz skorzysta\u0107 ze swoich praw.<\/li>\n<li>je\u015bli uznasz, \u017ce Twoje dane s\u0105 przetwarzane niezgodnie z prawem, mo\u017cesz z\u0142o\u017cy\u0107 skarg\u0119 do organu nadzorczego.<\/li>\n<\/ul>\n<p><strong>CIASTECZKA:<\/strong><\/p>\n<p>Nasz Sklep, jak wi\u0119kszo\u015b\u0107 witryn internetowych, korzysta z tzw. plik\u00f3w cookies (ciasteczek). Ciasteczka:<\/p>\n<ul>\n<li>zapisywane s\u0105 w pami\u0119ci Twojego urz\u0105dzenia (komputera, telefonu, itd.)<\/li>\n<li>umo\u017cliwiaj\u0105 Ci, m.in., korzystanie ze wszystkich mo\u017cliwo\u015bci i funkcji Sklepu<\/li>\n<li>nie powoduj\u0105 \u017cadnych zmian w ustawieniach Twojego urz\u0105dzenia<\/li>\n<li>korzystaj\u0105c z odpowiednich opcji Twojej przegl\u0105darki, w ka\u017cdej chwili mo\u017cesz:<\/li>\n<li>usun\u0105\u0107 pliki cookies<\/li>\n<li>blokowa\u0107\/wy\u0142\u0105czy\u0107 wykorzystanie plik\u00f3w cookies w przysz\u0142o\u015bci<\/li>\n<li>blokada\/wy\u0142\u0105czenie ciasteczek mo\u017ce spowodowa\u0107 problem lub niemo\u017cliwo\u015b\u0107 funkcjonowania strony internetowej<\/li>\n<\/ul>\n<p>W tym Sklepie ciasteczka wykorzystywane s\u0105 w celu:<\/p>\n<ul>\n<li>zapami\u0119tywania informacji o Twojej sesji w sklepie<\/li>\n<li>marketingowym<\/li>\n<li>statystycznym<\/li>\n<li>udost\u0119pniania funkcjonalno\u015bci Sklepu<\/li>\n<\/ul>\n<p>Aby dowiedzie\u0107 si\u0119 jak zarz\u0105dza\u0107 plikami cookies, w tym jak wy\u0142\u0105czy\u0107 ich obs\u0142ug\u0119 w Twojej przegl\u0105darce, skorzystaj z pomocy Twojej przegl\u0105darki. Informacje znajdziesz wciskaj\u0105c klawisz F1 w przegl\u0105darce. Ponadto dodatkowe informacje znajdziesz na nast\u0119puj\u0105cych podstronach, w zale\u017cno\u015bci od przegl\u0105darki, kt\u00f3rej u\u017cywasz:<\/p>\n<ul>\n<li><a href=\"https:\/\/support.mozilla.org\/pl\/kb\/W%C5%82%C4%85czanie%20i%20wy%C5%82%C4%85czanie%20obs%C5%82ugi%20ciasteczek\">Firefox<\/a><\/li>\n<li><a href=\"https:\/\/support.google.com\/chrome\/answer\/95647?hl=plX\">Chrome<\/a><\/li>\n<li><a href=\"https:\/\/support.apple.com\/kb\/PH5042?locale=en_US\">Safari<\/a><\/li>\n<li><a href=\"http:\/\/windows.microsoft.com\/pl-pl\/windows-10\/edge-privacy-faq\">Internet Explorer \/ Microsoft Edge<\/a><\/li>\n<li>Wi\u0119cej informacji o ciasteczkach znajdziesz w&nbsp;<a href=\"https:\/\/pl.wikipedia.org\/wiki\/HTTP_cookie\">Wikipedii<\/a>.<\/li>\n<\/ul>\n<p><strong>US\u0141UGI ZEWN\u0118TRZNE \/ ODBIORCY DANYCH:<\/strong><\/p>\n<ul>\n<li>Korzystamy z us\u0142ug podmiot\u00f3w zewn\u0119trznych, kt\u00f3rym mog\u0105 by\u0107 przekazywane Twoje dane. Poni\u017cej znajduje si\u0119 lista mo\u017cliwych odbiorc\u00f3w Twoich danych:<br><\/li>\n<li>dostawca oprogramowania potrzebnego do prowadzenia sklepu internetowego<\/li>\n<li>podmiot realizuj\u0105cy dostaw\u0119 towar\u00f3w<\/li>\n<li>dostawca p\u0142atno\u015bci<\/li>\n<li>biuro ksi\u0119gowe<\/li>\n<li>osoby wsp\u00f3\u0142pracuj\u0105ce z Tob\u0105 na podstawie um\u00f3w cywilnoprawnych, wspieraj\u0105ce Twoj\u0105 bie\u017c\u0105c\u0105 dzia\u0142alno\u015b\u0107<\/li>\n<li>odpowiednie organy publiczne w zakresie, w jakim Administrator jest zobowi\u0105zany do udost\u0119pnienia im danych<\/li>\n<\/ul>\n<p><strong>KONTAKT Z ADMINISTRATOREM:<\/strong><\/p>\n<ul>\n<li>Chcesz skorzysta\u0107 ze swoich praw dotycz\u0105cych danych osobowych?<\/li>\n<li>A mo\u017ce po prostu chcesz zapyta\u0107 o co\u015b zwi\u0105zanego z nasz\u0105 Polityk\u0105 Prywatno\u015bci?<\/li>\n<li>Napisz na adres e-mail:&nbsp;<a href=\"mailto:kontakt@koszulekaplanskie.com.pl\" style=\"font-family: var( --e-global-typography-text-font-family ), Sans-serif; font-weight: var( --e-global-typography-text-font-weight ); text-align: var(--text-align); background-color: rgb(255, 255, 255);\">kontakt@koszulekaplanskie.com.pl<\/a><\/li>\n<\/ul>\t\t\t\t\t\t\t\t<\/div>\n\t\t\t\t<\/div>\n\t\t\t\t\t<\/div>\n\t\t\t\t<\/div>\n\t\t\t\t<\/div>\n\t\t","protected":false},"excerpt":{"rendered":"<p>OPERATOR SERWISU Operatorem serwisu KoszuleKaplanskie.com.pl jest KARO Regina PolakBrzozowa 39, 61-429 Pozna\u0144, PolskaNIP&nbsp;783-125-87-56&nbsp; Dbamy o Twoj\u0105 prywatno\u015b\u0107 i chcemy, aby\u015b w czasie korzystania z naszych us\u0142ug czu\u0142 si\u0119 komfortowo. Dlatego przedstawiamy informacje o zasadach przetwarzania przez nas Twoich danych osobowych oraz plikach cookies (czyli tak zwanych ciasteczkach), kt\u00f3re s\u0105 wykorzystywane przez stron\u0119 KARO Regina Polak.&hellip;<\/p>\n","protected":false},"author":1,"featured_media":0,"parent":0,"menu_order":0,"comment_status":"closed","ping_status":"closed","template":"","meta":{"footnotes":""},"class_list":["post-2701","page","type-page","status-publish","hentry"],"yoast_head":"<!-- This site is optimized with the Yoast SEO plugin v27.4 - https:\/\/yoast.com\/product\/yoast-seo-wordpress\/ -->\n<title>Polityka prywatno\u015bci - Koszule Kap\u0142a\u0144skie KARO - Odzie\u017c dla ksi\u0119\u017cy i duchownych<\/title>\n<meta name=\"description\" content=\"Polityka prywatno\u015bci KARO. Dowiedz si\u0119 jak przetwarzamy twoje dane, z jakich udogodnie\u0144 korzystamy oraz jakie korzy\u015bci z tego p\u0142yn\u0105.\" \/>\n<meta name=\"robots\" content=\"index, follow, max-snippet:-1, max-image-preview:large, max-video-preview:-1\" \/>\n<link rel=\"canonical\" href=\"https:\/\/koszulekaplanskie.com.pl\/?page_id=2701\" \/>\n<meta property=\"og:locale\" content=\"pl_PL\" \/>\n<meta property=\"og:type\" content=\"article\" \/>\n<meta property=\"og:title\" content=\"Polityka prywatno\u015bci - Koszule Kap\u0142a\u0144skie KARO - Odzie\u017c dla ksi\u0119\u017cy i duchownych\" \/>\n<meta property=\"og:description\" content=\"Polityka prywatno\u015bci KARO. Dowiedz si\u0119 jak przetwarzamy twoje dane, z jakich udogodnie\u0144 korzystamy oraz jakie korzy\u015bci z tego p\u0142yn\u0105.\" \/>\n<meta property=\"og:url\" content=\"https:\/\/koszulekaplanskie.com.pl\/?page_id=2701\" \/>\n<meta property=\"og:site_name\" content=\"Odzie\u017c dla ksi\u0119\u017cy i duchownych\" \/>\n<meta property=\"article:modified_time\" content=\"2024-08-19T19:43:45+00:00\" \/>\n<meta property=\"og:image\" content=\"https:\/\/koszulekaplanskie.com.pl\/wp-content\/uploads\/2024\/07\/karo-logo-2.png\" \/>\n\t<meta property=\"og:image:width\" content=\"260\" \/>\n\t<meta property=\"og:image:height\" content=\"141\" \/>\n\t<meta property=\"og:image:type\" content=\"image\/png\" \/>\n<meta name=\"twitter:card\" content=\"summary_large_image\" \/>\n<meta name=\"twitter:label1\" content=\"Szacowany czas czytania\" \/>\n\t<meta name=\"twitter:data1\" content=\"6 minut\" \/>\n<script type=\"application\/ld+json\" class=\"yoast-schema-graph\">{\"@context\":\"https:\\\/\\\/schema.org\",\"@graph\":[{\"@type\":\"WebPage\",\"@id\":\"https:\\\/\\\/koszulekaplanskie.com.pl\\\/?page_id=2701\",\"url\":\"https:\\\/\\\/koszulekaplanskie.com.pl\\\/?page_id=2701\",\"name\":\"Polityka prywatno\u015bci - Koszule Kap\u0142a\u0144skie KARO - Odzie\u017c dla ksi\u0119\u017cy i duchownych\",\"isPartOf\":{\"@id\":\"https:\\\/\\\/koszulekaplanskie.com.pl\\\/#website\"},\"datePublished\":\"2024-06-29T19:57:13+00:00\",\"dateModified\":\"2024-08-19T19:43:45+00:00\",\"description\":\"Polityka prywatno\u015bci KARO. Dowiedz si\u0119 jak przetwarzamy twoje dane, z jakich udogodnie\u0144 korzystamy oraz jakie korzy\u015bci z tego p\u0142yn\u0105.\",\"breadcrumb\":{\"@id\":\"https:\\\/\\\/koszulekaplanskie.com.pl\\\/?page_id=2701#breadcrumb\"},\"inLanguage\":\"pl-PL\",\"potentialAction\":[{\"@type\":\"ReadAction\",\"target\":[\"https:\\\/\\\/koszulekaplanskie.com.pl\\\/?page_id=2701\"]}]},{\"@type\":\"BreadcrumbList\",\"@id\":\"https:\\\/\\\/koszulekaplanskie.com.pl\\\/?page_id=2701#breadcrumb\",\"itemListElement\":[{\"@type\":\"ListItem\",\"position\":1,\"name\":\"Strona g\u0142\u00f3wna\",\"item\":\"https:\\\/\\\/koszulekaplanskie.com.pl\\\/\"},{\"@type\":\"ListItem\",\"position\":2,\"name\":\"Polityka prywatno\u015bci\"}]},{\"@type\":\"WebSite\",\"@id\":\"https:\\\/\\\/koszulekaplanskie.com.pl\\\/#website\",\"url\":\"https:\\\/\\\/koszulekaplanskie.com.pl\\\/\",\"name\":\"Koszule Kap\u0142a\u0144skie - KARO Regina Polak\",\"description\":\"Firma KARO prowadzi sprzeda\u017c i szycie koszul kap\u0142a\u0144skich dla ksi\u0119\u017cy\",\"publisher\":{\"@id\":\"https:\\\/\\\/koszulekaplanskie.com.pl\\\/#organization\"},\"alternateName\":\"Koszule Kap\u0142a\u0144skie dla ksi\u0119\u017cy i os\u00f3b duchownych\",\"potentialAction\":[{\"@type\":\"SearchAction\",\"target\":{\"@type\":\"EntryPoint\",\"urlTemplate\":\"https:\\\/\\\/koszulekaplanskie.com.pl\\\/?s={search_term_string}\"},\"query-input\":{\"@type\":\"PropertyValueSpecification\",\"valueRequired\":true,\"valueName\":\"search_term_string\"}}],\"inLanguage\":\"pl-PL\"},{\"@type\":\"Organization\",\"@id\":\"https:\\\/\\\/koszulekaplanskie.com.pl\\\/#organization\",\"name\":\"Koszule Kap\u0142a\u0144skie - KARO Regina Polak\",\"url\":\"https:\\\/\\\/koszulekaplanskie.com.pl\\\/\",\"logo\":{\"@type\":\"ImageObject\",\"inLanguage\":\"pl-PL\",\"@id\":\"https:\\\/\\\/koszulekaplanskie.com.pl\\\/#\\\/schema\\\/logo\\\/image\\\/\",\"url\":\"https:\\\/\\\/koszulekaplanskie.com.pl\\\/wp-content\\\/uploads\\\/2024\\\/07\\\/karo-logo-3.png\",\"contentUrl\":\"https:\\\/\\\/koszulekaplanskie.com.pl\\\/wp-content\\\/uploads\\\/2024\\\/07\\\/karo-logo-3.png\",\"width\":180,\"height\":98,\"caption\":\"Koszule Kap\u0142a\u0144skie - KARO Regina Polak\"},\"image\":{\"@id\":\"https:\\\/\\\/koszulekaplanskie.com.pl\\\/#\\\/schema\\\/logo\\\/image\\\/\"}}]}<\/script>\n<!-- \/ Yoast SEO plugin. -->","yoast_head_json":{"title":"Polityka prywatno\u015bci - Koszule Kap\u0142a\u0144skie KARO - Odzie\u017c dla ksi\u0119\u017cy i duchownych","description":"Polityka prywatno\u015bci KARO. Dowiedz si\u0119 jak przetwarzamy twoje dane, z jakich udogodnie\u0144 korzystamy oraz jakie korzy\u015bci z tego p\u0142yn\u0105.","robots":{"index":"index","follow":"follow","max-snippet":"max-snippet:-1","max-image-preview":"max-image-preview:large","max-video-preview":"max-video-preview:-1"},"canonical":"https:\/\/koszulekaplanskie.com.pl\/?page_id=2701","og_locale":"pl_PL","og_type":"article","og_title":"Polityka prywatno\u015bci - Koszule Kap\u0142a\u0144skie KARO - Odzie\u017c dla ksi\u0119\u017cy i duchownych","og_description":"Polityka prywatno\u015bci KARO. Dowiedz si\u0119 jak przetwarzamy twoje dane, z jakich udogodnie\u0144 korzystamy oraz jakie korzy\u015bci z tego p\u0142yn\u0105.","og_url":"https:\/\/koszulekaplanskie.com.pl\/?page_id=2701","og_site_name":"Odzie\u017c dla ksi\u0119\u017cy i duchownych","article_modified_time":"2024-08-19T19:43:45+00:00","og_image":[{"width":260,"height":141,"url":"https:\/\/koszulekaplanskie.com.pl\/wp-content\/uploads\/2024\/07\/karo-logo-2.png","type":"image\/png"}],"twitter_card":"summary_large_image","twitter_misc":{"Szacowany czas czytania":"6 minut"},"schema":{"@context":"https:\/\/schema.org","@graph":[{"@type":"WebPage","@id":"https:\/\/koszulekaplanskie.com.pl\/?page_id=2701","url":"https:\/\/koszulekaplanskie.com.pl\/?page_id=2701","name":"Polityka prywatno\u015bci - Koszule Kap\u0142a\u0144skie KARO - Odzie\u017c dla ksi\u0119\u017cy i duchownych","isPartOf":{"@id":"https:\/\/koszulekaplanskie.com.pl\/#website"},"datePublished":"2024-06-29T19:57:13+00:00","dateModified":"2024-08-19T19:43:45+00:00","description":"Polityka prywatno\u015bci KARO. Dowiedz si\u0119 jak przetwarzamy twoje dane, z jakich udogodnie\u0144 korzystamy oraz jakie korzy\u015bci z tego p\u0142yn\u0105.","breadcrumb":{"@id":"https:\/\/koszulekaplanskie.com.pl\/?page_id=2701#breadcrumb"},"inLanguage":"pl-PL","potentialAction":[{"@type":"ReadAction","target":["https:\/\/koszulekaplanskie.com.pl\/?page_id=2701"]}]},{"@type":"BreadcrumbList","@id":"https:\/\/koszulekaplanskie.com.pl\/?page_id=2701#breadcrumb","itemListElement":[{"@type":"ListItem","position":1,"name":"Strona g\u0142\u00f3wna","item":"https:\/\/koszulekaplanskie.com.pl\/"},{"@type":"ListItem","position":2,"name":"Polityka prywatno\u015bci"}]},{"@type":"WebSite","@id":"https:\/\/koszulekaplanskie.com.pl\/#website","url":"https:\/\/koszulekaplanskie.com.pl\/","name":"Koszule Kap\u0142a\u0144skie - KARO Regina Polak","description":"Firma KARO prowadzi sprzeda\u017c i szycie koszul kap\u0142a\u0144skich dla ksi\u0119\u017cy","publisher":{"@id":"https:\/\/koszulekaplanskie.com.pl\/#organization"},"alternateName":"Koszule Kap\u0142a\u0144skie dla ksi\u0119\u017cy i os\u00f3b duchownych","potentialAction":[{"@type":"SearchAction","target":{"@type":"EntryPoint","urlTemplate":"https:\/\/koszulekaplanskie.com.pl\/?s={search_term_string}"},"query-input":{"@type":"PropertyValueSpecification","valueRequired":true,"valueName":"search_term_string"}}],"inLanguage":"pl-PL"},{"@type":"Organization","@id":"https:\/\/koszulekaplanskie.com.pl\/#organization","name":"Koszule Kap\u0142a\u0144skie - KARO Regina Polak","url":"https:\/\/koszulekaplanskie.com.pl\/","logo":{"@type":"ImageObject","inLanguage":"pl-PL","@id":"https:\/\/koszulekaplanskie.com.pl\/#\/schema\/logo\/image\/","url":"https:\/\/koszulekaplanskie.com.pl\/wp-content\/uploads\/2024\/07\/karo-logo-3.png","contentUrl":"https:\/\/koszulekaplanskie.com.pl\/wp-content\/uploads\/2024\/07\/karo-logo-3.png","width":180,"height":98,"caption":"Koszule Kap\u0142a\u0144skie - KARO Regina Polak"},"image":{"@id":"https:\/\/koszulekaplanskie.com.pl\/#\/schema\/logo\/image\/"}}]}},"_links":{"self":[{"href":"https:\/\/koszulekaplanskie.com.pl\/index.php?rest_route=\/wp\/v2\/pages\/2701","targetHints":{"allow":["GET"]}}],"collection":[{"href":"https:\/\/koszulekaplanskie.com.pl\/index.php?rest_route=\/wp\/v2\/pages"}],"about":[{"href":"https:\/\/koszulekaplanskie.com.pl\/index.php?rest_route=\/wp\/v2\/types\/page"}],"author":[{"embeddable":true,"href":"https:\/\/koszulekaplanskie.com.pl\/index.php?rest_route=\/wp\/v2\/users\/1"}],"replies":[{"embeddable":true,"href":"https:\/\/koszulekaplanskie.com.pl\/index.php?rest_route=%2Fwp%2Fv2%2Fcomments&post=2701"}],"version-history":[{"count":13,"href":"https:\/\/koszulekaplanskie.com.pl\/index.php?rest_route=\/wp\/v2\/pages\/2701\/revisions"}],"predecessor-version":[{"id":14018,"href":"https:\/\/koszulekaplanskie.com.pl\/index.php?rest_route=\/wp\/v2\/pages\/2701\/revisions\/14018"}],"wp:attachment":[{"href":"https:\/\/koszulekaplanskie.com.pl\/index.php?rest_route=%2Fwp%2Fv2%2Fmedia&parent=2701"}],"curies":[{"name":"wp","href":"https:\/\/api.w.org\/{rel}","templated":true}]}}