{"id":2696,"date":"2024-06-29T21:55:24","date_gmt":"2024-06-29T19:55:24","guid":{"rendered":"https:\/\/sklep-test.techpcit.pl\/?page_id=2696"},"modified":"2025-12-13T16:55:44","modified_gmt":"2025-12-13T15:55:44","slug":"czas-dostawy-koszty-i-realizacja","status":"publish","type":"page","link":"https:\/\/koszulekaplanskie.com.pl\/?page_id=2696","title":{"rendered":"Czas dostawy, koszty i realizacja"},"content":{"rendered":"\t\t<div data-elementor-type=\"wp-page\" data-elementor-id=\"2696\" class=\"elementor elementor-2696\">\n\t\t\t\t<div class=\"elementor-element elementor-element-6e13029 e-flex e-con-boxed e-con e-parent\" data-id=\"6e13029\" data-element_type=\"container\" data-e-type=\"container\">\n\t\t\t\t\t<div class=\"e-con-inner\">\n\t\t\t\t<div class=\"elementor-element elementor-element-82ab5a6 elementor-widget elementor-widget-text-editor\" data-id=\"82ab5a6\" data-element_type=\"widget\" data-e-type=\"widget\" data-widget_type=\"text-editor.default\">\n\t\t\t\t<div class=\"elementor-widget-container\">\n\t\t\t\t\t\t\t\t\t<p><strong>Dostawa towaru<\/strong><\/p>\n<ul>\n<li>Towar dostarczany jest za pomoc\u0105 firm kurierskich lub us\u0142ug paczkomatowych, koszt dostawy zale\u017cy od wybranego przewo\u017anika oraz od wielko\u015bci paczki i produktu.<\/li>\n<li>Oferujemy dostaw\u0119 do domu oraz punkt\u00f3w odbioru np. paczkomat\u00f3w Inpost.<\/li>\n<\/ul>\n<p><strong>Czas realizacji i dostawy<\/strong><\/p>\n<ul>\n<li><b>Termin realizacji zam\u00f3wienia z dostaw\u0105 wynosi do 15 dni roboczych.<\/b><\/li>\n<li>Zam\u00f3wienia realizowane s\u0105 od godziny 8:00 do 18:00, czas realizacji zam\u00f3wienia z\u0142o\u017cone po godzinie 18 rozpoczyna si\u0119 nast\u0119pnego dnia roboczego.<\/li>\n<li>W przypadku wyd\u0142u\u017cenia terminu dostawy zostaniesz poinformowany mailem lub telefonicznie.<\/li>\n<\/ul>\n<p><strong>Koszty dostawy<\/strong><\/p>\n<ul>\n<li>Koszty dostawy towaru widoczne s\u0105 podczas sk\u0142adania zam\u00f3wienia.<\/li>\n<li>Cena dostaw jest uzale\u017cniona od sposobu dostawy, oferujemy dostaw\u0119 poprzez kuriera, paczkomaty, oraz kurier za pobranie.<\/li>\n<li>Do kuriera za pobraniem doliczana jest op\u0142ata do 3% od ceny ko\u0144cowej.<\/li>\n<\/ul>\n<div>\n<p><strong>Konto bankowe<\/strong><\/p>\n<ul>\n<li>Santander Bank Polska SA<\/li>\n<li>PL39 1910 1048 2667 5928 4325 0001<\/li>\n<\/ul>\n<\/div>\t\t\t\t\t\t\t\t<\/div>\n\t\t\t\t<\/div>\n\t\t\t\t\t<\/div>\n\t\t\t\t<\/div>\n\t\t\t\t<\/div>\n\t\t","protected":false},"excerpt":{"rendered":"<p>Dostawa towaru Towar dostarczany jest za pomoc\u0105 firm kurierskich lub us\u0142ug paczkomatowych, koszt dostawy zale\u017cy od wybranego przewo\u017anika oraz od wielko\u015bci paczki i produktu. Oferujemy dostaw\u0119 do domu oraz punkt\u00f3w odbioru np. paczkomat\u00f3w Inpost. Czas realizacji i dostawy Termin realizacji zam\u00f3wienia z dostaw\u0105 wynosi do 15 dni roboczych. Zam\u00f3wienia realizowane s\u0105 od godziny 8:00 do&hellip;<\/p>\n","protected":false},"author":1,"featured_media":0,"parent":0,"menu_order":0,"comment_status":"closed","ping_status":"closed","template":"","meta":{"footnotes":""},"class_list":["post-2696","page","type-page","status-publish","hentry"],"yoast_head":"<!-- This site is optimized with the Yoast SEO plugin v27.4 - https:\/\/yoast.com\/product\/yoast-seo-wordpress\/ -->\n<title>Czas dostawy, koszty i realizacja - Odzie\u017c dla ksi\u0119\u017cy i duchownych<\/title>\n<meta name=\"description\" content=\"Poznaj szczeg\u00f3\u0142y dotycz\u0105ce czasu dostawy, realizacji zam\u00f3wie\u0144 i koszt\u00f3w. Oferujemy bezpieczne opcje dostawy i szczeg\u00f3\u0142owy proces realizacji zam\u00f3wie\u0144.\" \/>\n<meta name=\"robots\" content=\"index, follow, max-snippet:-1, max-image-preview:large, max-video-preview:-1\" \/>\n<link rel=\"canonical\" href=\"https:\/\/koszulekaplanskie.com.pl\/?page_id=2696\" \/>\n<meta property=\"og:locale\" content=\"pl_PL\" \/>\n<meta property=\"og:type\" content=\"article\" \/>\n<meta property=\"og:title\" content=\"Czas dostawy, koszty i realizacja - Odzie\u017c dla ksi\u0119\u017cy i duchownych\" \/>\n<meta property=\"og:description\" content=\"Poznaj szczeg\u00f3\u0142y dotycz\u0105ce czasu dostawy, realizacji zam\u00f3wie\u0144 i koszt\u00f3w. Oferujemy bezpieczne opcje dostawy i szczeg\u00f3\u0142owy proces realizacji zam\u00f3wie\u0144.\" \/>\n<meta property=\"og:url\" content=\"https:\/\/koszulekaplanskie.com.pl\/?page_id=2696\" \/>\n<meta property=\"og:site_name\" content=\"Odzie\u017c dla ksi\u0119\u017cy i duchownych\" \/>\n<meta property=\"article:modified_time\" content=\"2025-12-13T15:55:44+00:00\" \/>\n<meta property=\"og:image\" content=\"https:\/\/koszulekaplanskie.com.pl\/wp-content\/uploads\/2024\/07\/karo-logo-2.png\" \/>\n\t<meta property=\"og:image:width\" content=\"260\" \/>\n\t<meta property=\"og:image:height\" content=\"141\" \/>\n\t<meta property=\"og:image:type\" content=\"image\/png\" \/>\n<meta name=\"twitter:card\" content=\"summary_large_image\" \/>\n<meta name=\"twitter:label1\" content=\"Szacowany czas czytania\" \/>\n\t<meta name=\"twitter:data1\" content=\"1 minuta\" \/>\n<script type=\"application\/ld+json\" class=\"yoast-schema-graph\">{\"@context\":\"https:\\\/\\\/schema.org\",\"@graph\":[{\"@type\":\"WebPage\",\"@id\":\"https:\\\/\\\/koszulekaplanskie.com.pl\\\/?page_id=2696\",\"url\":\"https:\\\/\\\/koszulekaplanskie.com.pl\\\/?page_id=2696\",\"name\":\"Czas dostawy, koszty i realizacja - Odzie\u017c dla ksi\u0119\u017cy i duchownych\",\"isPartOf\":{\"@id\":\"https:\\\/\\\/koszulekaplanskie.com.pl\\\/#website\"},\"datePublished\":\"2024-06-29T19:55:24+00:00\",\"dateModified\":\"2025-12-13T15:55:44+00:00\",\"description\":\"Poznaj szczeg\u00f3\u0142y dotycz\u0105ce czasu dostawy, realizacji zam\u00f3wie\u0144 i koszt\u00f3w. Oferujemy bezpieczne opcje dostawy i szczeg\u00f3\u0142owy proces realizacji zam\u00f3wie\u0144.\",\"breadcrumb\":{\"@id\":\"https:\\\/\\\/koszulekaplanskie.com.pl\\\/?page_id=2696#breadcrumb\"},\"inLanguage\":\"pl-PL\",\"potentialAction\":[{\"@type\":\"ReadAction\",\"target\":[\"https:\\\/\\\/koszulekaplanskie.com.pl\\\/?page_id=2696\"]}]},{\"@type\":\"BreadcrumbList\",\"@id\":\"https:\\\/\\\/koszulekaplanskie.com.pl\\\/?page_id=2696#breadcrumb\",\"itemListElement\":[{\"@type\":\"ListItem\",\"position\":1,\"name\":\"Strona g\u0142\u00f3wna\",\"item\":\"https:\\\/\\\/koszulekaplanskie.com.pl\\\/\"},{\"@type\":\"ListItem\",\"position\":2,\"name\":\"Czas dostawy, koszty i realizacja\"}]},{\"@type\":\"WebSite\",\"@id\":\"https:\\\/\\\/koszulekaplanskie.com.pl\\\/#website\",\"url\":\"https:\\\/\\\/koszulekaplanskie.com.pl\\\/\",\"name\":\"Koszule Kap\u0142a\u0144skie - KARO Regina Polak\",\"description\":\"Firma KARO prowadzi sprzeda\u017c i szycie koszul kap\u0142a\u0144skich dla ksi\u0119\u017cy\",\"publisher\":{\"@id\":\"https:\\\/\\\/koszulekaplanskie.com.pl\\\/#organization\"},\"alternateName\":\"Koszule Kap\u0142a\u0144skie dla ksi\u0119\u017cy i os\u00f3b duchownych\",\"potentialAction\":[{\"@type\":\"SearchAction\",\"target\":{\"@type\":\"EntryPoint\",\"urlTemplate\":\"https:\\\/\\\/koszulekaplanskie.com.pl\\\/?s={search_term_string}\"},\"query-input\":{\"@type\":\"PropertyValueSpecification\",\"valueRequired\":true,\"valueName\":\"search_term_string\"}}],\"inLanguage\":\"pl-PL\"},{\"@type\":\"Organization\",\"@id\":\"https:\\\/\\\/koszulekaplanskie.com.pl\\\/#organization\",\"name\":\"Koszule Kap\u0142a\u0144skie - KARO Regina Polak\",\"url\":\"https:\\\/\\\/koszulekaplanskie.com.pl\\\/\",\"logo\":{\"@type\":\"ImageObject\",\"inLanguage\":\"pl-PL\",\"@id\":\"https:\\\/\\\/koszulekaplanskie.com.pl\\\/#\\\/schema\\\/logo\\\/image\\\/\",\"url\":\"https:\\\/\\\/koszulekaplanskie.com.pl\\\/wp-content\\\/uploads\\\/2024\\\/07\\\/karo-logo-3.png\",\"contentUrl\":\"https:\\\/\\\/koszulekaplanskie.com.pl\\\/wp-content\\\/uploads\\\/2024\\\/07\\\/karo-logo-3.png\",\"width\":180,\"height\":98,\"caption\":\"Koszule Kap\u0142a\u0144skie - KARO Regina Polak\"},\"image\":{\"@id\":\"https:\\\/\\\/koszulekaplanskie.com.pl\\\/#\\\/schema\\\/logo\\\/image\\\/\"}}]}<\/script>\n<!-- \/ Yoast SEO plugin. -->","yoast_head_json":{"title":"Czas dostawy, koszty i realizacja - Odzie\u017c dla ksi\u0119\u017cy i duchownych","description":"Poznaj szczeg\u00f3\u0142y dotycz\u0105ce czasu dostawy, realizacji zam\u00f3wie\u0144 i koszt\u00f3w. Oferujemy bezpieczne opcje dostawy i szczeg\u00f3\u0142owy proces realizacji zam\u00f3wie\u0144.","robots":{"index":"index","follow":"follow","max-snippet":"max-snippet:-1","max-image-preview":"max-image-preview:large","max-video-preview":"max-video-preview:-1"},"canonical":"https:\/\/koszulekaplanskie.com.pl\/?page_id=2696","og_locale":"pl_PL","og_type":"article","og_title":"Czas dostawy, koszty i realizacja - Odzie\u017c dla ksi\u0119\u017cy i duchownych","og_description":"Poznaj szczeg\u00f3\u0142y dotycz\u0105ce czasu dostawy, realizacji zam\u00f3wie\u0144 i koszt\u00f3w. Oferujemy bezpieczne opcje dostawy i szczeg\u00f3\u0142owy proces realizacji zam\u00f3wie\u0144.","og_url":"https:\/\/koszulekaplanskie.com.pl\/?page_id=2696","og_site_name":"Odzie\u017c dla ksi\u0119\u017cy i duchownych","article_modified_time":"2025-12-13T15:55:44+00:00","og_image":[{"width":260,"height":141,"url":"https:\/\/koszulekaplanskie.com.pl\/wp-content\/uploads\/2024\/07\/karo-logo-2.png","type":"image\/png"}],"twitter_card":"summary_large_image","twitter_misc":{"Szacowany czas czytania":"1 minuta"},"schema":{"@context":"https:\/\/schema.org","@graph":[{"@type":"WebPage","@id":"https:\/\/koszulekaplanskie.com.pl\/?page_id=2696","url":"https:\/\/koszulekaplanskie.com.pl\/?page_id=2696","name":"Czas dostawy, koszty i realizacja - Odzie\u017c dla ksi\u0119\u017cy i duchownych","isPartOf":{"@id":"https:\/\/koszulekaplanskie.com.pl\/#website"},"datePublished":"2024-06-29T19:55:24+00:00","dateModified":"2025-12-13T15:55:44+00:00","description":"Poznaj szczeg\u00f3\u0142y dotycz\u0105ce czasu dostawy, realizacji zam\u00f3wie\u0144 i koszt\u00f3w. Oferujemy bezpieczne opcje dostawy i szczeg\u00f3\u0142owy proces realizacji zam\u00f3wie\u0144.","breadcrumb":{"@id":"https:\/\/koszulekaplanskie.com.pl\/?page_id=2696#breadcrumb"},"inLanguage":"pl-PL","potentialAction":[{"@type":"ReadAction","target":["https:\/\/koszulekaplanskie.com.pl\/?page_id=2696"]}]},{"@type":"BreadcrumbList","@id":"https:\/\/koszulekaplanskie.com.pl\/?page_id=2696#breadcrumb","itemListElement":[{"@type":"ListItem","position":1,"name":"Strona g\u0142\u00f3wna","item":"https:\/\/koszulekaplanskie.com.pl\/"},{"@type":"ListItem","position":2,"name":"Czas dostawy, koszty i realizacja"}]},{"@type":"WebSite","@id":"https:\/\/koszulekaplanskie.com.pl\/#website","url":"https:\/\/koszulekaplanskie.com.pl\/","name":"Koszule Kap\u0142a\u0144skie - KARO Regina Polak","description":"Firma KARO prowadzi sprzeda\u017c i szycie koszul kap\u0142a\u0144skich dla ksi\u0119\u017cy","publisher":{"@id":"https:\/\/koszulekaplanskie.com.pl\/#organization"},"alternateName":"Koszule Kap\u0142a\u0144skie dla ksi\u0119\u017cy i os\u00f3b duchownych","potentialAction":[{"@type":"SearchAction","target":{"@type":"EntryPoint","urlTemplate":"https:\/\/koszulekaplanskie.com.pl\/?s={search_term_string}"},"query-input":{"@type":"PropertyValueSpecification","valueRequired":true,"valueName":"search_term_string"}}],"inLanguage":"pl-PL"},{"@type":"Organization","@id":"https:\/\/koszulekaplanskie.com.pl\/#organization","name":"Koszule Kap\u0142a\u0144skie - KARO Regina Polak","url":"https:\/\/koszulekaplanskie.com.pl\/","logo":{"@type":"ImageObject","inLanguage":"pl-PL","@id":"https:\/\/koszulekaplanskie.com.pl\/#\/schema\/logo\/image\/","url":"https:\/\/koszulekaplanskie.com.pl\/wp-content\/uploads\/2024\/07\/karo-logo-3.png","contentUrl":"https:\/\/koszulekaplanskie.com.pl\/wp-content\/uploads\/2024\/07\/karo-logo-3.png","width":180,"height":98,"caption":"Koszule Kap\u0142a\u0144skie - KARO Regina Polak"},"image":{"@id":"https:\/\/koszulekaplanskie.com.pl\/#\/schema\/logo\/image\/"}}]}},"_links":{"self":[{"href":"https:\/\/koszulekaplanskie.com.pl\/index.php?rest_route=\/wp\/v2\/pages\/2696","targetHints":{"allow":["GET"]}}],"collection":[{"href":"https:\/\/koszulekaplanskie.com.pl\/index.php?rest_route=\/wp\/v2\/pages"}],"about":[{"href":"https:\/\/koszulekaplanskie.com.pl\/index.php?rest_route=\/wp\/v2\/types\/page"}],"author":[{"embeddable":true,"href":"https:\/\/koszulekaplanskie.com.pl\/index.php?rest_route=\/wp\/v2\/users\/1"}],"replies":[{"embeddable":true,"href":"https:\/\/koszulekaplanskie.com.pl\/index.php?rest_route=%2Fwp%2Fv2%2Fcomments&post=2696"}],"version-history":[{"count":38,"href":"https:\/\/koszulekaplanskie.com.pl\/index.php?rest_route=\/wp\/v2\/pages\/2696\/revisions"}],"predecessor-version":[{"id":19008,"href":"https:\/\/koszulekaplanskie.com.pl\/index.php?rest_route=\/wp\/v2\/pages\/2696\/revisions\/19008"}],"wp:attachment":[{"href":"https:\/\/koszulekaplanskie.com.pl\/index.php?rest_route=%2Fwp%2Fv2%2Fmedia&parent=2696"}],"curies":[{"name":"wp","href":"https:\/\/api.w.org\/{rel}","templated":true}]}}