{"id":2688,"date":"2024-06-29T21:50:28","date_gmt":"2024-06-29T19:50:28","guid":{"rendered":"https:\/\/sklep-test.techpcit.pl\/?page_id=2688"},"modified":"2024-08-16T13:17:44","modified_gmt":"2024-08-16T11:17:44","slug":"formy-platnosci","status":"publish","type":"page","link":"https:\/\/koszulekaplanskie.com.pl\/?page_id=2688","title":{"rendered":"Formy p\u0142atno\u015bci"},"content":{"rendered":"\t\t<div data-elementor-type=\"wp-page\" data-elementor-id=\"2688\" class=\"elementor elementor-2688\">\n\t\t\t\t<div class=\"elementor-element elementor-element-7f56e74 e-flex e-con-boxed e-con e-parent\" data-id=\"7f56e74\" data-element_type=\"container\" data-e-type=\"container\">\n\t\t\t\t\t<div class=\"e-con-inner\">\n\t\t\t\t<div class=\"elementor-element elementor-element-7f01645 elementor-widget elementor-widget-image\" data-id=\"7f01645\" data-element_type=\"widget\" data-e-type=\"widget\" data-widget_type=\"image.default\">\n\t\t\t\t<div class=\"elementor-widget-container\">\n\t\t\t\t\t\t\t\t\t\t\t\t\t\t\t<img fetchpriority=\"high\" decoding=\"async\" width=\"782\" height=\"449\" src=\"https:\/\/koszulekaplanskie.com.pl\/wp-content\/uploads\/2024\/07\/Bez-tytulu.png\" class=\"attachment-large size-large wp-image-7125\" alt=\"\" srcset=\"https:\/\/koszulekaplanskie.com.pl\/wp-content\/uploads\/2024\/07\/Bez-tytulu.png 782w, https:\/\/koszulekaplanskie.com.pl\/wp-content\/uploads\/2024\/07\/Bez-tytulu-300x172.png 300w, https:\/\/koszulekaplanskie.com.pl\/wp-content\/uploads\/2024\/07\/Bez-tytulu-768x441.png 768w, https:\/\/koszulekaplanskie.com.pl\/wp-content\/uploads\/2024\/07\/Bez-tytulu-600x345.png 600w\" sizes=\"(max-width: 782px) 100vw, 782px\" \/>\t\t\t\t\t\t\t\t\t\t\t\t\t\t\t<\/div>\n\t\t\t\t<\/div>\n\t\t\t\t\t<\/div>\n\t\t\t\t<\/div>\n\t\t<div class=\"elementor-element elementor-element-98337c6 e-flex e-con-boxed e-con e-parent\" data-id=\"98337c6\" data-element_type=\"container\" data-e-type=\"container\">\n\t\t\t\t\t<div class=\"e-con-inner\">\n\t\t\t\t<div class=\"elementor-element elementor-element-ed6d25d elementor-widget elementor-widget-text-editor\" data-id=\"ed6d25d\" data-element_type=\"widget\" data-e-type=\"widget\" data-widget_type=\"text-editor.default\">\n\t\t\t\t<div class=\"elementor-widget-container\">\n\t\t\t\t\t\t\t\t\t<p><strong>Dost\u0119pne formy p\u0142atno\u015bci na stronie internetowej<\/strong><\/p><p>Na stronie oferujemy powy\u017csze formy p\u0142atno\u015bci:<\/p><ul><li><a href=\"https:\/\/www.przelewy24.pl\/\" target=\"_blank\" rel=\"noopener\">Przelewy24<\/a>\u00a0\u2013 zap\u0142ata poprzez logowanie do banku<\/li><li><a href=\"https:\/\/blik.com\/\">BLIK<\/a>\u00a0\u2013 zap\u0142ata poprzez wprowadzenie kodu BLIK<\/li><li>Pobranie, zap\u0142ata u kuriera \u2013 op\u0142ata zam\u00f3wienia u kuriera.<\/li><li>Karta kredytowa\/debetowa \u2013\u00a0op\u0142ata przez kart\u0119 kredytow\u0105<\/li><\/ul><p>Pobranie mo\u017ce wi\u0105za\u0107 si\u0119 z dodatkowymi kosztami ustalonymi przez firmy kurierskie.<\/p><p>\u00a0<\/p><p>\u00a0<\/p><center><b>Konto bankowe\u00a0<\/b><\/center><center>Santander Bank Polska SA\u00a0<\/center><center>PL39 1910 1048 2667 5928 4325 0001<br \/><span style=\"color: var( --e-global-color-text ); font-family: var( --e-global-typography-text-font-family ), Sans-serif; font-weight: var( --e-global-typography-text-font-weight ); text-align: var(--text-align);\">BLIK: 501 313 268<\/span><\/center><p>\u00a0<\/p>\t\t\t\t\t\t\t\t<\/div>\n\t\t\t\t<\/div>\n\t\t\t\t<div class=\"elementor-element elementor-element-2456ebe elementor-widget elementor-widget-text-editor\" data-id=\"2456ebe\" data-element_type=\"widget\" data-e-type=\"widget\" data-widget_type=\"text-editor.default\">\n\t\t\t\t<div class=\"elementor-widget-container\">\n\t\t\t\t\t\t\t\t\t<p>Zapraszamy do zapoznania si\u0119 z ofert\u0105 naszego\u00a0<a style=\"font-family: var( --e-global-typography-text-font-family ), Sans-serif; font-weight: var( --e-global-typography-text-font-weight ); text-align: var(--text-align); background-color: #ffffff;\" href=\"https:\/\/koszulekaplanskie.com.pl\/?page_id=383\" target=\"_blank\" rel=\"noopener\">sklepu.<\/a><\/p>\t\t\t\t\t\t\t\t<\/div>\n\t\t\t\t<\/div>\n\t\t\t\t\t<\/div>\n\t\t\t\t<\/div>\n\t\t\t\t<\/div>\n\t\t","protected":false},"excerpt":{"rendered":"<p>Dost\u0119pne formy p\u0142atno\u015bci na stronie internetowej Na stronie oferujemy powy\u017csze formy p\u0142atno\u015bci: Przelewy24\u00a0\u2013 zap\u0142ata poprzez logowanie do banku BLIK\u00a0\u2013 zap\u0142ata poprzez wprowadzenie kodu BLIK Pobranie, zap\u0142ata u kuriera \u2013 op\u0142ata zam\u00f3wienia u kuriera. Karta kredytowa\/debetowa \u2013\u00a0op\u0142ata przez kart\u0119 kredytow\u0105 Pobranie mo\u017ce wi\u0105za\u0107 si\u0119 z dodatkowymi kosztami ustalonymi przez firmy kurierskie. \u00a0 \u00a0 Konto bankowe\u00a0Santander Bank&hellip;<\/p>\n","protected":false},"author":1,"featured_media":0,"parent":0,"menu_order":0,"comment_status":"closed","ping_status":"closed","template":"","meta":{"footnotes":""},"class_list":["post-2688","page","type-page","status-publish","hentry"],"yoast_head":"<!-- This site is optimized with the Yoast SEO plugin v27.4 - https:\/\/yoast.com\/product\/yoast-seo-wordpress\/ -->\n<title>Formy p\u0142atno\u015bci - Odzie\u017c dla ksi\u0119\u017cy i duchownych<\/title>\n<meta name=\"description\" content=\"Zam\u00f3w koszul\u0119 kap\u0142a\u0144sk\u0105 i op\u0142a\u0107 j\u0105 przez BLIK, kart\u0119 kredytow\u0105 lub przez Przelewy24. Wszystko jest zintegrowane i bezpieczne.\" \/>\n<meta name=\"robots\" content=\"index, follow, max-snippet:-1, max-image-preview:large, max-video-preview:-1\" \/>\n<link rel=\"canonical\" href=\"https:\/\/koszulekaplanskie.com.pl\/?page_id=2688\" \/>\n<meta property=\"og:locale\" content=\"pl_PL\" \/>\n<meta property=\"og:type\" content=\"article\" \/>\n<meta property=\"og:title\" content=\"Formy p\u0142atno\u015bci - Odzie\u017c dla ksi\u0119\u017cy i duchownych\" \/>\n<meta property=\"og:description\" content=\"Zam\u00f3w koszul\u0119 kap\u0142a\u0144sk\u0105 i op\u0142a\u0107 j\u0105 przez BLIK, kart\u0119 kredytow\u0105 lub przez Przelewy24. Wszystko jest zintegrowane i bezpieczne.\" \/>\n<meta property=\"og:url\" content=\"https:\/\/koszulekaplanskie.com.pl\/?page_id=2688\" \/>\n<meta property=\"og:site_name\" content=\"Odzie\u017c dla ksi\u0119\u017cy i duchownych\" \/>\n<meta property=\"article:modified_time\" content=\"2024-08-16T11:17:44+00:00\" \/>\n<meta property=\"og:image\" content=\"https:\/\/koszulekaplanskie.com.pl\/wp-content\/uploads\/2024\/07\/Bez-tytulu.png\" \/>\n<meta name=\"twitter:card\" content=\"summary_large_image\" \/>\n<meta name=\"twitter:label1\" content=\"Szacowany czas czytania\" \/>\n\t<meta name=\"twitter:data1\" content=\"1 minuta\" \/>\n<script type=\"application\/ld+json\" class=\"yoast-schema-graph\">{\"@context\":\"https:\\\/\\\/schema.org\",\"@graph\":[{\"@type\":\"WebPage\",\"@id\":\"https:\\\/\\\/koszulekaplanskie.com.pl\\\/?page_id=2688\",\"url\":\"https:\\\/\\\/koszulekaplanskie.com.pl\\\/?page_id=2688\",\"name\":\"Formy p\u0142atno\u015bci - Odzie\u017c dla ksi\u0119\u017cy i duchownych\",\"isPartOf\":{\"@id\":\"https:\\\/\\\/koszulekaplanskie.com.pl\\\/#website\"},\"primaryImageOfPage\":{\"@id\":\"https:\\\/\\\/koszulekaplanskie.com.pl\\\/?page_id=2688#primaryimage\"},\"image\":{\"@id\":\"https:\\\/\\\/koszulekaplanskie.com.pl\\\/?page_id=2688#primaryimage\"},\"thumbnailUrl\":\"https:\\\/\\\/koszulekaplanskie.com.pl\\\/wp-content\\\/uploads\\\/2024\\\/07\\\/Bez-tytulu.png\",\"datePublished\":\"2024-06-29T19:50:28+00:00\",\"dateModified\":\"2024-08-16T11:17:44+00:00\",\"description\":\"Zam\u00f3w koszul\u0119 kap\u0142a\u0144sk\u0105 i op\u0142a\u0107 j\u0105 przez BLIK, kart\u0119 kredytow\u0105 lub przez Przelewy24. Wszystko jest zintegrowane i bezpieczne.\",\"breadcrumb\":{\"@id\":\"https:\\\/\\\/koszulekaplanskie.com.pl\\\/?page_id=2688#breadcrumb\"},\"inLanguage\":\"pl-PL\",\"potentialAction\":[{\"@type\":\"ReadAction\",\"target\":[\"https:\\\/\\\/koszulekaplanskie.com.pl\\\/?page_id=2688\"]}]},{\"@type\":\"ImageObject\",\"inLanguage\":\"pl-PL\",\"@id\":\"https:\\\/\\\/koszulekaplanskie.com.pl\\\/?page_id=2688#primaryimage\",\"url\":\"https:\\\/\\\/koszulekaplanskie.com.pl\\\/wp-content\\\/uploads\\\/2024\\\/07\\\/Bez-tytulu.png\",\"contentUrl\":\"https:\\\/\\\/koszulekaplanskie.com.pl\\\/wp-content\\\/uploads\\\/2024\\\/07\\\/Bez-tytulu.png\",\"width\":782,\"height\":449},{\"@type\":\"BreadcrumbList\",\"@id\":\"https:\\\/\\\/koszulekaplanskie.com.pl\\\/?page_id=2688#breadcrumb\",\"itemListElement\":[{\"@type\":\"ListItem\",\"position\":1,\"name\":\"Strona g\u0142\u00f3wna\",\"item\":\"https:\\\/\\\/koszulekaplanskie.com.pl\\\/\"},{\"@type\":\"ListItem\",\"position\":2,\"name\":\"Formy p\u0142atno\u015bci\"}]},{\"@type\":\"WebSite\",\"@id\":\"https:\\\/\\\/koszulekaplanskie.com.pl\\\/#website\",\"url\":\"https:\\\/\\\/koszulekaplanskie.com.pl\\\/\",\"name\":\"Koszule Kap\u0142a\u0144skie - KARO Regina Polak\",\"description\":\"Firma KARO prowadzi sprzeda\u017c i szycie koszul kap\u0142a\u0144skich dla ksi\u0119\u017cy\",\"publisher\":{\"@id\":\"https:\\\/\\\/koszulekaplanskie.com.pl\\\/#organization\"},\"alternateName\":\"Koszule Kap\u0142a\u0144skie dla ksi\u0119\u017cy i os\u00f3b duchownych\",\"potentialAction\":[{\"@type\":\"SearchAction\",\"target\":{\"@type\":\"EntryPoint\",\"urlTemplate\":\"https:\\\/\\\/koszulekaplanskie.com.pl\\\/?s={search_term_string}\"},\"query-input\":{\"@type\":\"PropertyValueSpecification\",\"valueRequired\":true,\"valueName\":\"search_term_string\"}}],\"inLanguage\":\"pl-PL\"},{\"@type\":\"Organization\",\"@id\":\"https:\\\/\\\/koszulekaplanskie.com.pl\\\/#organization\",\"name\":\"Koszule Kap\u0142a\u0144skie - KARO Regina Polak\",\"url\":\"https:\\\/\\\/koszulekaplanskie.com.pl\\\/\",\"logo\":{\"@type\":\"ImageObject\",\"inLanguage\":\"pl-PL\",\"@id\":\"https:\\\/\\\/koszulekaplanskie.com.pl\\\/#\\\/schema\\\/logo\\\/image\\\/\",\"url\":\"https:\\\/\\\/koszulekaplanskie.com.pl\\\/wp-content\\\/uploads\\\/2024\\\/07\\\/karo-logo-3.png\",\"contentUrl\":\"https:\\\/\\\/koszulekaplanskie.com.pl\\\/wp-content\\\/uploads\\\/2024\\\/07\\\/karo-logo-3.png\",\"width\":180,\"height\":98,\"caption\":\"Koszule Kap\u0142a\u0144skie - KARO Regina Polak\"},\"image\":{\"@id\":\"https:\\\/\\\/koszulekaplanskie.com.pl\\\/#\\\/schema\\\/logo\\\/image\\\/\"}}]}<\/script>\n<!-- \/ Yoast SEO plugin. -->","yoast_head_json":{"title":"Formy p\u0142atno\u015bci - Odzie\u017c dla ksi\u0119\u017cy i duchownych","description":"Zam\u00f3w koszul\u0119 kap\u0142a\u0144sk\u0105 i op\u0142a\u0107 j\u0105 przez BLIK, kart\u0119 kredytow\u0105 lub przez Przelewy24. Wszystko jest zintegrowane i bezpieczne.","robots":{"index":"index","follow":"follow","max-snippet":"max-snippet:-1","max-image-preview":"max-image-preview:large","max-video-preview":"max-video-preview:-1"},"canonical":"https:\/\/koszulekaplanskie.com.pl\/?page_id=2688","og_locale":"pl_PL","og_type":"article","og_title":"Formy p\u0142atno\u015bci - Odzie\u017c dla ksi\u0119\u017cy i duchownych","og_description":"Zam\u00f3w koszul\u0119 kap\u0142a\u0144sk\u0105 i op\u0142a\u0107 j\u0105 przez BLIK, kart\u0119 kredytow\u0105 lub przez Przelewy24. Wszystko jest zintegrowane i bezpieczne.","og_url":"https:\/\/koszulekaplanskie.com.pl\/?page_id=2688","og_site_name":"Odzie\u017c dla ksi\u0119\u017cy i duchownych","article_modified_time":"2024-08-16T11:17:44+00:00","og_image":[{"url":"https:\/\/koszulekaplanskie.com.pl\/wp-content\/uploads\/2024\/07\/Bez-tytulu.png","type":"","width":"","height":""}],"twitter_card":"summary_large_image","twitter_misc":{"Szacowany czas czytania":"1 minuta"},"schema":{"@context":"https:\/\/schema.org","@graph":[{"@type":"WebPage","@id":"https:\/\/koszulekaplanskie.com.pl\/?page_id=2688","url":"https:\/\/koszulekaplanskie.com.pl\/?page_id=2688","name":"Formy p\u0142atno\u015bci - Odzie\u017c dla ksi\u0119\u017cy i duchownych","isPartOf":{"@id":"https:\/\/koszulekaplanskie.com.pl\/#website"},"primaryImageOfPage":{"@id":"https:\/\/koszulekaplanskie.com.pl\/?page_id=2688#primaryimage"},"image":{"@id":"https:\/\/koszulekaplanskie.com.pl\/?page_id=2688#primaryimage"},"thumbnailUrl":"https:\/\/koszulekaplanskie.com.pl\/wp-content\/uploads\/2024\/07\/Bez-tytulu.png","datePublished":"2024-06-29T19:50:28+00:00","dateModified":"2024-08-16T11:17:44+00:00","description":"Zam\u00f3w koszul\u0119 kap\u0142a\u0144sk\u0105 i op\u0142a\u0107 j\u0105 przez BLIK, kart\u0119 kredytow\u0105 lub przez Przelewy24. Wszystko jest zintegrowane i bezpieczne.","breadcrumb":{"@id":"https:\/\/koszulekaplanskie.com.pl\/?page_id=2688#breadcrumb"},"inLanguage":"pl-PL","potentialAction":[{"@type":"ReadAction","target":["https:\/\/koszulekaplanskie.com.pl\/?page_id=2688"]}]},{"@type":"ImageObject","inLanguage":"pl-PL","@id":"https:\/\/koszulekaplanskie.com.pl\/?page_id=2688#primaryimage","url":"https:\/\/koszulekaplanskie.com.pl\/wp-content\/uploads\/2024\/07\/Bez-tytulu.png","contentUrl":"https:\/\/koszulekaplanskie.com.pl\/wp-content\/uploads\/2024\/07\/Bez-tytulu.png","width":782,"height":449},{"@type":"BreadcrumbList","@id":"https:\/\/koszulekaplanskie.com.pl\/?page_id=2688#breadcrumb","itemListElement":[{"@type":"ListItem","position":1,"name":"Strona g\u0142\u00f3wna","item":"https:\/\/koszulekaplanskie.com.pl\/"},{"@type":"ListItem","position":2,"name":"Formy p\u0142atno\u015bci"}]},{"@type":"WebSite","@id":"https:\/\/koszulekaplanskie.com.pl\/#website","url":"https:\/\/koszulekaplanskie.com.pl\/","name":"Koszule Kap\u0142a\u0144skie - KARO Regina Polak","description":"Firma KARO prowadzi sprzeda\u017c i szycie koszul kap\u0142a\u0144skich dla ksi\u0119\u017cy","publisher":{"@id":"https:\/\/koszulekaplanskie.com.pl\/#organization"},"alternateName":"Koszule Kap\u0142a\u0144skie dla ksi\u0119\u017cy i os\u00f3b duchownych","potentialAction":[{"@type":"SearchAction","target":{"@type":"EntryPoint","urlTemplate":"https:\/\/koszulekaplanskie.com.pl\/?s={search_term_string}"},"query-input":{"@type":"PropertyValueSpecification","valueRequired":true,"valueName":"search_term_string"}}],"inLanguage":"pl-PL"},{"@type":"Organization","@id":"https:\/\/koszulekaplanskie.com.pl\/#organization","name":"Koszule Kap\u0142a\u0144skie - KARO Regina Polak","url":"https:\/\/koszulekaplanskie.com.pl\/","logo":{"@type":"ImageObject","inLanguage":"pl-PL","@id":"https:\/\/koszulekaplanskie.com.pl\/#\/schema\/logo\/image\/","url":"https:\/\/koszulekaplanskie.com.pl\/wp-content\/uploads\/2024\/07\/karo-logo-3.png","contentUrl":"https:\/\/koszulekaplanskie.com.pl\/wp-content\/uploads\/2024\/07\/karo-logo-3.png","width":180,"height":98,"caption":"Koszule Kap\u0142a\u0144skie - KARO Regina Polak"},"image":{"@id":"https:\/\/koszulekaplanskie.com.pl\/#\/schema\/logo\/image\/"}}]}},"_links":{"self":[{"href":"https:\/\/koszulekaplanskie.com.pl\/index.php?rest_route=\/wp\/v2\/pages\/2688","targetHints":{"allow":["GET"]}}],"collection":[{"href":"https:\/\/koszulekaplanskie.com.pl\/index.php?rest_route=\/wp\/v2\/pages"}],"about":[{"href":"https:\/\/koszulekaplanskie.com.pl\/index.php?rest_route=\/wp\/v2\/types\/page"}],"author":[{"embeddable":true,"href":"https:\/\/koszulekaplanskie.com.pl\/index.php?rest_route=\/wp\/v2\/users\/1"}],"replies":[{"embeddable":true,"href":"https:\/\/koszulekaplanskie.com.pl\/index.php?rest_route=%2Fwp%2Fv2%2Fcomments&post=2688"}],"version-history":[{"count":25,"href":"https:\/\/koszulekaplanskie.com.pl\/index.php?rest_route=\/wp\/v2\/pages\/2688\/revisions"}],"predecessor-version":[{"id":15039,"href":"https:\/\/koszulekaplanskie.com.pl\/index.php?rest_route=\/wp\/v2\/pages\/2688\/revisions\/15039"}],"wp:attachment":[{"href":"https:\/\/koszulekaplanskie.com.pl\/index.php?rest_route=%2Fwp%2Fv2%2Fmedia&parent=2688"}],"curies":[{"name":"wp","href":"https:\/\/api.w.org\/{rel}","templated":true}]}}