{"id":2682,"date":"2024-06-29T21:48:42","date_gmt":"2024-06-29T19:48:42","guid":{"rendered":"https:\/\/sklep-test.techpcit.pl\/?page_id=2682"},"modified":"2024-08-16T13:15:03","modified_gmt":"2024-08-16T11:15:03","slug":"jak-kupowac-koszule","status":"publish","type":"page","link":"https:\/\/koszulekaplanskie.com.pl\/?page_id=2682","title":{"rendered":"Jak kupowa\u0107?"},"content":{"rendered":"\t\t<div data-elementor-type=\"wp-page\" data-elementor-id=\"2682\" class=\"elementor elementor-2682\">\n\t\t\t\t<div class=\"elementor-element elementor-element-7007943 e-flex e-con-boxed e-con e-parent\" data-id=\"7007943\" data-element_type=\"container\" data-e-type=\"container\">\n\t\t\t\t\t<div class=\"e-con-inner\">\n\t\t\t\t<div class=\"elementor-element elementor-element-2e48dbd elementor-widget elementor-widget-text-editor\" data-id=\"2e48dbd\" data-element_type=\"widget\" data-e-type=\"widget\" data-widget_type=\"text-editor.default\">\n\t\t\t\t<div class=\"elementor-widget-container\">\n\t\t\t\t\t\t\t\t\t<p><strong>Zakupy w sklepie internetowym\u00a0KARO Regina Polak\u00a0<\/strong><\/p><p>W sklepie internetowym KARO proces zakupu mo\u017cesz dokona\u0107 jako go\u015b\u0107 oraz u\u017cytkownik zalogowany.<\/p><p>Masz w\u0105tpliwo\u015bci lub pytania? Skontaktuj si\u0119 z nami, nasz numer 501 313 268 lub email\u00a0<a href=\"mailto:kontakt@koszulekaplanskie.com.pl\">kontakt@koszulekaplanskie.com.pl\u00a0<\/a><\/p><p>Aby zakupi\u0107 wybran\u0105 koszule nale\u017cy wybra\u0107 konkretny produkt, dobra\u0107 odpowiedni rozmiar i klikn\u0105\u0107 \u201edodaj do koszyka\u201d. Nast\u0119pnie zostaniemy przeniesieni do \u201ekoszyka\u201d gdzie b\u0119dziemy mogli dokona\u0107 zakupu. Dalej post\u0119pujemy zgodnie z instrukcjami na stronie.<\/p><p>Po dokonaniu zam\u00f3wienia otrzymacie Pa\u0144stwo informacj\u0119 o przyj\u0119ciu zam\u00f3wienia do realizacji.<\/p><p>\u00a0<\/p>\t\t\t\t\t\t\t\t<\/div>\n\t\t\t\t<\/div>\n\t\t\t\t\t<\/div>\n\t\t\t\t<\/div>\n\t\t\t\t<\/div>\n\t\t","protected":false},"excerpt":{"rendered":"<p>Zakupy w sklepie internetowym\u00a0KARO Regina Polak\u00a0 W sklepie internetowym KARO proces zakupu mo\u017cesz dokona\u0107 jako go\u015b\u0107 oraz u\u017cytkownik zalogowany. Masz w\u0105tpliwo\u015bci lub pytania? Skontaktuj si\u0119 z nami, nasz numer 501 313 268 lub email\u00a0kontakt@koszulekaplanskie.com.pl\u00a0 Aby zakupi\u0107 wybran\u0105 koszule nale\u017cy wybra\u0107 konkretny produkt, dobra\u0107 odpowiedni rozmiar i klikn\u0105\u0107 \u201edodaj do koszyka\u201d. Nast\u0119pnie zostaniemy przeniesieni do \u201ekoszyka\u201d&hellip;<\/p>\n","protected":false},"author":1,"featured_media":0,"parent":0,"menu_order":0,"comment_status":"closed","ping_status":"closed","template":"","meta":{"footnotes":""},"class_list":["post-2682","page","type-page","status-publish","hentry"],"yoast_head":"<!-- This site is optimized with the Yoast SEO plugin v27.4 - https:\/\/yoast.com\/product\/yoast-seo-wordpress\/ -->\n<title>Jak kupowa\u0107? - Odzie\u017c dla ksi\u0119\u017cy i duchownych<\/title>\n<meta name=\"description\" content=\"Zapraszamy do zakupu koszul kap\u0142a\u0144skich. Na tej stronie sprawdzisz jakie s\u0105 opcje dostawy, p\u0142atno\u015bci, czas realizacji oraz formy zakupu.\" \/>\n<meta name=\"robots\" content=\"index, follow, max-snippet:-1, max-image-preview:large, max-video-preview:-1\" \/>\n<link rel=\"canonical\" href=\"https:\/\/koszulekaplanskie.com.pl\/?page_id=2682\" \/>\n<meta property=\"og:locale\" content=\"pl_PL\" \/>\n<meta property=\"og:type\" content=\"article\" \/>\n<meta property=\"og:title\" content=\"Jak kupowa\u0107? - Odzie\u017c dla ksi\u0119\u017cy i duchownych\" \/>\n<meta property=\"og:description\" content=\"Zapraszamy do zakupu koszul kap\u0142a\u0144skich. Na tej stronie sprawdzisz jakie s\u0105 opcje dostawy, p\u0142atno\u015bci, czas realizacji oraz formy zakupu.\" \/>\n<meta property=\"og:url\" content=\"https:\/\/koszulekaplanskie.com.pl\/?page_id=2682\" \/>\n<meta property=\"og:site_name\" content=\"Odzie\u017c dla ksi\u0119\u017cy i duchownych\" \/>\n<meta property=\"article:modified_time\" content=\"2024-08-16T11:15:03+00:00\" \/>\n<meta property=\"og:image\" content=\"https:\/\/koszulekaplanskie.com.pl\/wp-content\/uploads\/2024\/07\/karo-logo-2.png\" \/>\n\t<meta property=\"og:image:width\" content=\"260\" \/>\n\t<meta property=\"og:image:height\" content=\"141\" \/>\n\t<meta property=\"og:image:type\" content=\"image\/png\" \/>\n<meta name=\"twitter:card\" content=\"summary_large_image\" \/>\n<meta name=\"twitter:label1\" content=\"Szacowany czas czytania\" \/>\n\t<meta name=\"twitter:data1\" content=\"1 minuta\" \/>\n<script type=\"application\/ld+json\" class=\"yoast-schema-graph\">{\"@context\":\"https:\\\/\\\/schema.org\",\"@graph\":[{\"@type\":\"WebPage\",\"@id\":\"https:\\\/\\\/koszulekaplanskie.com.pl\\\/?page_id=2682\",\"url\":\"https:\\\/\\\/koszulekaplanskie.com.pl\\\/?page_id=2682\",\"name\":\"Jak kupowa\u0107? - Odzie\u017c dla ksi\u0119\u017cy i duchownych\",\"isPartOf\":{\"@id\":\"https:\\\/\\\/koszulekaplanskie.com.pl\\\/#website\"},\"datePublished\":\"2024-06-29T19:48:42+00:00\",\"dateModified\":\"2024-08-16T11:15:03+00:00\",\"description\":\"Zapraszamy do zakupu koszul kap\u0142a\u0144skich. Na tej stronie sprawdzisz jakie s\u0105 opcje dostawy, p\u0142atno\u015bci, czas realizacji oraz formy zakupu.\",\"breadcrumb\":{\"@id\":\"https:\\\/\\\/koszulekaplanskie.com.pl\\\/?page_id=2682#breadcrumb\"},\"inLanguage\":\"pl-PL\",\"potentialAction\":[{\"@type\":\"ReadAction\",\"target\":[\"https:\\\/\\\/koszulekaplanskie.com.pl\\\/?page_id=2682\"]}]},{\"@type\":\"BreadcrumbList\",\"@id\":\"https:\\\/\\\/koszulekaplanskie.com.pl\\\/?page_id=2682#breadcrumb\",\"itemListElement\":[{\"@type\":\"ListItem\",\"position\":1,\"name\":\"Strona g\u0142\u00f3wna\",\"item\":\"https:\\\/\\\/koszulekaplanskie.com.pl\\\/\"},{\"@type\":\"ListItem\",\"position\":2,\"name\":\"Jak kupowa\u0107?\"}]},{\"@type\":\"WebSite\",\"@id\":\"https:\\\/\\\/koszulekaplanskie.com.pl\\\/#website\",\"url\":\"https:\\\/\\\/koszulekaplanskie.com.pl\\\/\",\"name\":\"Koszule Kap\u0142a\u0144skie - KARO Regina Polak\",\"description\":\"Firma KARO prowadzi sprzeda\u017c i szycie koszul kap\u0142a\u0144skich dla ksi\u0119\u017cy\",\"publisher\":{\"@id\":\"https:\\\/\\\/koszulekaplanskie.com.pl\\\/#organization\"},\"alternateName\":\"Koszule Kap\u0142a\u0144skie dla ksi\u0119\u017cy i os\u00f3b duchownych\",\"potentialAction\":[{\"@type\":\"SearchAction\",\"target\":{\"@type\":\"EntryPoint\",\"urlTemplate\":\"https:\\\/\\\/koszulekaplanskie.com.pl\\\/?s={search_term_string}\"},\"query-input\":{\"@type\":\"PropertyValueSpecification\",\"valueRequired\":true,\"valueName\":\"search_term_string\"}}],\"inLanguage\":\"pl-PL\"},{\"@type\":\"Organization\",\"@id\":\"https:\\\/\\\/koszulekaplanskie.com.pl\\\/#organization\",\"name\":\"Koszule Kap\u0142a\u0144skie - KARO Regina Polak\",\"url\":\"https:\\\/\\\/koszulekaplanskie.com.pl\\\/\",\"logo\":{\"@type\":\"ImageObject\",\"inLanguage\":\"pl-PL\",\"@id\":\"https:\\\/\\\/koszulekaplanskie.com.pl\\\/#\\\/schema\\\/logo\\\/image\\\/\",\"url\":\"https:\\\/\\\/koszulekaplanskie.com.pl\\\/wp-content\\\/uploads\\\/2024\\\/07\\\/karo-logo-3.png\",\"contentUrl\":\"https:\\\/\\\/koszulekaplanskie.com.pl\\\/wp-content\\\/uploads\\\/2024\\\/07\\\/karo-logo-3.png\",\"width\":180,\"height\":98,\"caption\":\"Koszule Kap\u0142a\u0144skie - KARO Regina Polak\"},\"image\":{\"@id\":\"https:\\\/\\\/koszulekaplanskie.com.pl\\\/#\\\/schema\\\/logo\\\/image\\\/\"}}]}<\/script>\n<!-- \/ Yoast SEO plugin. -->","yoast_head_json":{"title":"Jak kupowa\u0107? - Odzie\u017c dla ksi\u0119\u017cy i duchownych","description":"Zapraszamy do zakupu koszul kap\u0142a\u0144skich. Na tej stronie sprawdzisz jakie s\u0105 opcje dostawy, p\u0142atno\u015bci, czas realizacji oraz formy zakupu.","robots":{"index":"index","follow":"follow","max-snippet":"max-snippet:-1","max-image-preview":"max-image-preview:large","max-video-preview":"max-video-preview:-1"},"canonical":"https:\/\/koszulekaplanskie.com.pl\/?page_id=2682","og_locale":"pl_PL","og_type":"article","og_title":"Jak kupowa\u0107? - Odzie\u017c dla ksi\u0119\u017cy i duchownych","og_description":"Zapraszamy do zakupu koszul kap\u0142a\u0144skich. Na tej stronie sprawdzisz jakie s\u0105 opcje dostawy, p\u0142atno\u015bci, czas realizacji oraz formy zakupu.","og_url":"https:\/\/koszulekaplanskie.com.pl\/?page_id=2682","og_site_name":"Odzie\u017c dla ksi\u0119\u017cy i duchownych","article_modified_time":"2024-08-16T11:15:03+00:00","og_image":[{"width":260,"height":141,"url":"https:\/\/koszulekaplanskie.com.pl\/wp-content\/uploads\/2024\/07\/karo-logo-2.png","type":"image\/png"}],"twitter_card":"summary_large_image","twitter_misc":{"Szacowany czas czytania":"1 minuta"},"schema":{"@context":"https:\/\/schema.org","@graph":[{"@type":"WebPage","@id":"https:\/\/koszulekaplanskie.com.pl\/?page_id=2682","url":"https:\/\/koszulekaplanskie.com.pl\/?page_id=2682","name":"Jak kupowa\u0107? - Odzie\u017c dla ksi\u0119\u017cy i duchownych","isPartOf":{"@id":"https:\/\/koszulekaplanskie.com.pl\/#website"},"datePublished":"2024-06-29T19:48:42+00:00","dateModified":"2024-08-16T11:15:03+00:00","description":"Zapraszamy do zakupu koszul kap\u0142a\u0144skich. Na tej stronie sprawdzisz jakie s\u0105 opcje dostawy, p\u0142atno\u015bci, czas realizacji oraz formy zakupu.","breadcrumb":{"@id":"https:\/\/koszulekaplanskie.com.pl\/?page_id=2682#breadcrumb"},"inLanguage":"pl-PL","potentialAction":[{"@type":"ReadAction","target":["https:\/\/koszulekaplanskie.com.pl\/?page_id=2682"]}]},{"@type":"BreadcrumbList","@id":"https:\/\/koszulekaplanskie.com.pl\/?page_id=2682#breadcrumb","itemListElement":[{"@type":"ListItem","position":1,"name":"Strona g\u0142\u00f3wna","item":"https:\/\/koszulekaplanskie.com.pl\/"},{"@type":"ListItem","position":2,"name":"Jak kupowa\u0107?"}]},{"@type":"WebSite","@id":"https:\/\/koszulekaplanskie.com.pl\/#website","url":"https:\/\/koszulekaplanskie.com.pl\/","name":"Koszule Kap\u0142a\u0144skie - KARO Regina Polak","description":"Firma KARO prowadzi sprzeda\u017c i szycie koszul kap\u0142a\u0144skich dla ksi\u0119\u017cy","publisher":{"@id":"https:\/\/koszulekaplanskie.com.pl\/#organization"},"alternateName":"Koszule Kap\u0142a\u0144skie dla ksi\u0119\u017cy i os\u00f3b duchownych","potentialAction":[{"@type":"SearchAction","target":{"@type":"EntryPoint","urlTemplate":"https:\/\/koszulekaplanskie.com.pl\/?s={search_term_string}"},"query-input":{"@type":"PropertyValueSpecification","valueRequired":true,"valueName":"search_term_string"}}],"inLanguage":"pl-PL"},{"@type":"Organization","@id":"https:\/\/koszulekaplanskie.com.pl\/#organization","name":"Koszule Kap\u0142a\u0144skie - KARO Regina Polak","url":"https:\/\/koszulekaplanskie.com.pl\/","logo":{"@type":"ImageObject","inLanguage":"pl-PL","@id":"https:\/\/koszulekaplanskie.com.pl\/#\/schema\/logo\/image\/","url":"https:\/\/koszulekaplanskie.com.pl\/wp-content\/uploads\/2024\/07\/karo-logo-3.png","contentUrl":"https:\/\/koszulekaplanskie.com.pl\/wp-content\/uploads\/2024\/07\/karo-logo-3.png","width":180,"height":98,"caption":"Koszule Kap\u0142a\u0144skie - KARO Regina Polak"},"image":{"@id":"https:\/\/koszulekaplanskie.com.pl\/#\/schema\/logo\/image\/"}}]}},"_links":{"self":[{"href":"https:\/\/koszulekaplanskie.com.pl\/index.php?rest_route=\/wp\/v2\/pages\/2682","targetHints":{"allow":["GET"]}}],"collection":[{"href":"https:\/\/koszulekaplanskie.com.pl\/index.php?rest_route=\/wp\/v2\/pages"}],"about":[{"href":"https:\/\/koszulekaplanskie.com.pl\/index.php?rest_route=\/wp\/v2\/types\/page"}],"author":[{"embeddable":true,"href":"https:\/\/koszulekaplanskie.com.pl\/index.php?rest_route=\/wp\/v2\/users\/1"}],"replies":[{"embeddable":true,"href":"https:\/\/koszulekaplanskie.com.pl\/index.php?rest_route=%2Fwp%2Fv2%2Fcomments&post=2682"}],"version-history":[{"count":8,"href":"https:\/\/koszulekaplanskie.com.pl\/index.php?rest_route=\/wp\/v2\/pages\/2682\/revisions"}],"predecessor-version":[{"id":14041,"href":"https:\/\/koszulekaplanskie.com.pl\/index.php?rest_route=\/wp\/v2\/pages\/2682\/revisions\/14041"}],"wp:attachment":[{"href":"https:\/\/koszulekaplanskie.com.pl\/index.php?rest_route=%2Fwp%2Fv2%2Fmedia&parent=2682"}],"curies":[{"name":"wp","href":"https:\/\/api.w.org\/{rel}","templated":true}]}}